{"id":2197,"date":"2023-07-10T14:37:03","date_gmt":"2023-07-10T14:37:03","guid":{"rendered":"https:\/\/triotraducciones.com\/accesibilidad\/"},"modified":"2023-07-11T01:12:19","modified_gmt":"2023-07-11T01:12:19","slug":"accessibility","status":"publish","type":"page","link":"https:\/\/triotraducciones.com\/en\/accessibility\/","title":{"rendered":"Accessibility"},"content":{"rendered":"<div>\n<p>La presente declaraci\u00f3n fue preparada el 10 de julio de 2023.<\/p>\n<p>El m\u00e9todo empleado para preparar la declaraci\u00f3n ha sido una autoevaluaci\u00f3n llevada a cabo por la propia entidad acorde a la normativa vigente.<\/p>\n<p>\u00daltima revisi\u00f3n de la declaraci\u00f3n: 10 de julio de 2023.<\/p>\n<p>TRIO TRADUCCIONES\u00a0 se ha comprometido a hacer accesible su sitio web, de conformidad con el <a class=\"ext\" href=\"https:\/\/www.boe.es\/diario_boe\/txt.php?id=BOE-A-2018-12699\" target=\"_blank\" rel=\"noopener noreferrer\" data-extlink=\"\">Real Decreto 1112\/2018, de 7 de septiembre, sobre accesibilidad de los sitios web y aplicaciones para dispositivos m\u00f3viles del sector p\u00fablico.<\/a><\/p>\n<p>La presente declaraci\u00f3n de accesibilidad se aplica al sitio web https:\/\/triotraducciones.com\/\u00a0<a href=\"https:\/\/www.celmad.com\/\"><\/a><\/p>\n<h2 class=\"h2_title_underlined\">Situaci\u00f3n de cumplimiento<\/h2>\n<p>Este sitio web es conforme con el\u00a0<a class=\"ext\" href=\"https:\/\/www.boe.es\/diario_boe\/txt.php?id=BOE-A-2018-12699\" target=\"_blank\" rel=\"noopener noreferrer\" data-extlink=\"\">RD 1112\/2018<\/a><a class=\"ext\" href=\"https:\/\/www.boe.es\/diario_boe\/txt.php?id=BOE-A-2018-12699\" target=\"_blank\" rel=\"noopener noreferrer\" data-extlink=\"\">.<\/a><\/p>\n<h2 class=\"h2_title_underlined\">Contenido no accesible<\/h2>\n<p>El contenido que se recoge a continuaci\u00f3n no es accesible por lo siguiente:<\/p>\n<h3>Falta de conformidad con el RD 1112\/2018<\/h3>\n<p>La p\u00e1gina web https:\/\/triotraducciones.com\/ cuenta, en la secci\u00f3n Blog, con post de texto sin im\u00e1genes videogr\u00e1ficas en su contenido. No obstante, \u00a0se podr\u00e1n solicitar los documentos accesibles del v\u00eddeo a trav\u00e9s del email: <strong><a href=\"mailto:contacto@triotraducciones.com\">contacto@triotraducciones.com<\/a><\/strong><\/p>\n<h3>Carga desproporcionada<\/h3>\n<p>No aplica.<\/p>\n<h2 class=\"h2_title_underlined\">Preparaci\u00f3n para la siguiente declaraci\u00f3n de accesibilidad<\/h2>\n<p>La presente declaraci\u00f3n fue preparada el 10 de julio de 2023<\/p>\n<p>El m\u00e9todo empleado para preparar la declaraci\u00f3n ha sido una autoevaluaci\u00f3n llevada a cabo por el propio organismo.<\/p>\n<div class=\"mb-3 subtitle_3\">Observaciones y datos de contacto<\/div>\n<p>Puede realizar comunicaciones sobre requisitos de accesibilidad (art\u00edculo 10.2.a del RD 1112\/2018) como, por ejemplo:<\/p>\n<ul>\n<li>Informar sobre cualquier posible incumplimiento por parte de este sitio web<\/li>\n<li>Transmitir otras dificultades de acceso al contenido<\/li>\n<li>Formular cualquier otra consulta o sugerencia de mejora relativa a la accesibilidad del sitio web<\/li>\n<\/ul>\n<p>A trav\u00e9s del\u00a0<a href=\"mailto:contacto@triotraducciones.com\">formulario de contacto<\/a><span>\u00a0<\/span>de este sitio web o a trav\u00e9s del n\u00famero de tel\u00e9fono <strong><a href=\"tel:+34633441170\" target=\"_blank\" rel=\"noopener\">633 44 11 70<\/a><\/strong>.<\/p>\n<p>Puede presentar:<\/p>\n<ul>\n<li>Queja relativa al cumplimiento de los requisitos del RD 1112\/2018 o<\/li>\n<li>Solicitud de Informaci\u00f3n accesible relativa a:\n<ul>\n<li>Contenidos que est\u00e1n excluidos del \u00e1mbito de aplicaci\u00f3n del RD 1112\/2018 seg\u00fan lo establecido por el art\u00edculo 3, apartado 4<\/li>\n<li>Contenidos que est\u00e1n exentos del cumplimiento de los requisitos de accesibilidad por imponer una carga desproporcionada<\/li>\n<\/ul>\n<\/li>\n<\/ul>\n<p>En la Solicitud de informaci\u00f3n accesible, se debe concretar, con toda claridad, los hechos, razones y petici\u00f3n que permitan constatar que se trata de una solicitud razonable y leg\u00edtima.<\/p>\n<p>Las quejas y reclamaciones sobre informaci\u00f3n accesible se realizar\u00e1n a trav\u00e9s del correo electr\u00f3nico <strong><a href=\"mailto:contacto@triotraducciones.com\">contacto@triotraducciones.com<\/a><\/strong> y ser\u00e1n tratadas acorde a la Ley de Protecci\u00f3n de Datos vigente.<\/p>\n<h2 class=\"h2_title_underlined\">Contenido opcional<\/h2>\n<p>Este portal est\u00e1 dise\u00f1ado para poder cambiar el tama\u00f1o del texto y el color, as\u00ed como el fondo de la p\u00e1gina mediante las opciones de configuraci\u00f3n est\u00e1ndar de los navegadores.<\/p>\n<p>Si desea cambiar el tama\u00f1o de letra del texto en los principales navegadores gr\u00e1ficos utilice los siguientes men\u00fas:<\/p>\n<ul>\n<li>Firefox: Zoom<\/li>\n<li>Microsoft Edge: Zoom<\/li>\n<li>Google Chrome: Zoom<\/li>\n<li>Safari: Zoom<\/li>\n<li>Opera: Zoom<\/li>\n<li>Brave: Zoom<\/li>\n<li>Browzar: Zoom<\/li>\n<li>Internet Explorer: Zoom<\/li>\n<li>Windows: Zoom<\/li>\n<li>Maxthon: Zoom<\/li>\n<li>Vivaldi: Zoom<\/li>\n<li>Para modificar el tama\u00f1o de todo en la p\u00e1gina:\n<ul>\n<li>Ctrl + + para aumentarlo<\/li>\n<li>Ctrl + \u2013 para disminuirlo<\/li>\n<li>Ctrl + 0 restaura el tama\u00f1o original del texto<\/li>\n<li>Si lo que quiere es anular la hoja de estilos o modificar el color del texto, puede consultar la p\u00e1gina\u00a0<span lang=\"en\">How to Change Text Size or Colors de la WAI<\/span>, que se puede leer traducida al espa\u00f1ol en \u00bfC\u00f3mo cambiar el tama\u00f1o del texto o colores?11<\/li>\n<\/ul>\n<\/li>\n<\/ul>\n<\/div>\n<p><!--more--><br \/>\n<!-- {\"type\":\"layout\",\"children\":[{\"type\":\"section\",\"props\":{\"image_position\":\"center-center\",\"style\":\"default\",\"title_breakpoint\":\"xl\",\"title_position\":\"top-left\",\"title_rotation\":\"left\",\"vertical_align\":\"middle\",\"width\":\"default\"},\"children\":[{\"type\":\"row\",\"children\":[{\"type\":\"column\",\"props\":{\"image_position\":\"center-center\",\"position_sticky_breakpoint\":\"m\"},\"children\":[{\"type\":\"text\",\"props\":{\"column_breakpoint\":\"m\",\"content\":\"\n\n<p>La presente declaraci\\u00f3n fue preparada el 10 de julio de 2023.<\\\/p>\\n\n\n<p>El m\\u00e9todo empleado para preparar la declaraci\\u00f3n ha sido una autoevaluaci\\u00f3n llevada a cabo por la propia entidad acorde a la normativa vigente.<\\\/p>\\n\n\n<p>\\u00daltima revisi\\u00f3n de la declaraci\\u00f3n: 10 de julio de 2023.<\\\/p>\\n\n\n<p>TRIO TRADUCCIONES\\u00a0 se ha comprometido a hacer accesible su sitio web, de conformidad con el <a class=\\\"ext\\\" href=\\\"https:\\\/\\\/www.boe.es\\\/diario_boe\\\/txt.php?id=BOE-A-2018-12699\\\" target=\\\"_blank\\\" rel=\\\"noopener noreferrer\\\" data-extlink=\\\"\\\">Real Decreto 1112\\\/2018, de 7 de septiembre, sobre accesibilidad de los sitios web y aplicaciones para dispositivos m\\u00f3viles del sector p\\u00fablico.<\\\/a><\\\/p>\\n\n\n<p>La presente declaraci\\u00f3n de accesibilidad se aplica al sitio web https:\\\/\\\/triotraducciones.com\\\/\\u00a0<a href=\\\"https:\\\/\\\/www.celmad.com\\\/\\\"><\\\/a><\\\/p>\\n\n\n<h2 class=\\\"h2_title_underlined\\\">Situaci\\u00f3n de cumplimiento<\\\/h2>\\n\n\n<p>Este sitio web es conforme con el\\u00a0<a class=\\\"ext\\\" href=\\\"https:\\\/\\\/www.boe.es\\\/diario_boe\\\/txt.php?id=BOE-A-2018-12699\\\" target=\\\"_blank\\\" rel=\\\"noopener noreferrer\\\" data-extlink=\\\"\\\">RD 1112\\\/2018<\\\/a><a class=\\\"ext\\\" href=\\\"https:\\\/\\\/www.boe.es\\\/diario_boe\\\/txt.php?id=BOE-A-2018-12699\\\" target=\\\"_blank\\\" rel=\\\"noopener noreferrer\\\" data-extlink=\\\"\\\">.<\\\/a><\\\/p>\\n\n\n<h2 class=\\\"h2_title_underlined\\\">Contenido no accesible<\\\/h2>\\n\n\n<p>El contenido que se recoge a continuaci\\u00f3n no es accesible por lo siguiente:<\\\/p>\\n\n\n<h3>Falta de conformidad con el RD 1112\\\/2018<\\\/h3>\\n\n\n<p>La p\\u00e1gina web https:\\\/\\\/triotraducciones.com\\\/ cuenta, en la secci\\u00f3n Blog, con post de texto sin im\\u00e1genes videogr\\u00e1ficas en su contenido. No obstante, \\u00a0se podr\\u00e1n solicitar los documentos accesibles del v\\u00eddeo a trav\\u00e9s del email: <strong><a href=\\\"mailto:contacto@triotraducciones.com\\\">contacto@triotraducciones.com<\\\/a><\\\/strong><\\\/p>\\n\n\n<h3>Carga desproporcionada<\\\/h3>\\n\n\n<p>No aplica.<\\\/p>\\n\n\n<h2 class=\\\"h2_title_underlined\\\">Preparaci\\u00f3n para la siguiente declaraci\\u00f3n de accesibilidad<\\\/h2>\\n\n\n<p>La presente declaraci\\u00f3n fue preparada el 10 de julio de 2023<\\\/p>\\n\n\n<p>El m\\u00e9todo empleado para preparar la declaraci\\u00f3n ha sido una autoevaluaci\\u00f3n llevada a cabo por el propio organismo.<\\\/p>\\n\n\n<div class=\\\"mb-3 subtitle_3\\\">Observaciones y datos de contacto<\\\/div>\\n\n\n<p>Puede realizar comunicaciones sobre requisitos de accesibilidad (art\\u00edculo 10.2.a del RD 1112\\\/2018) como, por ejemplo:<\\\/p>\\n\n\n<ul>\\n\n\n<li>Informar sobre cualquier posible incumplimiento por parte de este sitio web<\\\/li>\\n\n\n<li>Transmitir otras dificultades de acceso al contenido<\\\/li>\\n\n\n<li>Formular cualquier otra consulta o sugerencia de mejora relativa a la accesibilidad del sitio web<\\\/li>\\n<\\\/ul>\\n\n\n<p>A trav\\u00e9s del\\u00a0<a href=\\\"mailto:contacto@triotraducciones.com\\\">formulario de contacto<\\\/a><span>\\u00a0<\\\/span>de este sitio web o a trav\\u00e9s del n\\u00famero de tel\\u00e9fono <strong><a href=\\\"tel:+34633441170\\\" target=\\\"_blank\\\" rel=\\\"noopener\\\">633 44 11 70<\\\/a><\\\/strong>.<\\\/p>\\n\n\n<p>Puede presentar:<\\\/p>\\n\n\n<ul>\\n\n\n<li>Queja relativa al cumplimiento de los requisitos del RD 1112\\\/2018 o<\\\/li>\\n\n\n<li>Solicitud de Informaci\\u00f3n accesible relativa a:\\n\n\n<ul>\\n\n\n<li>Contenidos que est\\u00e1n excluidos del \\u00e1mbito de aplicaci\\u00f3n del RD 1112\\\/2018 seg\\u00fan lo establecido por el art\\u00edculo 3, apartado 4<\\\/li>\\n\n\n<li>Contenidos que est\\u00e1n exentos del cumplimiento de los requisitos de accesibilidad por imponer una carga desproporcionada<\\\/li>\\n<\\\/ul>\\n<\\\/li>\\n<\\\/ul>\\n\n\n<p>En la Solicitud de informaci\\u00f3n accesible, se debe concretar, con toda claridad, los hechos, razones y petici\\u00f3n que permitan constatar que se trata de una solicitud razonable y leg\\u00edtima.<\\\/p>\\n\n\n<p>Las quejas y reclamaciones sobre informaci\\u00f3n accesible se realizar\\u00e1n a trav\\u00e9s del correo electr\\u00f3nico <strong><a href=\\\"mailto:contacto@triotraducciones.com\\\">contacto@triotraducciones.com<\\\/a><\\\/strong> y ser\\u00e1n tratadas acorde a la Ley de Protecci\\u00f3n de Datos vigente.<\\\/p>\\n\n\n<h2 class=\\\"h2_title_underlined\\\">Contenido opcional<\\\/h2>\\n\n\n<p>Este portal est\\u00e1 dise\\u00f1ado para poder cambiar el tama\\u00f1o del texto y el color, as\\u00ed como el fondo de la p\\u00e1gina mediante las opciones de configuraci\\u00f3n est\\u00e1ndar de los navegadores.<\\\/p>\\n\n\n<p>Si desea cambiar el tama\\u00f1o de letra del texto en los principales navegadores gr\\u00e1ficos utilice los siguientes men\\u00fas:<\\\/p>\\n\n\n<ul>\\n\n\n<li>Firefox: Zoom<\\\/li>\\n\n\n<li>Microsoft Edge: Zoom<\\\/li>\\n\n\n<li>Google Chrome: Zoom<\\\/li>\\n\n\n<li>Safari: Zoom<\\\/li>\\n\n\n<li>Opera: Zoom<\\\/li>\\n\n\n<li>Brave: Zoom<\\\/li>\\n\n\n<li>Browzar: Zoom<\\\/li>\\n\n\n<li>Internet Explorer: Zoom<\\\/li>\\n\n\n<li>Windows: Zoom<\\\/li>\\n\n\n<li>Maxthon: Zoom<\\\/li>\\n\n\n<li>Vivaldi: Zoom<\\\/li>\\n\n\n<li>Para modificar el tama\\u00f1o de todo en la p\\u00e1gina:\\n\n\n<ul>\\n\n\n<li>Ctrl + + para aumentarlo<\\\/li>\\n\n\n<li>Ctrl + \\u2013 para disminuirlo<\\\/li>\\n\n\n<li>Ctrl + 0 restaura el tama\\u00f1o original del texto<\\\/li>\\n\n\n<li>Si lo que quiere es anular la hoja de estilos o modificar el color del texto, puede consultar la p\\u00e1gina\\u00a0<span lang=\\\"en\\\">How to Change Text Size or Colors de la WAI<\\\/span>, que se puede leer traducida al espa\\u00f1ol en \\u00bfC\\u00f3mo cambiar el tama\\u00f1o del texto o colores?11<\\\/li>\\n<\\\/ul>\\n<\\\/li>\\n<\\\/ul>\",\"margin\":\"default\"}}]}]}]}],\"version\":\"4.0.7\"} --><\/p>\n","protected":false},"excerpt":{"rendered":"<p>La presente declaraci\u00f3n fue preparada el 10 de julio de 2023. El m\u00e9todo empleado para preparar la declaraci\u00f3n ha sido una autoevaluaci\u00f3n llevada a cabo por la propia entidad acorde a la normativa vigente. \u00daltima revisi\u00f3n de la declaraci\u00f3n: 10 de julio de 2023. TRIO TRADUCCIONES\u00a0 se ha comprometido a hacer accesible su sitio web, [&hellip;]<\/p>\n","protected":false},"author":1,"featured_media":0,"parent":0,"menu_order":0,"comment_status":"closed","ping_status":"closed","template":"","meta":{"footnotes":""},"class_list":["post-2197","page","type-page","status-publish","hentry"],"acf":[],"yoast_head":"<!-- This site is optimized with the Yoast SEO plugin v20.9 - https:\/\/yoast.com\/wordpress\/plugins\/seo\/ -->\n<title>Accessibility - Trio Traducciones<\/title>\n<meta name=\"robots\" content=\"index, follow, max-snippet:-1, max-image-preview:large, max-video-preview:-1\" \/>\n<link rel=\"canonical\" href=\"https:\/\/triotraducciones.com\/en\/accessibility\/\" \/>\n<meta property=\"og:locale\" content=\"en_US\" \/>\n<meta property=\"og:type\" content=\"article\" \/>\n<meta property=\"og:title\" content=\"Accessibility - Trio Traducciones\" \/>\n<meta property=\"og:description\" content=\"La presente declaraci\u00f3n fue preparada el 10 de julio de 2023. El m\u00e9todo empleado para preparar la declaraci\u00f3n ha sido una autoevaluaci\u00f3n llevada a cabo por la propia entidad acorde a la normativa vigente. \u00daltima revisi\u00f3n de la declaraci\u00f3n: 10 de julio de 2023. TRIO TRADUCCIONES\u00a0 se ha comprometido a hacer accesible su sitio web, [&hellip;]\" \/>\n<meta property=\"og:url\" content=\"https:\/\/triotraducciones.com\/en\/accessibility\/\" \/>\n<meta property=\"og:site_name\" content=\"Trio Traducciones\" \/>\n<meta property=\"article:modified_time\" content=\"2023-07-11T01:12:19+00:00\" \/>\n<meta name=\"twitter:card\" content=\"summary_large_image\" \/>\n<meta name=\"twitter:label1\" content=\"Est. reading time\" \/>\n\t<meta name=\"twitter:data1\" content=\"6 minutes\" \/>\n<script type=\"application\/ld+json\" class=\"yoast-schema-graph\">{\"@context\":\"https:\/\/schema.org\",\"@graph\":[{\"@type\":\"WebPage\",\"@id\":\"https:\/\/triotraducciones.com\/en\/accessibility\/\",\"url\":\"https:\/\/triotraducciones.com\/en\/accessibility\/\",\"name\":\"Accessibility - Trio Traducciones\",\"isPartOf\":{\"@id\":\"https:\/\/triotraducciones.com\/#website\"},\"datePublished\":\"2023-07-10T14:37:03+00:00\",\"dateModified\":\"2023-07-11T01:12:19+00:00\",\"breadcrumb\":{\"@id\":\"https:\/\/triotraducciones.com\/en\/accessibility\/#breadcrumb\"},\"inLanguage\":\"en-US\",\"potentialAction\":[{\"@type\":\"ReadAction\",\"target\":[\"https:\/\/triotraducciones.com\/en\/accessibility\/\"]}]},{\"@type\":\"BreadcrumbList\",\"@id\":\"https:\/\/triotraducciones.com\/en\/accessibility\/#breadcrumb\",\"itemListElement\":[{\"@type\":\"ListItem\",\"position\":1,\"name\":\"Portada\",\"item\":\"https:\/\/triotraducciones.com\/en\/\"},{\"@type\":\"ListItem\",\"position\":2,\"name\":\"Accessibility\"}]},{\"@type\":\"WebSite\",\"@id\":\"https:\/\/triotraducciones.com\/#website\",\"url\":\"https:\/\/triotraducciones.com\/\",\"name\":\"Trio Traducciones\",\"description\":\"\",\"potentialAction\":[{\"@type\":\"SearchAction\",\"target\":{\"@type\":\"EntryPoint\",\"urlTemplate\":\"https:\/\/triotraducciones.com\/?s={search_term_string}\"},\"query-input\":\"required name=search_term_string\"}],\"inLanguage\":\"en-US\"}]}<\/script>\n<!-- \/ Yoast SEO plugin. -->","yoast_head_json":{"title":"Accessibility - Trio Traducciones","robots":{"index":"index","follow":"follow","max-snippet":"max-snippet:-1","max-image-preview":"max-image-preview:large","max-video-preview":"max-video-preview:-1"},"canonical":"https:\/\/triotraducciones.com\/en\/accessibility\/","og_locale":"en_US","og_type":"article","og_title":"Accessibility - Trio Traducciones","og_description":"La presente declaraci\u00f3n fue preparada el 10 de julio de 2023. El m\u00e9todo empleado para preparar la declaraci\u00f3n ha sido una autoevaluaci\u00f3n llevada a cabo por la propia entidad acorde a la normativa vigente. \u00daltima revisi\u00f3n de la declaraci\u00f3n: 10 de julio de 2023. TRIO TRADUCCIONES\u00a0 se ha comprometido a hacer accesible su sitio web, [&hellip;]","og_url":"https:\/\/triotraducciones.com\/en\/accessibility\/","og_site_name":"Trio Traducciones","article_modified_time":"2023-07-11T01:12:19+00:00","twitter_card":"summary_large_image","twitter_misc":{"Est. reading time":"6 minutes"},"schema":{"@context":"https:\/\/schema.org","@graph":[{"@type":"WebPage","@id":"https:\/\/triotraducciones.com\/en\/accessibility\/","url":"https:\/\/triotraducciones.com\/en\/accessibility\/","name":"Accessibility - Trio Traducciones","isPartOf":{"@id":"https:\/\/triotraducciones.com\/#website"},"datePublished":"2023-07-10T14:37:03+00:00","dateModified":"2023-07-11T01:12:19+00:00","breadcrumb":{"@id":"https:\/\/triotraducciones.com\/en\/accessibility\/#breadcrumb"},"inLanguage":"en-US","potentialAction":[{"@type":"ReadAction","target":["https:\/\/triotraducciones.com\/en\/accessibility\/"]}]},{"@type":"BreadcrumbList","@id":"https:\/\/triotraducciones.com\/en\/accessibility\/#breadcrumb","itemListElement":[{"@type":"ListItem","position":1,"name":"Portada","item":"https:\/\/triotraducciones.com\/en\/"},{"@type":"ListItem","position":2,"name":"Accessibility"}]},{"@type":"WebSite","@id":"https:\/\/triotraducciones.com\/#website","url":"https:\/\/triotraducciones.com\/","name":"Trio Traducciones","description":"","potentialAction":[{"@type":"SearchAction","target":{"@type":"EntryPoint","urlTemplate":"https:\/\/triotraducciones.com\/?s={search_term_string}"},"query-input":"required name=search_term_string"}],"inLanguage":"en-US"}]}},"_links":{"self":[{"href":"https:\/\/triotraducciones.com\/en\/wp-json\/wp\/v2\/pages\/2197","targetHints":{"allow":["GET"]}}],"collection":[{"href":"https:\/\/triotraducciones.com\/en\/wp-json\/wp\/v2\/pages"}],"about":[{"href":"https:\/\/triotraducciones.com\/en\/wp-json\/wp\/v2\/types\/page"}],"author":[{"embeddable":true,"href":"https:\/\/triotraducciones.com\/en\/wp-json\/wp\/v2\/users\/1"}],"replies":[{"embeddable":true,"href":"https:\/\/triotraducciones.com\/en\/wp-json\/wp\/v2\/comments?post=2197"}],"version-history":[{"count":2,"href":"https:\/\/triotraducciones.com\/en\/wp-json\/wp\/v2\/pages\/2197\/revisions"}],"predecessor-version":[{"id":2202,"href":"https:\/\/triotraducciones.com\/en\/wp-json\/wp\/v2\/pages\/2197\/revisions\/2202"}],"wp:attachment":[{"href":"https:\/\/triotraducciones.com\/en\/wp-json\/wp\/v2\/media?parent=2197"}],"curies":[{"name":"wp","href":"https:\/\/api.w.org\/{rel}","templated":true}]}}