{"id":1372,"date":"2019-09-06T14:59:51","date_gmt":"2019-09-06T14:59:51","guid":{"rendered":"https:\/\/triotraducciones.com\/?page_id=1372"},"modified":"2023-07-10T15:43:10","modified_gmt":"2023-07-10T15:43:10","slug":"home","status":"publish","type":"page","link":"https:\/\/triotraducciones.com\/fr\/","title":{"rendered":"Home"},"content":{"rendered":"<ul>\n<li>\n        <a href=\"\/fr\/devis\/\">Demandez votre devis<\/a>\n    <\/li>\n<li>\n        <a href=\"\/fr\/contactez-nous\/\">Contactez-nous<\/a>\n    <\/li>\n<\/ul>\n<div>\n<p><strong>Trio Traducciones<\/strong><span>\u00a0est une agence de traduction situ\u00e9e \u00e0 Madrid qui offre des services professionnels de traduction et de r\u00e9vision de tout type de textes, traductions asserment\u00e9es et interpr\u00e9tation de toutes les langues.<\/span><\/p>\n<\/div>\n<p><img decoding=\"async\" src=\"\/wp-content\/uploads\/2023\/05\/company-coworkers-discussing-ideas-and-QZ8NGDB.jpg\" alt=\"\"><\/p>\n<h1>Agence de traduction \u00e0 Madrid<\/h1>\n<div>\n<p>Nous avons fond\u00e9 notre agence de traduction en 2009, avec la claire vocation d&rsquo;offrir la meilleure qualit\u00e9 au meilleur prix \u00e0 nos clients du monde entier. Notre \u00e9quipe est compos\u00e9e de chefs de projet qui travaillent comme traducteurs-interpr\u00e8tes et relecteurs asserment\u00e9s.<\/p>\n<p>De plus, nous collaborons au quotidien avec un r\u00e9seau de traducteurs et d&rsquo;interpr\u00e8tes ayant une formation sp\u00e9cifique et une grande exp\u00e9rience, en qui nous avons pleinement confiance. Nous offrons \u00e0 nos clients un traitement personnalis\u00e9, car notre priorit\u00e9 est de garantir le plus grand s\u00e9rieux et confidentialit\u00e9. Vous pouvez contacter notre agence de traduction par t\u00e9l\u00e9phone, email ou WhatsApp, ce sera un plaisir de vous aider.<\/p>\n<\/div>\n<p>\n    <a href=\"\/fr\/qui-sommes-nous\/\">Plus d&rsquo;informations<\/a>\n<\/p>\n<h2>NOS SERVICES<\/h2>\n<ul>\n<li>\n<p>        <img decoding=\"async\" src=\"\/wp-content\/uploads\/2023\/05\/united-kingdom.svg\" alt=\"\"><\/p>\n<h2>Traductions asserment\u00e9es en anglais<\/h2>\n<div>\n<p>Les traductions asserment\u00e9es en anglais sont n\u00e9cessaires pour la traduction de la documentation officielle, des trait\u00e9s et accords internationaux, ainsi que d&rsquo;autres textes r\u00e9dig\u00e9s en anglais dont la publication en espagnol est obligatoire ou vice versa.<\/p>\n<\/div>\n<p><a href=\"\/fr\/traductions-assermentees\/anglais\/\"><span uk-icon=\"icon: arrow-right; ratio: 1.4\"><\/span><\/a><\/p>\n<\/li>\n<li>\n<p>        <img decoding=\"async\" src=\"\/wp-content\/uploads\/2023\/05\/france.svg\" alt=\"\"><\/p>\n<h2>Traductions asserment\u00e9es en fran\u00e7ais<\/h2>\n<div>\n<p>Des traductions asserment\u00e9es en fran\u00e7ais sont n\u00e9cessaires pour la pr\u00e9sentation aux organes comp\u00e9tents qui le demandent (avec le fran\u00e7ais comme langue officielle) de la documentation officielle, des trait\u00e9s et accords internationaux, ainsi que d&rsquo;autres textes r\u00e9dig\u00e9s en espagnol.<\/p>\n<\/div>\n<p><a href=\"\/fr\/traductions-assermentees\/francais\/\"><span uk-icon=\"icon: arrow-right; ratio: 1.4\"><\/span><\/a><\/p>\n<\/li>\n<li>\n<p>        <img decoding=\"async\" src=\"\/wp-content\/uploads\/2023\/05\/languages.svg\" alt=\"\"><\/p>\n<h2>Traductions asserment\u00e9es <\/h2>\n<div>\n<p>Nous r\u00e9alisons des traductions asserment\u00e9es officielles dans toutes les langues, qui porteront l&rsquo;attestation, la signature et le sceau d&rsquo;un traducteur-interpr\u00e8te asserment\u00e9 de la langue correspondante, afin qu&rsquo;elles prennent effet devant les autorit\u00e9s comp\u00e9tentes. Le traducteur-interpr\u00e8te asserment\u00e9 atteste de la v\u00e9racit\u00e9 de la traduction du document.<\/p>\n<\/div>\n<p><a href=\"\/fr\/traductions-assermentees\/\"><span uk-icon=\"icon: arrow-right; ratio: 1.4\"><\/span><\/a><\/p>\n<\/li>\n<\/ul>\n<h2>\n<p class=\"MsoNormal\">DEMANDEZ VOTRE DEVIS SANS ENGAGEMENT<o:p><\/o:p><\/p>\n<\/h2>\n<div>\n<p>Chez Trio Traducciones, nous voulons vous offrir la meilleure proposition con\u00e7ue sp\u00e9cialement pour vous<\/p>\n<\/div>\n<p>\n    <a href=\"\/fr\/devis\/\">Ici<\/a>\n<\/p>\n<p><!--more--><br \/>\n<!-- {\"type\":\"layout\",\"children\":[{\"name\":\"Hero\",\"type\":\"section\",\"props\":{\"animation\":\"slide-bottom-medium\",\"animation_delay\":\"200\",\"header_transparent\":\"light\",\"header_transparent_noplaceholder\":true,\"image\":\"wp-content\\\/uploads\\\/2023\\\/06\\\/home-bg-01-1.svg\",\"image_loading\":true,\"image_parallax_bgy\":\"170,0\",\"image_position\":\"bottom-center\",\"image_size\":\"cover\",\"overlap\":false,\"padding\":\"large\",\"padding_remove_bottom\":true,\"padding_remove_top\":false,\"style\":\"default\",\"title_breakpoint\":\"xl\",\"title_position\":\"top-left\",\"title_rotation\":\"left\",\"vertical_align\":\"middle\",\"width\":\"default\"},\"children\":[{\"type\":\"row\",\"props\":{\"margin\":\"medium\",\"margin_remove_bottom\":true,\"margin_remove_top\":false,\"vertical_align\":false},\"children\":[{\"type\":\"column\",\"props\":{\"image_height\":\"220\",\"image_parallax_bgy\":\"230,0\",\"image_position\":\"bottom-right\",\"image_width\":\"220\",\"position_sticky_breakpoint\":\"m\",\"text_color\":\"light\",\"width_medium\":\"1-1\"},\"children\":[{\"type\":\"button\",\"props\":{\"block_align\":\"center\",\"class\":\"homeppto\",\"grid_column_gap\":\"\",\"grid_row_gap\":\"\",\"margin\":\"remove-vertical\",\"text_align\":\"center\",\"text_align_breakpoint\":\"m\",\"text_align_fallback\":\"center\"},\"children\":[{\"type\":\"button_item\",\"props\":{\"button_style\":\"default\",\"content\":\"Demandez votre devis\",\"icon\":\"\",\"icon_align\":\"right\",\"link\":\"fr\\\/devis\\\/\"}},{\"type\":\"button_item\",\"props\":{\"button_style\":\"primary\",\"content\":\"Contactez-nous\",\"icon_align\":\"left\",\"link\":\"fr\\\/contactez-nous\\\/\"}}]},{\"type\":\"text\",\"props\":{\"block_align\":\"center\",\"column_breakpoint\":\"m\",\"content\":\"\n\n<p><strong>Trio Traducciones<\\\/strong><span>\\u00a0est une agence de traduction situ\\u00e9e \\u00e0 Madrid qui offre des services professionnels de traduction et de r\\u00e9vision de tout type de textes, traductions asserment\\u00e9es et interpr\\u00e9tation de toutes les langues.<\\\/span><\\\/p>\",\"margin\":\"medium\",\"maxwidth\":\"2xlarge\",\"text_align\":\"center\",\"text_color\":\"primary\"}},{\"type\":\"image\",\"props\":{\"image\":\"wp-content\\\/uploads\\\/2023\\\/05\\\/company-coworkers-discussing-ideas-and-QZ8NGDB.jpg\",\"image_border\":\"rounded\",\"image_box_shadow\":\"medium\",\"image_box_shadow_bottom\":false,\"image_loading\":true,\"image_svg_color\":\"emphasis\",\"image_width\":\"1100\",\"margin\":\"large\",\"margin_remove_top\":false,\"text_align\":\"center\",\"text_align_fallback\":\"center\"}}]}]}]},{\"name\":\"features\",\"type\":\"section\",\"props\":{\"animation\":\"slide-bottom\",\"animation_delay\":\"200\",\"id\":\"features\",\"image_position\":\"center-center\",\"padding\":\"large\",\"padding_remove_top\":false,\"style\":\"default\",\"title_breakpoint\":\"xl\",\"title_position\":\"top-left\",\"title_rotation\":\"left\",\"vertical_align\":\"middle\",\"width\":\"default\"},\"children\":[{\"type\":\"row\",\"props\":{\"column_gap\":\"large\",\"margin\":\"medium\",\"row_gap\":\"large\",\"vertical_align\":true,\"width\":\"default\"},\"children\":[{\"type\":\"column\",\"props\":{\"image_effect\":\"parallax\",\"image_height\":\"330\",\"image_parallax_bgy\":\"170,0\",\"image_parallax_easing\":\"1\",\"image_position\":\"center-left\",\"image_width\":\"330\",\"media_visibility\":\"m\",\"position_sticky_breakpoint\":\"m\",\"vertical_align\":\"middle\"},\"children\":[{\"type\":\"headline\",\"props\":{\"content\":\"Agence de traduction \\u00e0 Madrid\",\"text_align\":\"center\",\"title_color\":\"primary\",\"title_element\":\"h1\",\"title_style\":\"heading-medium\"}},{\"type\":\"text\",\"props\":{\"block_align\":\"center\",\"column_breakpoint\":\"m\",\"content\":\"\n\n<p>Nous avons fond\\u00e9 notre agence de traduction en 2009, avec la claire vocation d'offrir la meilleure qualit\\u00e9 au meilleur prix \\u00e0 nos clients du monde entier. Notre \\u00e9quipe est compos\\u00e9e de chefs de projet qui travaillent comme traducteurs-interpr\\u00e8tes et relecteurs asserment\\u00e9s.<\\\/p>\\n\n\n<p>De plus, nous collaborons au quotidien avec un r\\u00e9seau de traducteurs et d'interpr\\u00e8tes ayant une formation sp\\u00e9cifique et une grande exp\\u00e9rience, en qui nous avons pleinement confiance. Nous offrons \\u00e0 nos clients un traitement personnalis\\u00e9, car notre priorit\\u00e9 est de garantir le plus grand s\\u00e9rieux et confidentialit\\u00e9. Vous pouvez contacter notre agence de traduction par t\\u00e9l\\u00e9phone, email ou WhatsApp, ce sera un plaisir de vous aider.<\\\/p>\",\"margin\":\"medium\",\"text_align\":\"left\",\"text_align_breakpoint\":\"m\",\"text_align_fallback\":\"center\"}},{\"type\":\"button\",\"props\":{\"block_align\":\"center\",\"grid_column_gap\":\"\",\"grid_row_gap\":\"\",\"margin\":\"large\",\"text_align\":\"center\",\"text_align_breakpoint\":\"m\",\"text_align_fallback\":\"center\"},\"children\":[{\"type\":\"button_item\",\"props\":{\"button_style\":\"primary\",\"content\":\"Plus d'informations\",\"icon\":\"arrow-right\",\"icon_align\":\"right\",\"link\":\"fr\\\/qui-sommes-nous\\\/\"}}]}]}]},{\"type\":\"row\",\"children\":[{\"type\":\"column\",\"props\":{\"image_position\":\"center-center\",\"position_sticky_breakpoint\":\"m\"}}]}]},{\"name\":\"Call to Action\",\"type\":\"section\",\"props\":{\"image\":\"wp-content\\\/uploads\\\/2023\\\/05\\\/msmk.jpg\",\"image_position\":\"center-center\",\"media_overlay\":\"#F3F3F3\",\"padding_remove_top\":false,\"style\":\"default\",\"title_breakpoint\":\"xl\",\"title_position\":\"top-left\",\"title_rotation\":\"left\",\"vertical_align\":\"middle\",\"width\":\"default\"},\"children\":[{\"type\":\"row\",\"children\":[{\"type\":\"column\",\"props\":{\"image_position\":\"center-center\",\"position_sticky_breakpoint\":\"m\",\"width_medium\":\"1-1\"},\"children\":[{\"type\":\"headline\",\"props\":{\"block_align\":\"center\",\"content\":\"NOS SERVICES\",\"text_align\":\"center\",\"text_align_breakpoint\":\"m\",\"text_align_fallback\":\"center\",\"title_color\":\"primary\",\"title_element\":\"h2\",\"title_style\":\"h2\"}},{\"name\":\"Grid Tile Checked\",\"type\":\"grid\",\"children\":[{\"type\":\"grid_item\",\"props\":{\"content\":\"\n\n<p>Les traductions asserment\\u00e9es en anglais sont n\\u00e9cessaires pour la traduction de la documentation officielle, des trait\\u00e9s et accords internationaux, ainsi que d'autres textes r\\u00e9dig\\u00e9s en anglais dont la publication en espagnol est obligatoire ou vice versa.<\\\/p>\",\"image\":\"wp-content\\\/uploads\\\/2023\\\/05\\\/united-kingdom.svg\",\"link\":\"fr\\\/traductions-assermentees\\\/anglais\\\/\",\"title\":\"Traductions asserment\\u00e9es en anglais\"}},{\"type\":\"grid_item\",\"props\":{\"content\":\"\n\n<p>Des traductions asserment\\u00e9es en fran\\u00e7ais sont n\\u00e9cessaires pour la pr\\u00e9sentation aux organes comp\\u00e9tents qui le demandent (avec le fran\\u00e7ais comme langue officielle) de la documentation officielle, des trait\\u00e9s et accords internationaux, ainsi que d'autres textes r\\u00e9dig\\u00e9s en espagnol.<\\\/p>\",\"image\":\"wp-content\\\/uploads\\\/2023\\\/05\\\/france.svg\",\"link\":\"fr\\\/traductions-assermentees\\\/francais\\\/\",\"title\":\"Traductions asserment\\u00e9es en fran\\u00e7ais\"}},{\"type\":\"grid_item\",\"props\":{\"content\":\"\n\n<p>Nous r\\u00e9alisons des traductions asserment\\u00e9es officielles dans toutes les langues, qui porteront l'attestation, la signature et le sceau d'un traducteur-interpr\\u00e8te asserment\\u00e9 de la langue correspondante, afin qu'elles prennent effet devant les autorit\\u00e9s comp\\u00e9tentes. Le traducteur-interpr\\u00e8te asserment\\u00e9 atteste de la v\\u00e9racit\\u00e9 de la traduction du document.<\\\/p>\",\"image\":\"wp-content\\\/uploads\\\/2023\\\/05\\\/languages.svg\",\"link\":\"fr\\\/traductions-assermentees\\\/\",\"title\":\"Traductions asserment\\u00e9es \"}}],\"props\":{\"content_column_breakpoint\":\"m\",\"filter_align\":\"left\",\"filter_all\":true,\"filter_grid_breakpoint\":\"m\",\"filter_grid_width\":\"auto\",\"filter_position\":\"top\",\"filter_style\":\"tab\",\"grid_column_gap\":\"collapse\",\"grid_default\":\"1\",\"grid_medium\":\"3\",\"grid_row_gap\":\"collapse\",\"grid_small\":\"2\",\"icon_width\":80,\"image_align\":\"top\",\"image_grid_breakpoint\":\"m\",\"image_grid_width\":\"1-2\",\"image_height\":\"68\",\"image_svg_color\":\"emphasis\",\"image_svg_inline\":false,\"image_width\":\"68\",\"item_animation\":true,\"link_margin\":\"medium\",\"link_style\":\"default\",\"link_text\":\"<span uk-icon=\\\"icon: arrow-right; ratio: 1.4\\\"><\\\/span>\",\"margin\":\"large\",\"margin_remove_top\":false,\"meta_align\":\"below-title\",\"meta_element\":\"div\",\"meta_style\":\"text-meta\",\"panel_link\":true,\"panel_padding\":\"large\",\"panel_style\":\"tile-checked\",\"parallax_easing\":\"1\",\"position\":\"relative\",\"position_z_index\":\"1\",\"show_content\":true,\"show_image\":true,\"show_link\":true,\"show_meta\":true,\"show_title\":true,\"title_align\":\"top\",\"title_color\":\"primary\",\"title_element\":\"h2\",\"title_grid_breakpoint\":\"m\",\"title_grid_width\":\"1-2\",\"title_hover_style\":\"reset\",\"title_style\":\"h3\"}}]}],\"props\":{\"margin\":\"remove-vertical\"}}]},{\"name\":\"Call to Action\",\"type\":\"section\",\"props\":{\"animation\":\"slide-bottom-medium\",\"animation_delay\":\"200\",\"id\":\"support\",\"image\":\"wp-content\\\/uploads\\\/2023\\\/05\\\/cta-2.jpg\",\"image_position\":\"center-center\",\"image_size\":\"cover\",\"media_overlay\":\"rgba(118, 183, 5, 0.7)\",\"media_overlay_gradient\":\"#76b705 \",\"style\":\"primary\",\"title_breakpoint\":\"xl\",\"title_position\":\"top-left\",\"title_rotation\":\"left\",\"vertical_align\":\"middle\",\"width\":\"default\"},\"children\":[{\"type\":\"row\",\"props\":{\"column_gap\":\"large\",\"layout\":\"1-3,2-3\",\"row_gap\":\"large\",\"vertical_align\":true,\"width\":\"small\"},\"children\":[{\"type\":\"column\",\"props\":{\"image_position\":\"center-center\",\"position_sticky_breakpoint\":\"m\",\"vertical_align\":\"middle\",\"width_medium\":\"1-3\"}},{\"type\":\"column\",\"props\":{\"image_position\":\"center-center\",\"order_first\":\"m\",\"position_sticky_breakpoint\":\"m\",\"vertical_align\":\"middle\",\"width_medium\":\"2-3\"},\"children\":[{\"type\":\"headline\",\"props\":{\"content\":\"\n\n<p class=\\\"MsoNormal\\\">DEMANDEZ VOTRE DEVIS SANS ENGAGEMENT<o:p><\\\/o:p><\\\/p>\",\"margin_remove_bottom\":true,\"text_align\":\"left\",\"text_align_breakpoint\":\"m\",\"text_align_fallback\":\"center\",\"title_element\":\"h2\",\"title_style\":\"h1\"}},{\"type\":\"text\",\"props\":{\"column_breakpoint\":\"m\",\"content\":\"\n\n<p>Chez Trio Traducciones, nous voulons vous offrir la meilleure proposition con\\u00e7ue sp\\u00e9cialement pour vous<\\\/p>\",\"margin\":\"small\",\"margin_remove_bottom\":true,\"margin_remove_top\":true,\"text_align\":\"left\",\"text_align_breakpoint\":\"m\",\"text_align_fallback\":\"center\"}},{\"type\":\"button\",\"props\":{\"grid_column_gap\":\"small\",\"grid_row_gap\":\"collapse\",\"margin\":\"small\",\"margin_remove_bottom\":true,\"margin_remove_top\":false,\"text_align\":\"left\",\"text_align_breakpoint\":\"m\",\"text_align_fallback\":\"center\"},\"children\":[{\"type\":\"button_item\",\"props\":{\"button_style\":\"primary\",\"content\":\"Ici\",\"icon\":\"arrow-right\",\"icon_align\":\"right\",\"link\":\"fr\\\/devis\\\/\"}}]}]}]}]}],\"version\":\"4.0.7\"} --><\/p>\n","protected":false},"excerpt":{"rendered":"<p>Demandez votre devis Contactez-nous Trio Traducciones\u00a0est une agence de traduction situ\u00e9e \u00e0 Madrid qui offre des services professionnels de traduction et de r\u00e9vision de tout type de textes, traductions asserment\u00e9es et interpr\u00e9tation de toutes les langues. Agence de traduction \u00e0 Madrid Nous avons fond\u00e9 notre agence de traduction en 2009, avec la claire vocation d&rsquo;offrir [&hellip;]<\/p>\n","protected":false},"author":1,"featured_media":0,"parent":0,"menu_order":5,"comment_status":"open","ping_status":"closed","template":"","meta":{"footnotes":""},"class_list":["post-1372","page","type-page","status-publish","hentry"],"acf":[],"yoast_head":"<!-- This site is optimized with the Yoast SEO plugin v20.9 - https:\/\/yoast.com\/wordpress\/plugins\/seo\/ -->\n<title>Home - Trio Traducciones<\/title>\n<meta name=\"robots\" content=\"index, follow, max-snippet:-1, max-image-preview:large, max-video-preview:-1\" \/>\n<link rel=\"canonical\" href=\"https:\/\/triotraducciones.com\/fr\/\" \/>\n<meta property=\"og:locale\" content=\"fr_FR\" \/>\n<meta property=\"og:type\" content=\"article\" \/>\n<meta property=\"og:title\" content=\"Home - Trio Traducciones\" \/>\n<meta property=\"og:description\" content=\"Demandez votre devis Contactez-nous Trio Traducciones\u00a0est une agence de traduction situ\u00e9e \u00e0 Madrid qui offre des services professionnels de traduction et de r\u00e9vision de tout type de textes, traductions asserment\u00e9es et interpr\u00e9tation de toutes les langues. Agence de traduction \u00e0 Madrid Nous avons fond\u00e9 notre agence de traduction en 2009, avec la claire vocation d&rsquo;offrir [&hellip;]\" \/>\n<meta property=\"og:url\" content=\"https:\/\/triotraducciones.com\/fr\/\" \/>\n<meta property=\"og:site_name\" content=\"Trio Traducciones\" \/>\n<meta property=\"article:modified_time\" content=\"2023-07-10T15:43:10+00:00\" \/>\n<meta name=\"twitter:card\" content=\"summary_large_image\" \/>\n<meta name=\"twitter:label1\" content=\"Dur\u00e9e de lecture estim\u00e9e\" \/>\n\t<meta name=\"twitter:data1\" content=\"4 minutes\" \/>\n<script type=\"application\/ld+json\" class=\"yoast-schema-graph\">{\"@context\":\"https:\/\/schema.org\",\"@graph\":[{\"@type\":\"WebPage\",\"@id\":\"https:\/\/triotraducciones.com\/fr\/\",\"url\":\"https:\/\/triotraducciones.com\/fr\/\",\"name\":\"Home - Trio Traducciones\",\"isPartOf\":{\"@id\":\"https:\/\/triotraducciones.com\/#website\"},\"datePublished\":\"2019-09-06T14:59:51+00:00\",\"dateModified\":\"2023-07-10T15:43:10+00:00\",\"breadcrumb\":{\"@id\":\"https:\/\/triotraducciones.com\/fr\/#breadcrumb\"},\"inLanguage\":\"fr-FR\",\"potentialAction\":[{\"@type\":\"ReadAction\",\"target\":[\"https:\/\/triotraducciones.com\/fr\/\"]}]},{\"@type\":\"BreadcrumbList\",\"@id\":\"https:\/\/triotraducciones.com\/fr\/#breadcrumb\",\"itemListElement\":[{\"@type\":\"ListItem\",\"position\":1,\"name\":\"Portada\",\"item\":\"https:\/\/triotraducciones.com\/fr\/\"},{\"@type\":\"ListItem\",\"position\":2,\"name\":\"Home\"}]},{\"@type\":\"WebSite\",\"@id\":\"https:\/\/triotraducciones.com\/#website\",\"url\":\"https:\/\/triotraducciones.com\/\",\"name\":\"Trio Traducciones\",\"description\":\"\",\"potentialAction\":[{\"@type\":\"SearchAction\",\"target\":{\"@type\":\"EntryPoint\",\"urlTemplate\":\"https:\/\/triotraducciones.com\/?s={search_term_string}\"},\"query-input\":\"required name=search_term_string\"}],\"inLanguage\":\"fr-FR\"}]}<\/script>\n<!-- \/ Yoast SEO plugin. -->","yoast_head_json":{"title":"Home - Trio Traducciones","robots":{"index":"index","follow":"follow","max-snippet":"max-snippet:-1","max-image-preview":"max-image-preview:large","max-video-preview":"max-video-preview:-1"},"canonical":"https:\/\/triotraducciones.com\/fr\/","og_locale":"fr_FR","og_type":"article","og_title":"Home - Trio Traducciones","og_description":"Demandez votre devis Contactez-nous Trio Traducciones\u00a0est une agence de traduction situ\u00e9e \u00e0 Madrid qui offre des services professionnels de traduction et de r\u00e9vision de tout type de textes, traductions asserment\u00e9es et interpr\u00e9tation de toutes les langues. Agence de traduction \u00e0 Madrid Nous avons fond\u00e9 notre agence de traduction en 2009, avec la claire vocation d&rsquo;offrir [&hellip;]","og_url":"https:\/\/triotraducciones.com\/fr\/","og_site_name":"Trio Traducciones","article_modified_time":"2023-07-10T15:43:10+00:00","twitter_card":"summary_large_image","twitter_misc":{"Dur\u00e9e de lecture estim\u00e9e":"4 minutes"},"schema":{"@context":"https:\/\/schema.org","@graph":[{"@type":"WebPage","@id":"https:\/\/triotraducciones.com\/fr\/","url":"https:\/\/triotraducciones.com\/fr\/","name":"Home - Trio Traducciones","isPartOf":{"@id":"https:\/\/triotraducciones.com\/#website"},"datePublished":"2019-09-06T14:59:51+00:00","dateModified":"2023-07-10T15:43:10+00:00","breadcrumb":{"@id":"https:\/\/triotraducciones.com\/fr\/#breadcrumb"},"inLanguage":"fr-FR","potentialAction":[{"@type":"ReadAction","target":["https:\/\/triotraducciones.com\/fr\/"]}]},{"@type":"BreadcrumbList","@id":"https:\/\/triotraducciones.com\/fr\/#breadcrumb","itemListElement":[{"@type":"ListItem","position":1,"name":"Portada","item":"https:\/\/triotraducciones.com\/fr\/"},{"@type":"ListItem","position":2,"name":"Home"}]},{"@type":"WebSite","@id":"https:\/\/triotraducciones.com\/#website","url":"https:\/\/triotraducciones.com\/","name":"Trio Traducciones","description":"","potentialAction":[{"@type":"SearchAction","target":{"@type":"EntryPoint","urlTemplate":"https:\/\/triotraducciones.com\/?s={search_term_string}"},"query-input":"required name=search_term_string"}],"inLanguage":"fr-FR"}]}},"_links":{"self":[{"href":"https:\/\/triotraducciones.com\/fr\/wp-json\/wp\/v2\/pages\/1372","targetHints":{"allow":["GET"]}}],"collection":[{"href":"https:\/\/triotraducciones.com\/fr\/wp-json\/wp\/v2\/pages"}],"about":[{"href":"https:\/\/triotraducciones.com\/fr\/wp-json\/wp\/v2\/types\/page"}],"author":[{"embeddable":true,"href":"https:\/\/triotraducciones.com\/fr\/wp-json\/wp\/v2\/users\/1"}],"replies":[{"embeddable":true,"href":"https:\/\/triotraducciones.com\/fr\/wp-json\/wp\/v2\/comments?post=1372"}],"version-history":[{"count":7,"href":"https:\/\/triotraducciones.com\/fr\/wp-json\/wp\/v2\/pages\/1372\/revisions"}],"predecessor-version":[{"id":2162,"href":"https:\/\/triotraducciones.com\/fr\/wp-json\/wp\/v2\/pages\/1372\/revisions\/2162"}],"wp:attachment":[{"href":"https:\/\/triotraducciones.com\/fr\/wp-json\/wp\/v2\/media?parent=1372"}],"curies":[{"name":"wp","href":"https:\/\/api.w.org\/{rel}","templated":true}]}}