{"id":1902,"date":"2023-05-13T17:17:02","date_gmt":"2023-05-13T17:17:02","guid":{"rendered":"https:\/\/triotraducciones.com\/politica-de-cookies\/"},"modified":"2023-07-24T08:25:33","modified_gmt":"2023-07-24T08:25:33","slug":"politica-de-cookies","status":"publish","type":"page","link":"https:\/\/triotraducciones.com\/fr\/politica-de-cookies\/","title":{"rendered":"Pol\u00edtica de cookies"},"content":{"rendered":"<h1><span>Pol\u00edtica de cookies<\/span><\/h1>\n<div>\n<p>Una\u00a0cookie\u00a0es un peque\u00f1o fichero de texto que se almacena en su navegador cuando visita pr\u00e1cticamente cualquier p\u00e1gina web. Su utilidad es que la web sea capaz de recordar su visita cuando vuelva a navegar por esa p\u00e1gina. Las\u00a0cookies\u00a0suelen almacenar informaci\u00f3n de car\u00e1cter t\u00e9cnico, preferencias personales, personalizaci\u00f3n de contenidos, estad\u00edsticas de uso, enlaces a redes sociales, acceso a cuentas de usuario, etc. El objetivo de la\u00a0cookie\u00a0es adaptar el contenido de la web a su perfil y necesidades. Sin\u00a0cookies,\u00a0los servicios ofrecidos por cualquier p\u00e1gina se ver\u00edan mermados de forma considerable. Si desea consultar m\u00e1s informaci\u00f3n sobre qu\u00e9 son las\u00a0cookies, qu\u00e9 almacenan, c\u00f3mo eliminarlas, desactivarlas, etc.,\u00a0le rogamos se dirija a este enlace.<\/p>\n<h3>Cookies utilizadas en este sitio web<\/h3>\n<p>Siguiendo las directrices de la Agencia Espa\u00f1ola de Protecci\u00f3n de Datos procedemos a detallar el uso de\u00a0cookies\u00a0que hace este Sitio Web con el fin de informarle con la m\u00e1xima exactitud posible.<br \/>Este Sitio Web utiliza las siguientes\u00a0<strong>cookies propias<\/strong>:<br \/>Cookies de sesi\u00f3n, para garantizar que los usuarios que escriban comentarios en el blog sean humanos y no aplicaciones automatizadas. De esta forma se combate el\u00a0spam.<br \/>Este Sitio Web utiliza las siguientes\u00a0<strong>cookies de terceros<\/strong>:<br \/>Google Analytics: Almacena\u00a0cookies\u00a0para poder elaborar estad\u00edsticas sobre el tr\u00e1fico y volumen de visitas de esta web. Al utilizar este sitio web, consiente que Google trate la informaci\u00f3n acerca de usted. Por tanto, deber\u00e1 ejercer cualquier derecho en este sentido comunicando directamente con Google.<br \/>Redes sociales: Cada red social utiliza sus propias\u00a0cookies\u00a0para que usted pueda pinchar en botones del tipo\u00a0Me gusta\u00a0o\u00a0Compartir.<br \/>Desactivaci\u00f3n o eliminaci\u00f3n de cookies<br \/>En cualquier momento podr\u00e1 ejercer su derecho de desactivaci\u00f3n o eliminaci\u00f3n de cookies de este Sitio Web. Estas acciones se realizan de forma diferente en funci\u00f3n del navegador que est\u00e9 usando.\u00a0<a title=\"Aqu\u00ed le dejamos una gu\u00eda r\u00e1pida para los navegadores m\u00e1s populares\" href=\"https:\/\/www.triotraducciones.com\/mas-informacion-sobre-las-cookies\/#navegadores\" target=\"_blank\" rel=\"noopener\">Aqu\u00ed le dejamos una gu\u00eda r\u00e1pida para los navegadores m\u00e1s populares.<\/a><\/p>\n<h3>Notas adicionales<\/h3>\n<p>Ni este Sitio Web ni sus representantes legales se hacen responsables ni del contenido ni de la veracidad de las pol\u00edticas de privacidad que puedan tener los terceros mencionados en esta pol\u00edtica de\u00a0cookies.<br \/>Los navegadores web son las herramientas encargadas de almacenar las\u00a0cookies\u00a0y debe efectuar desde este lugar su derecho a eliminaci\u00f3n o desactivaci\u00f3n de las mismas. Ni este Sitio Web ni sus representantes legales pueden garantizar la correcta o incorrecta manipulaci\u00f3n de las\u00a0cookies\u00a0por parte de dichos navegadores.<br \/>En algunos casos es necesario instalar\u00a0cookies\u00a0para que el navegador no olvide su decisi\u00f3n de no aceptaci\u00f3n de las mismas.<br \/>En el caso de las\u00a0cookies\u00a0de Google Analytics, esta empresa almacena las\u00a0cookies\u00a0en servidores ubicados en Estados Unidos y se compromete a no compartirlas con terceros, excepto en los casos en los que sea necesario para el funcionamiento del sistema o cuando la ley obligue a tal efecto. Seg\u00fan Google, no guarda su direcci\u00f3n IP. Google Inc. es una compa\u00f1\u00eda adherida al Acuerdo de Puerto Seguro que garantiza que todos los datos transferidos ser\u00e1n tratados con un nivel de protecci\u00f3n acorde a la normativa europea. Puede consultar informaci\u00f3n detallada a este respecto\u00a0<a title=\"en este enlace\" href=\"http:\/\/safeharbor.export.gov\/companyinfo.aspx?id=16626\" target=\"_blank\" rel=\"noopener\">en este enlace<\/a>. Si desea informaci\u00f3n sobre el uso que Google da a las cookies\u00a0<a title=\"le adjuntamos este otro enlace\" href=\"https:\/\/developers.google.com\/analytics\/devguides\/collection\/analyticsjs\/cookie-usage?hl=es&amp;csw=1\" target=\"_blank\" rel=\"noopener\">le adjuntamos este otro enlace<\/a>.<br \/>Para cualquier duda o consulta acerca de esta pol\u00edtica de\u00a0cookies\u00a0no dude en comunicarse con nosotros a trav\u00e9s de la secci\u00f3n de contacto.<\/p>\n<\/div>\n<p><!--more--><br \/>\n<!-- {\"type\":\"layout\",\"children\":[{\"name\":\"Hero\",\"type\":\"section\",\"props\":{\"image_position\":\"center-center\",\"padding_remove_top\":true,\"style\":\"default\",\"title_breakpoint\":\"xl\",\"title_position\":\"top-left\",\"title_rotation\":\"left\",\"vertical_align\":\"\",\"width\":\"\"},\"children\":[{\"name\":\"\",\"type\":\"row\",\"children\":[{\"name\":\"\",\"type\":\"column\",\"props\":{\"image_position\":\"center-center\",\"media_overlay_gradient\":\"\",\"position_sticky_breakpoint\":\"m\",\"width_medium\":\"1-1\"},\"children\":[]}]}]},{\"name\":\"Terms\",\"type\":\"section\",\"props\":{\"image_position\":\"center-center\",\"padding\":\"large\",\"padding_remove_top\":true,\"style\":\"default\",\"title_breakpoint\":\"xl\",\"title_position\":\"top-left\",\"title_rotation\":\"left\",\"vertical_align\":\"\",\"width\":\"small\"},\"children\":[{\"name\":\"\",\"type\":\"row\",\"children\":[{\"name\":\"\",\"type\":\"column\",\"props\":{\"image_position\":\"center-center\",\"media_overlay_gradient\":\"\",\"position_sticky_breakpoint\":\"m\",\"width_medium\":\"1-1\"},\"children\":[{\"name\":\"\",\"type\":\"headline\",\"props\":{\"content\":\"<span>Pol\\u00edtica de cookies<\\\/span>\",\"margin_remove_bottom\":false,\"margin_remove_top\":true,\"title_color\":\"primary\",\"title_element\":\"h1\",\"title_style\":\"heading-medium\"}}]}]},{\"name\":\"\",\"type\":\"row\",\"props\":{\"margin\":\"large\"},\"children\":[{\"name\":\"\",\"type\":\"column\",\"props\":{\"image_position\":\"center-center\",\"media_overlay_gradient\":\"\",\"position_sticky_breakpoint\":\"m\",\"width_medium\":\"1-1\"},\"children\":[{\"type\":\"text\",\"props\":{\"column_breakpoint\":\"m\",\"content\":\"\n\n<p>Una\\u00a0cookie\\u00a0es un peque\\u00f1o fichero de texto que se almacena en su navegador cuando visita pr\\u00e1cticamente cualquier p\\u00e1gina web. Su utilidad es que la web sea capaz de recordar su visita cuando vuelva a navegar por esa p\\u00e1gina. Las\\u00a0cookies\\u00a0suelen almacenar informaci\\u00f3n de car\\u00e1cter t\\u00e9cnico, preferencias personales, personalizaci\\u00f3n de contenidos, estad\\u00edsticas de uso, enlaces a redes sociales, acceso a cuentas de usuario, etc. El objetivo de la\\u00a0cookie\\u00a0es adaptar el contenido de la web a su perfil y necesidades. Sin\\u00a0cookies,\\u00a0los servicios ofrecidos por cualquier p\\u00e1gina se ver\\u00edan mermados de forma considerable. Si desea consultar m\\u00e1s informaci\\u00f3n sobre qu\\u00e9 son las\\u00a0cookies, qu\\u00e9 almacenan, c\\u00f3mo eliminarlas, desactivarlas, etc.,\\u00a0le rogamos se dirija a este enlace.<\\\/p>\\n\n\n<h3>Cookies utilizadas en este sitio web<\\\/h3>\\n\n\n<p>Siguiendo las directrices de la Agencia Espa\\u00f1ola de Protecci\\u00f3n de Datos procedemos a detallar el uso de\\u00a0cookies\\u00a0que hace este Sitio Web con el fin de informarle con la m\\u00e1xima exactitud posible.<br \\\/>Este Sitio Web utiliza las siguientes\\u00a0<strong>cookies propias<\\\/strong>:<br \\\/>Cookies de sesi\\u00f3n, para garantizar que los usuarios que escriban comentarios en el blog sean humanos y no aplicaciones automatizadas. De esta forma se combate el\\u00a0spam.<br \\\/>Este Sitio Web utiliza las siguientes\\u00a0<strong>cookies de terceros<\\\/strong>:<br \\\/>Google Analytics: Almacena\\u00a0cookies\\u00a0para poder elaborar estad\\u00edsticas sobre el tr\\u00e1fico y volumen de visitas de esta web. Al utilizar este sitio web, consiente que Google trate la informaci\\u00f3n acerca de usted. Por tanto, deber\\u00e1 ejercer cualquier derecho en este sentido comunicando directamente con Google.<br \\\/>Redes sociales: Cada red social utiliza sus propias\\u00a0cookies\\u00a0para que usted pueda pinchar en botones del tipo\\u00a0Me gusta\\u00a0o\\u00a0Compartir.<br \\\/>Desactivaci\\u00f3n o eliminaci\\u00f3n de cookies<br \\\/>En cualquier momento podr\\u00e1 ejercer su derecho de desactivaci\\u00f3n o eliminaci\\u00f3n de cookies de este Sitio Web. Estas acciones se realizan de forma diferente en funci\\u00f3n del navegador que est\\u00e9 usando.\\u00a0<a title=\\\"Aqu\\u00ed le dejamos una gu\\u00eda r\\u00e1pida para los navegadores m\\u00e1s populares\\\" href=\\\"https:\\\/\\\/www.triotraducciones.com\\\/mas-informacion-sobre-las-cookies\\\/#navegadores\\\" target=\\\"_blank\\\" rel=\\\"noopener\\\">Aqu\\u00ed le dejamos una gu\\u00eda r\\u00e1pida para los navegadores m\\u00e1s populares.<\\\/a><\\\/p>\\n\n\n<h3>Notas adicionales<\\\/h3>\\n\n\n<p>Ni este Sitio Web ni sus representantes legales se hacen responsables ni del contenido ni de la veracidad de las pol\\u00edticas de privacidad que puedan tener los terceros mencionados en esta pol\\u00edtica de\\u00a0cookies.<br \\\/>Los navegadores web son las herramientas encargadas de almacenar las\\u00a0cookies\\u00a0y debe efectuar desde este lugar su derecho a eliminaci\\u00f3n o desactivaci\\u00f3n de las mismas. Ni este Sitio Web ni sus representantes legales pueden garantizar la correcta o incorrecta manipulaci\\u00f3n de las\\u00a0cookies\\u00a0por parte de dichos navegadores.<br \\\/>En algunos casos es necesario instalar\\u00a0cookies\\u00a0para que el navegador no olvide su decisi\\u00f3n de no aceptaci\\u00f3n de las mismas.<br \\\/>En el caso de las\\u00a0cookies\\u00a0de Google Analytics, esta empresa almacena las\\u00a0cookies\\u00a0en servidores ubicados en Estados Unidos y se compromete a no compartirlas con terceros, excepto en los casos en los que sea necesario para el funcionamiento del sistema o cuando la ley obligue a tal efecto. Seg\\u00fan Google, no guarda su direcci\\u00f3n IP. Google Inc. es una compa\\u00f1\\u00eda adherida al Acuerdo de Puerto Seguro que garantiza que todos los datos transferidos ser\\u00e1n tratados con un nivel de protecci\\u00f3n acorde a la normativa europea. Puede consultar informaci\\u00f3n detallada a este respecto\\u00a0<a title=\\\"en este enlace\\\" href=\\\"http:\\\/\\\/safeharbor.export.gov\\\/companyinfo.aspx?id=16626\\\" target=\\\"_blank\\\" rel=\\\"noopener\\\">en este enlace<\\\/a>. Si desea informaci\\u00f3n sobre el uso que Google da a las cookies\\u00a0<a title=\\\"le adjuntamos este otro enlace\\\" href=\\\"https:\\\/\\\/developers.google.com\\\/analytics\\\/devguides\\\/collection\\\/analyticsjs\\\/cookie-usage?hl=es&amp;csw=1\\\" target=\\\"_blank\\\" rel=\\\"noopener\\\">le adjuntamos este otro enlace<\\\/a>.<br \\\/>Para cualquier duda o consulta acerca de esta pol\\u00edtica de\\u00a0cookies\\u00a0no dude en comunicarse con nosotros a trav\\u00e9s de la secci\\u00f3n de contacto.<\\\/p>\",\"margin\":\"default\"}}]}]}]}],\"version\":\"3.0.27\"} --><\/p>\n","protected":false},"excerpt":{"rendered":"<p>Pol\u00edtica de cookies Una\u00a0cookie\u00a0es un peque\u00f1o fichero de texto que se almacena en su navegador cuando visita pr\u00e1cticamente cualquier p\u00e1gina web. Su utilidad es que la web sea capaz de recordar su visita cuando vuelva a navegar por esa p\u00e1gina. Las\u00a0cookies\u00a0suelen almacenar informaci\u00f3n de car\u00e1cter t\u00e9cnico, preferencias personales, personalizaci\u00f3n de contenidos, estad\u00edsticas de uso, enlaces [&hellip;]<\/p>\n","protected":false},"author":1,"featured_media":0,"parent":0,"menu_order":0,"comment_status":"closed","ping_status":"closed","template":"","meta":{"footnotes":""},"class_list":["post-1902","page","type-page","status-publish","hentry"],"acf":[],"yoast_head":"<!-- This site is optimized with the Yoast SEO plugin v20.9 - https:\/\/yoast.com\/wordpress\/plugins\/seo\/ -->\n<title>Pol\u00edtica de cookies - Trio Traducciones<\/title>\n<meta name=\"robots\" content=\"noindex, nofollow\" \/>\n<meta property=\"og:locale\" content=\"fr_FR\" \/>\n<meta property=\"og:type\" content=\"article\" \/>\n<meta property=\"og:title\" content=\"Pol\u00edtica de cookies - Trio Traducciones\" \/>\n<meta property=\"og:description\" content=\"Pol\u00edtica de cookies Una\u00a0cookie\u00a0es un peque\u00f1o fichero de texto que se almacena en su navegador cuando visita pr\u00e1cticamente cualquier p\u00e1gina web. Su utilidad es que la web sea capaz de recordar su visita cuando vuelva a navegar por esa p\u00e1gina. Las\u00a0cookies\u00a0suelen almacenar informaci\u00f3n de car\u00e1cter t\u00e9cnico, preferencias personales, personalizaci\u00f3n de contenidos, estad\u00edsticas de uso, enlaces [&hellip;]\" \/>\n<meta property=\"og:url\" content=\"https:\/\/triotraducciones.com\/fr\/politica-de-cookies\/\" \/>\n<meta property=\"og:site_name\" content=\"Trio Traducciones\" \/>\n<meta property=\"article:modified_time\" content=\"2023-07-24T08:25:33+00:00\" \/>\n<meta name=\"twitter:card\" content=\"summary_large_image\" \/>\n<meta name=\"twitter:label1\" content=\"Dur\u00e9e de lecture estim\u00e9e\" \/>\n\t<meta name=\"twitter:data1\" content=\"3 minutes\" \/>\n<script type=\"application\/ld+json\" class=\"yoast-schema-graph\">{\"@context\":\"https:\/\/schema.org\",\"@graph\":[{\"@type\":\"WebPage\",\"@id\":\"https:\/\/triotraducciones.com\/fr\/politica-de-cookies\/\",\"url\":\"https:\/\/triotraducciones.com\/fr\/politica-de-cookies\/\",\"name\":\"Pol\u00edtica de cookies - Trio Traducciones\",\"isPartOf\":{\"@id\":\"https:\/\/triotraducciones.com\/#website\"},\"datePublished\":\"2023-05-13T17:17:02+00:00\",\"dateModified\":\"2023-07-24T08:25:33+00:00\",\"breadcrumb\":{\"@id\":\"https:\/\/triotraducciones.com\/fr\/politica-de-cookies\/#breadcrumb\"},\"inLanguage\":\"fr-FR\",\"potentialAction\":[{\"@type\":\"ReadAction\",\"target\":[\"https:\/\/triotraducciones.com\/fr\/politica-de-cookies\/\"]}]},{\"@type\":\"BreadcrumbList\",\"@id\":\"https:\/\/triotraducciones.com\/fr\/politica-de-cookies\/#breadcrumb\",\"itemListElement\":[{\"@type\":\"ListItem\",\"position\":1,\"name\":\"Portada\",\"item\":\"https:\/\/triotraducciones.com\/fr\/\"},{\"@type\":\"ListItem\",\"position\":2,\"name\":\"Pol\u00edtica de cookies\"}]},{\"@type\":\"WebSite\",\"@id\":\"https:\/\/triotraducciones.com\/#website\",\"url\":\"https:\/\/triotraducciones.com\/\",\"name\":\"Trio Traducciones\",\"description\":\"\",\"potentialAction\":[{\"@type\":\"SearchAction\",\"target\":{\"@type\":\"EntryPoint\",\"urlTemplate\":\"https:\/\/triotraducciones.com\/?s={search_term_string}\"},\"query-input\":\"required name=search_term_string\"}],\"inLanguage\":\"fr-FR\"}]}<\/script>\n<!-- \/ Yoast SEO plugin. -->","yoast_head_json":{"title":"Pol\u00edtica de cookies - Trio Traducciones","robots":{"index":"noindex","follow":"nofollow"},"og_locale":"fr_FR","og_type":"article","og_title":"Pol\u00edtica de cookies - Trio Traducciones","og_description":"Pol\u00edtica de cookies Una\u00a0cookie\u00a0es un peque\u00f1o fichero de texto que se almacena en su navegador cuando visita pr\u00e1cticamente cualquier p\u00e1gina web. Su utilidad es que la web sea capaz de recordar su visita cuando vuelva a navegar por esa p\u00e1gina. Las\u00a0cookies\u00a0suelen almacenar informaci\u00f3n de car\u00e1cter t\u00e9cnico, preferencias personales, personalizaci\u00f3n de contenidos, estad\u00edsticas de uso, enlaces [&hellip;]","og_url":"https:\/\/triotraducciones.com\/fr\/politica-de-cookies\/","og_site_name":"Trio Traducciones","article_modified_time":"2023-07-24T08:25:33+00:00","twitter_card":"summary_large_image","twitter_misc":{"Dur\u00e9e de lecture estim\u00e9e":"3 minutes"},"schema":{"@context":"https:\/\/schema.org","@graph":[{"@type":"WebPage","@id":"https:\/\/triotraducciones.com\/fr\/politica-de-cookies\/","url":"https:\/\/triotraducciones.com\/fr\/politica-de-cookies\/","name":"Pol\u00edtica de cookies - Trio Traducciones","isPartOf":{"@id":"https:\/\/triotraducciones.com\/#website"},"datePublished":"2023-05-13T17:17:02+00:00","dateModified":"2023-07-24T08:25:33+00:00","breadcrumb":{"@id":"https:\/\/triotraducciones.com\/fr\/politica-de-cookies\/#breadcrumb"},"inLanguage":"fr-FR","potentialAction":[{"@type":"ReadAction","target":["https:\/\/triotraducciones.com\/fr\/politica-de-cookies\/"]}]},{"@type":"BreadcrumbList","@id":"https:\/\/triotraducciones.com\/fr\/politica-de-cookies\/#breadcrumb","itemListElement":[{"@type":"ListItem","position":1,"name":"Portada","item":"https:\/\/triotraducciones.com\/fr\/"},{"@type":"ListItem","position":2,"name":"Pol\u00edtica de cookies"}]},{"@type":"WebSite","@id":"https:\/\/triotraducciones.com\/#website","url":"https:\/\/triotraducciones.com\/","name":"Trio Traducciones","description":"","potentialAction":[{"@type":"SearchAction","target":{"@type":"EntryPoint","urlTemplate":"https:\/\/triotraducciones.com\/?s={search_term_string}"},"query-input":"required name=search_term_string"}],"inLanguage":"fr-FR"}]}},"_links":{"self":[{"href":"https:\/\/triotraducciones.com\/fr\/wp-json\/wp\/v2\/pages\/1902","targetHints":{"allow":["GET"]}}],"collection":[{"href":"https:\/\/triotraducciones.com\/fr\/wp-json\/wp\/v2\/pages"}],"about":[{"href":"https:\/\/triotraducciones.com\/fr\/wp-json\/wp\/v2\/types\/page"}],"author":[{"embeddable":true,"href":"https:\/\/triotraducciones.com\/fr\/wp-json\/wp\/v2\/users\/1"}],"replies":[{"embeddable":true,"href":"https:\/\/triotraducciones.com\/fr\/wp-json\/wp\/v2\/comments?post=1902"}],"version-history":[{"count":3,"href":"https:\/\/triotraducciones.com\/fr\/wp-json\/wp\/v2\/pages\/1902\/revisions"}],"predecessor-version":[{"id":2228,"href":"https:\/\/triotraducciones.com\/fr\/wp-json\/wp\/v2\/pages\/1902\/revisions\/2228"}],"wp:attachment":[{"href":"https:\/\/triotraducciones.com\/fr\/wp-json\/wp\/v2\/media?parent=1902"}],"curies":[{"name":"wp","href":"https:\/\/api.w.org\/{rel}","templated":true}]}}