{"id":1904,"date":"2023-05-13T17:07:39","date_gmt":"2023-05-13T17:07:39","guid":{"rendered":"https:\/\/triotraducciones.com\/politica-de-privacidad\/"},"modified":"2023-07-10T17:14:41","modified_gmt":"2023-07-10T17:14:41","slug":"politique-de-confidentialite","status":"publish","type":"page","link":"https:\/\/triotraducciones.com\/fr\/politique-de-confidentialite\/","title":{"rendered":"Politique de confidentialit\u00e9"},"content":{"rendered":"<h1>Politique de confidentialit\u00e9<\/h1>\n<div>\n<h3><span>1. UTILISATION ET TRAITEMENT DE DONN\u00c9ES \u00c0 CARACT\u00c8RE PERSONNEL<\/span><\/h3>\n<p><span>De conformit\u00e9 avec les dispositions de la Loi Organique 15\/1999, du 13 d\u00e9cembre, de Protection de Donn\u00e9es \u00e0 Caract\u00e8re Personnel (dor\u00e9navant, LOPD), Trio Traducciones SL, avec si\u00e8ge social \u00e0 Madrid, Calle Benigno Soto, 12 local derecha 28002 Madrid, avec NIF (Num\u00e9ro d\u2019Identification Fiscal): E85873339, vous informe que les donn\u00e9es \u00e0 caract\u00e8re personnel fournies, \u00e0 travers le Site Web, ainsi que celles que puissiez fournir \u00e0 l\u2019avenir dans le cadre de votre rapport juridique avec cette entit\u00e9, seront incorpor\u00e9es aux fichiers automatis\u00e9s et non automatis\u00e9s de la propri\u00e9t\u00e9 de Trio Traducciones SL, dont les donn\u00e9es figurent ci-dessus.<\/span><\/p>\n<p><span>Ces fichiers ont l\u2019objectif de g\u00e9rer, administrer et vous rendre les services et faciliter l\u2019accomplissement et l\u2019ex\u00e9cution des contrats que vous puissiez c\u00e9l\u00e9brer, am\u00e9liorer la connaissance de vos go\u00fbts et adapter les services \u00e0 vos pr\u00e9f\u00e9rences, ainsi que pouvoir vous offrir des nouveaux services ou produits et vous envoyer de l\u2019information administrative, technique, organisationnelle et\/ou commerciale en forme de documents et\/o emails relatifs aux activit\u00e9s de Trio Traducciones SL. Les destinataires de l\u2019information recueillie seront exclusivement les propres employ\u00e9s de Trio Traducciones SL, les r\u00e9ponses aux questions sur des donn\u00e9es personnelles sont volontaires, sans que le manque de r\u00e9ponse auxdites questions implique une r\u00e9duction de la qualit\u00e9 des services que vous demandez. Si vous ne remplissez pas les champs indiqu\u00e9s comme obligatoires ou vous fournissez des donn\u00e9es incorrectes, Trio Traducciones SL ne pourra pas vous rendre les services ou vous fournir les produits demand\u00e9s.<\/span><\/p>\n<h3><span>2. EXERCICE DE DROITS: ACC\u00c8S, RECTIFICATION, ANNULATION ET OPPOSITION<\/span><\/h3>\n<p><span>Les personnes physiques ayant fourni leurs donn\u00e9es \u00e0 Trio Traducciones SL pourront s\u2019adresser \u00e0 l\u2019entit\u00e9, en sa qualit\u00e9 de Responsable du fichier, afin de pouvoir exercer gratuitement leurs droits d\u2019acc\u00e8s, rectification, annulation et opposition concernant leurs donn\u00e9es incorpor\u00e9es dans ses fichiers. Compte tenu du caract\u00e8re confidentiel de l\u2019information, vous ne pourrez pas exercer vos droits t\u00e9l\u00e9phoniquement, mais vous devrez le demander par tout moyen faisant foi de son envoi et de sa r\u00e9ception et renvoyer la copie de votre carte d\u2019identit\u00e9 ou document \u00e9quivalent. L\u2019int\u00e9ress\u00e9 pourra exercer ses droits par moyen de communication \u00e9crite adress\u00e9e \u00e0 Trio Traducciones SL \u00e0 l\u2019adresse indiqu\u00e9e au d\u00e9but ou au courriel contacto@triotraducciones.com .<\/span><\/p>\n<h3><span>3. MESURES DE S\u00c9CURIT\u00c9<\/span><\/h3>\n<p><span>Trio Traducciones SL vous informe qu\u2019elle dispose des mesures de s\u00e9curit\u00e9 \u00e0 caract\u00e8re technique et organisationnel n\u00e9cessaires pour garantir la s\u00e9curit\u00e9 de vos donn\u00e9es \u00e0 caract\u00e8re personnel et pour \u00e9viter leur alt\u00e9ration, perte et traitement et\/ou acc\u00e8s non autoris\u00e9, compte tenu de l\u2019\u00e9tat de la technologie, de la nature des donn\u00e9es et des risques auxquelles elles sont expos\u00e9es, provenant de l\u2019action humaine ou du moyen physique ou naturel. Tout ceci, de conformit\u00e9 avec les dispositions de l\u2019article 9 de la Loi Organique Espagnole de Protection de Donn\u00e9es et au D\u00e9cret Royal 1720\/2007, du 21 d\u00e9cembre, par lequel est adopt\u00e9 le R\u00e8glement de d\u00e9veloppement de la Loi organique 15\/1999, du 13 d\u00e9cembre, de protection de donn\u00e9es \u00e0 caract\u00e8re personnel. Ainsi, Trio Traducciones SL a \u00e9tabli des mesures additionnelles afin de renforcer la confidentialit\u00e9 et l\u2019int\u00e9grit\u00e9 de l\u2019information dans l\u2019organisation. Cependant, l\u2019usager doit \u00eatre conscient du fait que les mesures de s\u00e9curit\u00e9 sur Internet ne sont pas inexpugnables. Trio Traducciones SL maintient continuellement la supervision, le contr\u00f4le et l\u2019\u00e9valuation des processus pour garantir le respect de la confidentialit\u00e9 des donn\u00e9es.<\/span><\/p>\n<h3><span>4. UTILISATION DE COOKIES<\/span><\/h3>\n<p><span>Les \u201ccookies\u201d constituent un outil employ\u00e9 par les serveurs Web pour stocker et r\u00e9cup\u00e9rer de l\u2019information sur les usagers. Les \u201ccookies\u201d sont des messages envoy\u00e9s par le serveur \u00e0 l\u2019ordinateur de l\u2019usager ; ils consistent en fichiers de texte qui sont stock\u00e9s dans la m\u00e9moire de l\u2019ordinateur et qui ramassent de l\u2019information relative aux pages qui sont visit\u00e9es, au temps de connexion \u00e0 Internet, etc. Les \u201ccookies\u201d sont renvoy\u00e9s au serveur \u00e0 chaque fois que cet usager entre sur cette page. L\u2019objectif des \u201ccookies\u201d de Trio Traducciones SL est de personnaliser les services qu\u2019on vous offre, en vous fournissant de l\u2019information qui puisse \u00eatre int\u00e9ressante pour vous. Si vous ne d\u00e9sirez pas que soit install\u00e9 sur votre disque dur un cookie, vous pouvez configurer le navigateur de votre ordinateur pour ne pas les recevoir. Cependant, on vous fait remarquer que, dans ce cas, la qualit\u00e9 du fonctionnement du site web peut diminuer. Les \u201ccookies\u201d sont associ\u00e9s uniquement \u00e0 un usager anonyme et \u00e0 son ordinateur, et ne fournissent pas par eux seuls les donn\u00e9es personnelles du client, ni peuvent lire des donn\u00e9es de son disque dur, ni lire les fichiers cookie cr\u00e9\u00e9s par des autres fournisseurs. Les \u201clogs\u201d sont des fichiers stock\u00e9s dans le serveur de Trio Traducciones SL qui enregistrent des donn\u00e9es sur votre navigation et nous permettent de continuer \u00e0 vous rendre les services que vous demandez. De m\u00eame, ils nous aident \u00e0 analyser le fonctionnement du syst\u00e8me, \u00e0 localiser les incidences et les probl\u00e8mes qui puissent apparaitre et les r\u00e9soudre dans le d\u00e9lai plus court possible.<\/span><\/p>\n<h3><span>5. MINEURS<\/span><\/h3>\n<p><span>Trio Traducciones SL consid\u00e8re que la protection de donn\u00e9es \u00e0 caract\u00e8re personnel est essentielle, pour ce dont en cas d\u2019usagers mineurs, ceux-ci ne pourront apporter leurs donn\u00e9es personnelles que sur les formulaires de demande des m\u00eames, avec le consentement pr\u00e9alable des parents ou tuteurs, en envoyant le formulaire correspondant d\u00fbment sign\u00e9 par les parents ou tuteurs par courrier certifi\u00e9 et avec une copie de la carte d\u2019identit\u00e9 du parent ou tuteur signataire \u00e0 l\u2019adresse de Trio Traducciones SL indiqu\u00e9e ci-dessus. Trio Traducciones SL ne sera pas responsable des donn\u00e9es des mineurs qui aient \u00e9t\u00e9 fournies sans le consentement des parents ou tuteurs dont le fait Trio Traducciones SL ne pouvait pas connaitre.<\/span><\/p>\n<h3><span>6. MODIFICATION DE LA POLITIQUE DE CONFIDENTIALIT\u00c9<\/span><\/h3>\n<p><span>Trio Traducciones SL se r\u00e9serve le droit de modifier sa Politique de Confidentialit\u00e9, selon son propre crit\u00e8re, ou motiv\u00e9 par une modification doctrinale de l\u2019Agence Espagnole de Protection de Donn\u00e9s, l\u00e9gislative ou jurisprudentielle. Toute modification de la Politique de Confidentialit\u00e9 sera publi\u00e9e au moins dix jours avant leur application effective. L\u2019utilisation de la Web apr\u00e8s lesdites modifications impliquera l\u2019acceptation des m\u00eames.<\/span><\/p>\n<\/div>\n<p><!--more--><br \/>\n<!-- {\"type\":\"layout\",\"children\":[{\"name\":\"Hero\",\"type\":\"section\",\"props\":{\"image_position\":\"center-center\",\"padding_remove_top\":true,\"style\":\"default\",\"title_breakpoint\":\"xl\",\"title_position\":\"top-left\",\"title_rotation\":\"left\",\"vertical_align\":\"\",\"width\":\"\"},\"children\":[{\"type\":\"row\",\"children\":[{\"type\":\"column\",\"props\":{\"image_position\":\"center-center\",\"position_sticky_breakpoint\":\"m\",\"width_medium\":\"1-1\"}}]}]},{\"name\":\"Terms\",\"type\":\"section\",\"props\":{\"image_position\":\"center-center\",\"padding\":\"large\",\"padding_remove_top\":true,\"style\":\"default\",\"title_breakpoint\":\"xl\",\"title_position\":\"top-left\",\"title_rotation\":\"left\",\"vertical_align\":\"\",\"width\":\"small\"},\"children\":[{\"type\":\"row\",\"children\":[{\"type\":\"column\",\"props\":{\"image_position\":\"center-center\",\"position_sticky_breakpoint\":\"m\",\"width_medium\":\"1-1\"},\"children\":[{\"type\":\"headline\",\"props\":{\"content\":\"Politique de confidentialit\\u00e9\",\"margin_remove_bottom\":false,\"margin_remove_top\":true,\"title_color\":\"primary\",\"title_element\":\"h1\",\"title_style\":\"heading-medium\"}}]}]},{\"type\":\"row\",\"props\":{\"margin\":\"large\"},\"children\":[{\"type\":\"column\",\"props\":{\"image_position\":\"center-center\",\"position_sticky_breakpoint\":\"m\",\"width_medium\":\"1-1\"},\"children\":[{\"type\":\"text\",\"props\":{\"column_breakpoint\":\"m\",\"content\":\"\n\n<h3><span>1. UTILISATION ET TRAITEMENT DE DONN\\u00c9ES \\u00c0 CARACT\\u00c8RE PERSONNEL<\\\/span><\\\/h3>\\n\n\n<p><span>De conformit\\u00e9 avec les dispositions de la Loi Organique 15\\\/1999, du 13 d\\u00e9cembre, de Protection de Donn\\u00e9es \\u00e0 Caract\\u00e8re Personnel (dor\\u00e9navant, LOPD), Trio Traducciones SL, avec si\\u00e8ge social \\u00e0 Madrid, Calle Benigno Soto, 12 local derecha 28002 Madrid, avec NIF (Num\\u00e9ro d\\u2019Identification Fiscal): E85873339, vous informe que les donn\\u00e9es \\u00e0 caract\\u00e8re personnel fournies, \\u00e0 travers le Site Web, ainsi que celles que puissiez fournir \\u00e0 l\\u2019avenir dans le cadre de votre rapport juridique avec cette entit\\u00e9, seront incorpor\\u00e9es aux fichiers automatis\\u00e9s et non automatis\\u00e9s de la propri\\u00e9t\\u00e9 de Trio Traducciones SL, dont les donn\\u00e9es figurent ci-dessus.<\\\/span><\\\/p>\\n\n\n<p><span>Ces fichiers ont l\\u2019objectif de g\\u00e9rer, administrer et vous rendre les services et faciliter l\\u2019accomplissement et l\\u2019ex\\u00e9cution des contrats que vous puissiez c\\u00e9l\\u00e9brer, am\\u00e9liorer la connaissance de vos go\\u00fbts et adapter les services \\u00e0 vos pr\\u00e9f\\u00e9rences, ainsi que pouvoir vous offrir des nouveaux services ou produits et vous envoyer de l\\u2019information administrative, technique, organisationnelle et\\\/ou commerciale en forme de documents et\\\/o emails relatifs aux activit\\u00e9s de Trio Traducciones SL. Les destinataires de l\\u2019information recueillie seront exclusivement les propres employ\\u00e9s de Trio Traducciones SL, les r\\u00e9ponses aux questions sur des donn\\u00e9es personnelles sont volontaires, sans que le manque de r\\u00e9ponse auxdites questions implique une r\\u00e9duction de la qualit\\u00e9 des services que vous demandez. Si vous ne remplissez pas les champs indiqu\\u00e9s comme obligatoires ou vous fournissez des donn\\u00e9es incorrectes, Trio Traducciones SL ne pourra pas vous rendre les services ou vous fournir les produits demand\\u00e9s.<\\\/span><\\\/p>\\n\n\n<h3><span>2. EXERCICE DE DROITS: ACC\\u00c8S, RECTIFICATION, ANNULATION ET OPPOSITION<\\\/span><\\\/h3>\\n\n\n<p><span>Les personnes physiques ayant fourni leurs donn\\u00e9es \\u00e0 Trio Traducciones SL pourront s\\u2019adresser \\u00e0 l\\u2019entit\\u00e9, en sa qualit\\u00e9 de Responsable du fichier, afin de pouvoir exercer gratuitement leurs droits d\\u2019acc\\u00e8s, rectification, annulation et opposition concernant leurs donn\\u00e9es incorpor\\u00e9es dans ses fichiers. Compte tenu du caract\\u00e8re confidentiel de l\\u2019information, vous ne pourrez pas exercer vos droits t\\u00e9l\\u00e9phoniquement, mais vous devrez le demander par tout moyen faisant foi de son envoi et de sa r\\u00e9ception et renvoyer la copie de votre carte d\\u2019identit\\u00e9 ou document \\u00e9quivalent. L\\u2019int\\u00e9ress\\u00e9 pourra exercer ses droits par moyen de communication \\u00e9crite adress\\u00e9e \\u00e0 Trio Traducciones SL \\u00e0 l\\u2019adresse indiqu\\u00e9e au d\\u00e9but ou au courriel contacto@triotraducciones.com .<\\\/span><\\\/p>\\n\n\n<h3><span>3. MESURES DE S\\u00c9CURIT\\u00c9<\\\/span><\\\/h3>\\n\n\n<p><span>Trio Traducciones SL vous informe qu\\u2019elle dispose des mesures de s\\u00e9curit\\u00e9 \\u00e0 caract\\u00e8re technique et organisationnel n\\u00e9cessaires pour garantir la s\\u00e9curit\\u00e9 de vos donn\\u00e9es \\u00e0 caract\\u00e8re personnel et pour \\u00e9viter leur alt\\u00e9ration, perte et traitement et\\\/ou acc\\u00e8s non autoris\\u00e9, compte tenu de l\\u2019\\u00e9tat de la technologie, de la nature des donn\\u00e9es et des risques auxquelles elles sont expos\\u00e9es, provenant de l\\u2019action humaine ou du moyen physique ou naturel. Tout ceci, de conformit\\u00e9 avec les dispositions de l\\u2019article 9 de la Loi Organique Espagnole de Protection de Donn\\u00e9es et au D\\u00e9cret Royal 1720\\\/2007, du 21 d\\u00e9cembre, par lequel est adopt\\u00e9 le R\\u00e8glement de d\\u00e9veloppement de la Loi organique 15\\\/1999, du 13 d\\u00e9cembre, de protection de donn\\u00e9es \\u00e0 caract\\u00e8re personnel. Ainsi, Trio Traducciones SL a \\u00e9tabli des mesures additionnelles afin de renforcer la confidentialit\\u00e9 et l\\u2019int\\u00e9grit\\u00e9 de l\\u2019information dans l\\u2019organisation. Cependant, l\\u2019usager doit \\u00eatre conscient du fait que les mesures de s\\u00e9curit\\u00e9 sur Internet ne sont pas inexpugnables. Trio Traducciones SL maintient continuellement la supervision, le contr\\u00f4le et l\\u2019\\u00e9valuation des processus pour garantir le respect de la confidentialit\\u00e9 des donn\\u00e9es.<\\\/span><\\\/p>\\n\n\n<h3><span>4. UTILISATION DE COOKIES<\\\/span><\\\/h3>\\n\n\n<p><span>Les \\u201ccookies\\u201d constituent un outil employ\\u00e9 par les serveurs Web pour stocker et r\\u00e9cup\\u00e9rer de l\\u2019information sur les usagers. Les \\u201ccookies\\u201d sont des messages envoy\\u00e9s par le serveur \\u00e0 l\\u2019ordinateur de l\\u2019usager ; ils consistent en fichiers de texte qui sont stock\\u00e9s dans la m\\u00e9moire de l\\u2019ordinateur et qui ramassent de l\\u2019information relative aux pages qui sont visit\\u00e9es, au temps de connexion \\u00e0 Internet, etc. Les \\u201ccookies\\u201d sont renvoy\\u00e9s au serveur \\u00e0 chaque fois que cet usager entre sur cette page. L\\u2019objectif des \\u201ccookies\\u201d de Trio Traducciones SL est de personnaliser les services qu\\u2019on vous offre, en vous fournissant de l\\u2019information qui puisse \\u00eatre int\\u00e9ressante pour vous. Si vous ne d\\u00e9sirez pas que soit install\\u00e9 sur votre disque dur un cookie, vous pouvez configurer le navigateur de votre ordinateur pour ne pas les recevoir. Cependant, on vous fait remarquer que, dans ce cas, la qualit\\u00e9 du fonctionnement du site web peut diminuer. Les \\u201ccookies\\u201d sont associ\\u00e9s uniquement \\u00e0 un usager anonyme et \\u00e0 son ordinateur, et ne fournissent pas par eux seuls les donn\\u00e9es personnelles du client, ni peuvent lire des donn\\u00e9es de son disque dur, ni lire les fichiers cookie cr\\u00e9\\u00e9s par des autres fournisseurs. Les \\u201clogs\\u201d sont des fichiers stock\\u00e9s dans le serveur de Trio Traducciones SL qui enregistrent des donn\\u00e9es sur votre navigation et nous permettent de continuer \\u00e0 vous rendre les services que vous demandez. De m\\u00eame, ils nous aident \\u00e0 analyser le fonctionnement du syst\\u00e8me, \\u00e0 localiser les incidences et les probl\\u00e8mes qui puissent apparaitre et les r\\u00e9soudre dans le d\\u00e9lai plus court possible.<\\\/span><\\\/p>\\n\n\n<h3><span>5. MINEURS<\\\/span><\\\/h3>\\n\n\n<p><span>Trio Traducciones SL consid\\u00e8re que la protection de donn\\u00e9es \\u00e0 caract\\u00e8re personnel est essentielle, pour ce dont en cas d\\u2019usagers mineurs, ceux-ci ne pourront apporter leurs donn\\u00e9es personnelles que sur les formulaires de demande des m\\u00eames, avec le consentement pr\\u00e9alable des parents ou tuteurs, en envoyant le formulaire correspondant d\\u00fbment sign\\u00e9 par les parents ou tuteurs par courrier certifi\\u00e9 et avec une copie de la carte d\\u2019identit\\u00e9 du parent ou tuteur signataire \\u00e0 l\\u2019adresse de Trio Traducciones SL indiqu\\u00e9e ci-dessus. Trio Traducciones SL ne sera pas responsable des donn\\u00e9es des mineurs qui aient \\u00e9t\\u00e9 fournies sans le consentement des parents ou tuteurs dont le fait Trio Traducciones SL ne pouvait pas connaitre.<\\\/span><\\\/p>\\n\n\n<h3><span>6. MODIFICATION DE LA POLITIQUE DE CONFIDENTIALIT\\u00c9<\\\/span><\\\/h3>\\n\n\n<p><span>Trio Traducciones SL se r\\u00e9serve le droit de modifier sa Politique de Confidentialit\\u00e9, selon son propre crit\\u00e8re, ou motiv\\u00e9 par une modification doctrinale de l\\u2019Agence Espagnole de Protection de Donn\\u00e9s, l\\u00e9gislative ou jurisprudentielle. Toute modification de la Politique de Confidentialit\\u00e9 sera publi\\u00e9e au moins dix jours avant leur application effective. L\\u2019utilisation de la Web apr\\u00e8s lesdites modifications impliquera l\\u2019acceptation des m\\u00eames.<\\\/span><\\\/p>\",\"margin\":\"default\"}}]}]}]}],\"version\":\"4.0.7\"} --><\/p>\n","protected":false},"excerpt":{"rendered":"<p>Politique de confidentialit\u00e9 1. UTILISATION ET TRAITEMENT DE DONN\u00c9ES \u00c0 CARACT\u00c8RE PERSONNEL De conformit\u00e9 avec les dispositions de la Loi Organique 15\/1999, du 13 d\u00e9cembre, de Protection de Donn\u00e9es \u00e0 Caract\u00e8re Personnel (dor\u00e9navant, LOPD), Trio Traducciones SL, avec si\u00e8ge social \u00e0 Madrid, Calle Benigno Soto, 12 local derecha 28002 Madrid, avec NIF (Num\u00e9ro d\u2019Identification Fiscal): [&hellip;]<\/p>\n","protected":false},"author":1,"featured_media":0,"parent":0,"menu_order":0,"comment_status":"closed","ping_status":"closed","template":"","meta":{"footnotes":""},"class_list":["post-1904","page","type-page","status-publish","hentry"],"acf":[],"yoast_head":"<!-- This site is optimized with the Yoast SEO plugin v20.9 - https:\/\/yoast.com\/wordpress\/plugins\/seo\/ -->\n<title>Politique de confidentialit\u00e9 - Trio Traducciones<\/title>\n<meta name=\"robots\" content=\"noindex, nofollow\" \/>\n<meta property=\"og:locale\" content=\"fr_FR\" \/>\n<meta property=\"og:type\" content=\"article\" \/>\n<meta property=\"og:title\" content=\"Politique de confidentialit\u00e9 - Trio Traducciones\" \/>\n<meta property=\"og:description\" content=\"Politique de confidentialit\u00e9 1. UTILISATION ET TRAITEMENT DE DONN\u00c9ES \u00c0 CARACT\u00c8RE PERSONNEL De conformit\u00e9 avec les dispositions de la Loi Organique 15\/1999, du 13 d\u00e9cembre, de Protection de Donn\u00e9es \u00e0 Caract\u00e8re Personnel (dor\u00e9navant, LOPD), Trio Traducciones SL, avec si\u00e8ge social \u00e0 Madrid, Calle Benigno Soto, 12 local derecha 28002 Madrid, avec NIF (Num\u00e9ro d\u2019Identification Fiscal): [&hellip;]\" \/>\n<meta property=\"og:url\" content=\"https:\/\/triotraducciones.com\/fr\/politique-de-confidentialite\/\" \/>\n<meta property=\"og:site_name\" content=\"Trio Traducciones\" \/>\n<meta property=\"article:modified_time\" content=\"2023-07-10T17:14:41+00:00\" \/>\n<meta name=\"twitter:card\" content=\"summary_large_image\" \/>\n<meta name=\"twitter:label1\" content=\"Dur\u00e9e de lecture estim\u00e9e\" \/>\n\t<meta name=\"twitter:data1\" content=\"6 minutes\" \/>\n<script type=\"application\/ld+json\" class=\"yoast-schema-graph\">{\"@context\":\"https:\/\/schema.org\",\"@graph\":[{\"@type\":\"WebPage\",\"@id\":\"https:\/\/triotraducciones.com\/fr\/politique-de-confidentialite\/\",\"url\":\"https:\/\/triotraducciones.com\/fr\/politique-de-confidentialite\/\",\"name\":\"Politique de confidentialit\u00e9 - Trio Traducciones\",\"isPartOf\":{\"@id\":\"https:\/\/triotraducciones.com\/#website\"},\"datePublished\":\"2023-05-13T17:07:39+00:00\",\"dateModified\":\"2023-07-10T17:14:41+00:00\",\"breadcrumb\":{\"@id\":\"https:\/\/triotraducciones.com\/fr\/politique-de-confidentialite\/#breadcrumb\"},\"inLanguage\":\"fr-FR\",\"potentialAction\":[{\"@type\":\"ReadAction\",\"target\":[\"https:\/\/triotraducciones.com\/fr\/politique-de-confidentialite\/\"]}]},{\"@type\":\"BreadcrumbList\",\"@id\":\"https:\/\/triotraducciones.com\/fr\/politique-de-confidentialite\/#breadcrumb\",\"itemListElement\":[{\"@type\":\"ListItem\",\"position\":1,\"name\":\"Portada\",\"item\":\"https:\/\/triotraducciones.com\/fr\/\"},{\"@type\":\"ListItem\",\"position\":2,\"name\":\"Politique de confidentialit\u00e9\"}]},{\"@type\":\"WebSite\",\"@id\":\"https:\/\/triotraducciones.com\/#website\",\"url\":\"https:\/\/triotraducciones.com\/\",\"name\":\"Trio Traducciones\",\"description\":\"\",\"potentialAction\":[{\"@type\":\"SearchAction\",\"target\":{\"@type\":\"EntryPoint\",\"urlTemplate\":\"https:\/\/triotraducciones.com\/?s={search_term_string}\"},\"query-input\":\"required name=search_term_string\"}],\"inLanguage\":\"fr-FR\"}]}<\/script>\n<!-- \/ Yoast SEO plugin. -->","yoast_head_json":{"title":"Politique de confidentialit\u00e9 - Trio Traducciones","robots":{"index":"noindex","follow":"nofollow"},"og_locale":"fr_FR","og_type":"article","og_title":"Politique de confidentialit\u00e9 - Trio Traducciones","og_description":"Politique de confidentialit\u00e9 1. UTILISATION ET TRAITEMENT DE DONN\u00c9ES \u00c0 CARACT\u00c8RE PERSONNEL De conformit\u00e9 avec les dispositions de la Loi Organique 15\/1999, du 13 d\u00e9cembre, de Protection de Donn\u00e9es \u00e0 Caract\u00e8re Personnel (dor\u00e9navant, LOPD), Trio Traducciones SL, avec si\u00e8ge social \u00e0 Madrid, Calle Benigno Soto, 12 local derecha 28002 Madrid, avec NIF (Num\u00e9ro d\u2019Identification Fiscal): [&hellip;]","og_url":"https:\/\/triotraducciones.com\/fr\/politique-de-confidentialite\/","og_site_name":"Trio Traducciones","article_modified_time":"2023-07-10T17:14:41+00:00","twitter_card":"summary_large_image","twitter_misc":{"Dur\u00e9e de lecture estim\u00e9e":"6 minutes"},"schema":{"@context":"https:\/\/schema.org","@graph":[{"@type":"WebPage","@id":"https:\/\/triotraducciones.com\/fr\/politique-de-confidentialite\/","url":"https:\/\/triotraducciones.com\/fr\/politique-de-confidentialite\/","name":"Politique de confidentialit\u00e9 - Trio Traducciones","isPartOf":{"@id":"https:\/\/triotraducciones.com\/#website"},"datePublished":"2023-05-13T17:07:39+00:00","dateModified":"2023-07-10T17:14:41+00:00","breadcrumb":{"@id":"https:\/\/triotraducciones.com\/fr\/politique-de-confidentialite\/#breadcrumb"},"inLanguage":"fr-FR","potentialAction":[{"@type":"ReadAction","target":["https:\/\/triotraducciones.com\/fr\/politique-de-confidentialite\/"]}]},{"@type":"BreadcrumbList","@id":"https:\/\/triotraducciones.com\/fr\/politique-de-confidentialite\/#breadcrumb","itemListElement":[{"@type":"ListItem","position":1,"name":"Portada","item":"https:\/\/triotraducciones.com\/fr\/"},{"@type":"ListItem","position":2,"name":"Politique de confidentialit\u00e9"}]},{"@type":"WebSite","@id":"https:\/\/triotraducciones.com\/#website","url":"https:\/\/triotraducciones.com\/","name":"Trio Traducciones","description":"","potentialAction":[{"@type":"SearchAction","target":{"@type":"EntryPoint","urlTemplate":"https:\/\/triotraducciones.com\/?s={search_term_string}"},"query-input":"required name=search_term_string"}],"inLanguage":"fr-FR"}]}},"_links":{"self":[{"href":"https:\/\/triotraducciones.com\/fr\/wp-json\/wp\/v2\/pages\/1904","targetHints":{"allow":["GET"]}}],"collection":[{"href":"https:\/\/triotraducciones.com\/fr\/wp-json\/wp\/v2\/pages"}],"about":[{"href":"https:\/\/triotraducciones.com\/fr\/wp-json\/wp\/v2\/types\/page"}],"author":[{"embeddable":true,"href":"https:\/\/triotraducciones.com\/fr\/wp-json\/wp\/v2\/users\/1"}],"replies":[{"embeddable":true,"href":"https:\/\/triotraducciones.com\/fr\/wp-json\/wp\/v2\/comments?post=1904"}],"version-history":[{"count":3,"href":"https:\/\/triotraducciones.com\/fr\/wp-json\/wp\/v2\/pages\/1904\/revisions"}],"predecessor-version":[{"id":2174,"href":"https:\/\/triotraducciones.com\/fr\/wp-json\/wp\/v2\/pages\/1904\/revisions\/2174"}],"wp:attachment":[{"href":"https:\/\/triotraducciones.com\/fr\/wp-json\/wp\/v2\/media?parent=1904"}],"curies":[{"name":"wp","href":"https:\/\/api.w.org\/{rel}","templated":true}]}}