{"id":1906,"date":"2023-05-13T03:48:38","date_gmt":"2023-05-13T03:48:38","guid":{"rendered":"https:\/\/triotraducciones.com\/formas-de-pago\/"},"modified":"2023-06-27T21:55:04","modified_gmt":"2023-06-27T21:55:04","slug":"modes-de-paiement","status":"publish","type":"page","link":"https:\/\/triotraducciones.com\/fr\/modes-de-paiement\/","title":{"rendered":"Modes de paiement"},"content":{"rendered":"<h1>Modes de paiement<\/h1>\n<p><img decoding=\"async\" src=\"\/wp-content\/uploads\/yootheme\/features-hero-scroll-down.svg\" alt=\"\"><\/p>\n<ul>\n<li>\n        <a href=\"\/fr\/devis\/\">Demandez votre devis<\/a>\n    <\/li>\n<li>\n        <a href=\"\/fr\/contactez-nous\/\">Contactez-nous<\/a>\n    <\/li>\n<\/ul>\n<h2>Modes de paiement<\/h2>\n<p><img decoding=\"async\" src=\"\/wp-content\/uploads\/2023\/06\/pago-tarjeta.jpg\" alt=\"\"><\/p>\n<h5>Pour accepter votre devis, vous pouvez choisir le mode de paiement qui vous convient le mieux:<\/h5>\n<ul>\n<li>\n<p>        <img decoding=\"async\" src=\"\/wp-content\/uploads\/2023\/05\/transferencia.svg\" alt=\"\"><\/p>\n<div>\n<p><strong>Virement bancaire<\/strong><br \/>\u00e0 notre num\u00e9ro de compte:  ES82 0049 4774 22 2716085141. [BANCO SANTANDER].<\/p>\n<\/div>\n<\/li>\n<li>\n<p>        <img decoding=\"async\" src=\"\/wp-content\/uploads\/2023\/05\/deposit.svg\" alt=\"\"><\/p>\n<div>\n<p><strong>Dep\u00f4t bancaire: <\/strong><span>\u00a0<br \/><\/span>ES82 0049 4774\u00a022 2716085141 <br \/>[\u00e0 toute succursale de Banco Santander]<\/p>\n<\/div>\n<\/li>\n<li>\n<p>        <img decoding=\"async\" src=\"\/wp-content\/uploads\/2023\/05\/paypal-1.svg\" alt=\"\"><\/p>\n<div>\n<p><strong>Paiement par carte bancaire:<\/strong><span>\u00a0<br \/><\/span>Entrez votre num\u00e9ro de budget, le montant \u00e0 payer et les d\u00e9tails de votre carte bancaire:<\/p>\n<div style=\"text-align: center;\">\n<form action=\"https:\/\/www.paypal.com\/cgi-bin\/webscr\" method=\"post\"><input name=\"cmd\" type=\"hidden\" value=\"_s-xclick\" \/><input name=\"hosted_button_id\" type=\"hidden\" value=\"3NAUTKUWVJG4N\" \/>Vous pouvez payer avec Paypal<\/p>\n<p><input alt=\"PayPal. La forma r\u00e1pida y segura de pagar en Internet.\" name=\"submit\" src=\"https:\/\/triotraducciones.com\/wp-content\/uploads\/2023\/06\/paypal_fr.svg\" width=\"200px\" type=\"image\" \/><br \/><img loading=\"lazy\" decoding=\"async\" class=\"aligncenter\" src=\"https:\/\/www.paypalobjects.com\/es_ES\/i\/scr\/pixel.gif\" alt=\"\" width=\"1\" height=\"1\" border=\"0\" \/><\/form>\n<\/div>\n<\/div>\n<\/li>\n<\/ul>\n<p><!--more--><br \/>\n<!-- {\"type\":\"layout\",\"children\":[{\"name\":\"Hero\",\"type\":\"section\",\"props\":{\"animation\":\"fade\",\"animation_delay\":\"200\",\"header_transparent\":\"light\",\"header_transparent_noplaceholder\":true,\"height\":\"percent\",\"image\":\"wp-content\\\/uploads\\\/2023\\\/05\\\/formas-de-pago.jpg\",\"image_loading\":true,\"image_position\":\"center-center\",\"image_size\":\"cover\",\"media_overlay\":\"rgba(51, 60, 68, 0.7)\",\"overlap\":true,\"padding_remove_top\":false,\"style\":\"primary\",\"text_color\":\"light\",\"title_breakpoint\":\"xl\",\"title_position\":\"top-left\",\"title_rotation\":\"left\",\"vertical_align\":\"middle\",\"width\":\"default\"},\"children\":[{\"type\":\"row\",\"props\":{\"layout\":\"1-2,1-2\"},\"children\":[{\"type\":\"column\",\"props\":{\"image_position\":\"center-center\",\"position_sticky_breakpoint\":\"m\",\"width_medium\":\"1-2\"},\"children\":[{\"type\":\"headline\",\"props\":{\"content\":\"Modes de paiement\",\"text_align_breakpoint\":\"m\",\"text_align_fallback\":\"center\",\"title_element\":\"h1\",\"title_style\":\"heading-medium\"}},{\"type\":\"image\",\"props\":{\"image\":\"wp-content\\\/uploads\\\/yootheme\\\/features-hero-scroll-down.svg\",\"image_loading\":false,\"image_svg_animate\":false,\"image_svg_color\":\"primary\",\"image_svg_inline\":true,\"margin\":\"default\",\"visibility\":\"l\"}}]},{\"type\":\"column\",\"props\":{\"image_position\":\"center-center\",\"position_sticky_breakpoint\":\"m\",\"vertical_align\":\"middle\",\"width_medium\":\"1-2\"},\"children\":[{\"type\":\"button\",\"props\":{\"grid_column_gap\":\"small\",\"grid_row_gap\":\"small\",\"margin\":\"small\",\"margin_remove_bottom\":true,\"margin_remove_top\":false,\"text_align\":\"center\",\"text_align_breakpoint\":\"m\",\"text_align_fallback\":\"center\"},\"children\":[{\"type\":\"button_item\",\"props\":{\"button_style\":\"default\",\"content\":\"Demandez votre devis\",\"icon\":\"\",\"icon_align\":\"left\",\"link\":\"fr\\\/devis\\\/\",\"link_target\":\"blank\"}},{\"type\":\"button_item\",\"props\":{\"button_style\":\"primary\",\"content\":\"Contactez-nous\",\"icon\":\"\",\"icon_align\":\"left\",\"link\":\"fr\\\/contactez-nous\\\/\",\"link_target\":\"blank\"}}]}]}]}]},{\"name\":\"Extension\",\"type\":\"section\",\"props\":{\"animation\":\"slide-left-medium\",\"animation_delay\":\"200\",\"id\":\"cyo\",\"image_position\":\"center-center\",\"padding\":\"large\",\"padding_remove_bottom\":false,\"style\":\"default\",\"title_breakpoint\":\"xl\",\"title_position\":\"top-left\",\"title_rotation\":\"left\",\"vertical_align\":\"middle\",\"width\":\"default\"},\"children\":[{\"type\":\"row\",\"props\":{\"margin_remove_bottom\":true},\"children\":[{\"type\":\"column\",\"props\":{\"image_position\":\"center-center\",\"position_sticky_breakpoint\":\"m\"},\"children\":[{\"type\":\"headline\",\"props\":{\"content\":\"Modes de paiement\",\"title_color\":\"primary\",\"title_element\":\"h2\",\"title_style\":\"h1\"}}]}]},{\"type\":\"row\",\"props\":{\"column_gap\":\"large\",\"layout\":\"1-2,1-2\",\"margin\":\"medium\",\"row_gap\":\"large\",\"vertical_align\":true},\"children\":[{\"type\":\"column\",\"props\":{\"image_position\":\"center-center\",\"position_sticky_breakpoint\":\"m\",\"vertical_align\":\"middle\",\"width_medium\":\"1-2\"},\"children\":[{\"type\":\"image\",\"props\":{\"image\":\"wp-content\\\/uploads\\\/2023\\\/06\\\/pago-tarjeta.jpg\",\"image_border\":\"rounded\",\"image_svg_color\":\"emphasis\",\"image_width\":\"1240\",\"margin\":\"default\"}}]},{\"type\":\"column\",\"props\":{\"image_position\":\"center-center\",\"position_sticky_breakpoint\":\"m\",\"vertical_align\":\"middle\",\"width_medium\":\"1-2\"},\"children\":[{\"type\":\"headline\",\"props\":{\"content\":\"Pour accepter votre devis, vous pouvez choisir le mode de paiement qui vous convient le mieux:\",\"margin\":\"small\",\"margin_remove_top\":true,\"maxwidth\":\"xlarge\",\"title_element\":\"h5\"}},{\"type\":\"list\",\"props\":{\"column_breakpoint\":\"m\",\"image_align\":\"left\",\"image_svg_color\":\"primary\",\"image_svg_inline\":true,\"image_vertical_align\":false,\"image_width\":\"50\",\"list_element\":\"ul\",\"list_horizontal_separator\":\", \",\"list_style\":\"divider\",\"list_type\":\"vertical\",\"maxwidth\":\"xlarge\",\"show_image\":true,\"show_link\":true},\"children\":[{\"type\":\"list_item\",\"props\":{\"content\":\"\n\n<p><strong>Virement bancaire<\\\/strong><br \\\/>\\u00e0 notre num\\u00e9ro de compte:  ES82 0049 4774 22 2716085141. [BANCO SANTANDER].<\\\/p>\",\"image\":\"wp-content\\\/uploads\\\/2023\\\/05\\\/transferencia.svg\"}},{\"type\":\"list_item\",\"props\":{\"content\":\"\n\n<p><strong>Dep\\u00f4t bancaire: <\\\/strong><span>\\u00a0<br \\\/><\\\/span>ES82 0049 4774\\u00a022 2716085141 <br \\\/>[\\u00e0 toute succursale de Banco Santander]<\\\/p>\",\"image\":\"wp-content\\\/uploads\\\/2023\\\/05\\\/deposit.svg\"}},{\"type\":\"list_item\",\"props\":{\"content\":\"\n\n<p><strong>Paiement par carte bancaire:<\\\/strong><span>\\u00a0<br \\\/><\\\/span>Entrez votre num\\u00e9ro de budget, le montant \\u00e0 payer et les d\\u00e9tails de votre carte bancaire:<\\\/p>\\n\n\n<div style=\\\"text-align: center;\\\">\n\n<form action=\\\"https:\\\/\\\/www.paypal.com\\\/cgi-bin\\\/webscr\\\" method=\\\"post\\\"><input name=\\\"cmd\\\" type=\\\"hidden\\\" value=\\\"_s-xclick\\\" \\\/><input name=\\\"hosted_button_id\\\" type=\\\"hidden\\\" value=\\\"3NAUTKUWVJG4N\\\" \\\/>Vous pouvez payer avec Paypal<br \\\/><br \/><input alt=\\\"PayPal. La forma r\\u00e1pida y segura de pagar en Internet.\\\" name=\\\"submit\\\" src=\\\"https:\\\/\\\/triotraducciones.com\\\/wp-content\\\/uploads\\\/2023\\\/06\\\/paypal_fr.svg\\\" width=\\\"200px\\\" type=\\\"image\\\" \\\/><br \\\/><img class=\\\"aligncenter\\\" src=\\\"https:\\\/\\\/www.paypalobjects.com\\\/es_ES\\\/i\\\/scr\\\/pixel.gif\\\" alt=\\\"\\\" width=\\\"1\\\" height=\\\"1\\\" border=\\\"0\\\" \\\/><\\\/form><\\\/div>\",\"image\":\"wp-content\\\/uploads\\\/2023\\\/05\\\/paypal-1.svg\"}}]}]}]}]}],\"version\":\"4.0.7\"} --><\/p>\n","protected":false},"excerpt":{"rendered":"<p>Modes de paiement Demandez votre devis Contactez-nous Modes de paiement Pour accepter votre devis, vous pouvez choisir le mode de paiement qui vous convient le mieux: Virement bancaire\u00e0 notre num\u00e9ro de compte: ES82 0049 4774 22 2716085141. [BANCO SANTANDER]. Dep\u00f4t bancaire: \u00a0ES82 0049 4774\u00a022 2716085141 [\u00e0 toute succursale de Banco Santander] Paiement par carte bancaire:\u00a0Entrez [&hellip;]<\/p>\n","protected":false},"author":1,"featured_media":0,"parent":0,"menu_order":2,"comment_status":"open","ping_status":"closed","template":"","meta":{"footnotes":""},"class_list":["post-1906","page","type-page","status-publish","hentry"],"acf":[],"yoast_head":"<!-- This site is optimized with the Yoast SEO plugin v20.9 - https:\/\/yoast.com\/wordpress\/plugins\/seo\/ -->\n<title>Modes de paiement - Trio Traducciones<\/title>\n<meta name=\"robots\" content=\"index, follow, max-snippet:-1, max-image-preview:large, max-video-preview:-1\" \/>\n<link rel=\"canonical\" href=\"https:\/\/triotraducciones.com\/fr\/modes-de-paiement\/\" \/>\n<meta property=\"og:locale\" content=\"fr_FR\" \/>\n<meta property=\"og:type\" content=\"article\" \/>\n<meta property=\"og:title\" content=\"Modes de paiement - Trio Traducciones\" \/>\n<meta property=\"og:description\" content=\"Modes de paiement Demandez votre devis Contactez-nous Modes de paiement Pour accepter votre devis, vous pouvez choisir le mode de paiement qui vous convient le mieux: Virement bancaire\u00e0 notre num\u00e9ro de compte: ES82 0049 4774 22 2716085141. [BANCO SANTANDER]. Dep\u00f4t bancaire: \u00a0ES82 0049 4774\u00a022 2716085141 [\u00e0 toute succursale de Banco Santander] Paiement par carte bancaire:\u00a0Entrez [&hellip;]\" \/>\n<meta property=\"og:url\" content=\"https:\/\/triotraducciones.com\/fr\/modes-de-paiement\/\" \/>\n<meta property=\"og:site_name\" content=\"Trio Traducciones\" \/>\n<meta property=\"article:modified_time\" content=\"2023-06-27T21:55:04+00:00\" \/>\n<meta property=\"og:image\" content=\"https:\/\/www.paypalobjects.com\/es_ES\/i\/scr\/pixel.gif\" \/>\n<meta name=\"twitter:card\" content=\"summary_large_image\" \/>\n<meta name=\"twitter:label1\" content=\"Dur\u00e9e de lecture estim\u00e9e\" \/>\n\t<meta name=\"twitter:data1\" content=\"3 minutes\" \/>\n<script type=\"application\/ld+json\" class=\"yoast-schema-graph\">{\"@context\":\"https:\/\/schema.org\",\"@graph\":[{\"@type\":\"WebPage\",\"@id\":\"https:\/\/triotraducciones.com\/fr\/modes-de-paiement\/\",\"url\":\"https:\/\/triotraducciones.com\/fr\/modes-de-paiement\/\",\"name\":\"Modes de paiement - Trio Traducciones\",\"isPartOf\":{\"@id\":\"https:\/\/triotraducciones.com\/#website\"},\"datePublished\":\"2023-05-13T03:48:38+00:00\",\"dateModified\":\"2023-06-27T21:55:04+00:00\",\"breadcrumb\":{\"@id\":\"https:\/\/triotraducciones.com\/fr\/modes-de-paiement\/#breadcrumb\"},\"inLanguage\":\"fr-FR\",\"potentialAction\":[{\"@type\":\"ReadAction\",\"target\":[\"https:\/\/triotraducciones.com\/fr\/modes-de-paiement\/\"]}]},{\"@type\":\"BreadcrumbList\",\"@id\":\"https:\/\/triotraducciones.com\/fr\/modes-de-paiement\/#breadcrumb\",\"itemListElement\":[{\"@type\":\"ListItem\",\"position\":1,\"name\":\"Portada\",\"item\":\"https:\/\/triotraducciones.com\/fr\/\"},{\"@type\":\"ListItem\",\"position\":2,\"name\":\"Modes de paiement\"}]},{\"@type\":\"WebSite\",\"@id\":\"https:\/\/triotraducciones.com\/#website\",\"url\":\"https:\/\/triotraducciones.com\/\",\"name\":\"Trio Traducciones\",\"description\":\"\",\"potentialAction\":[{\"@type\":\"SearchAction\",\"target\":{\"@type\":\"EntryPoint\",\"urlTemplate\":\"https:\/\/triotraducciones.com\/?s={search_term_string}\"},\"query-input\":\"required name=search_term_string\"}],\"inLanguage\":\"fr-FR\"}]}<\/script>\n<!-- \/ Yoast SEO plugin. -->","yoast_head_json":{"title":"Modes de paiement - Trio Traducciones","robots":{"index":"index","follow":"follow","max-snippet":"max-snippet:-1","max-image-preview":"max-image-preview:large","max-video-preview":"max-video-preview:-1"},"canonical":"https:\/\/triotraducciones.com\/fr\/modes-de-paiement\/","og_locale":"fr_FR","og_type":"article","og_title":"Modes de paiement - Trio Traducciones","og_description":"Modes de paiement Demandez votre devis Contactez-nous Modes de paiement Pour accepter votre devis, vous pouvez choisir le mode de paiement qui vous convient le mieux: Virement bancaire\u00e0 notre num\u00e9ro de compte: ES82 0049 4774 22 2716085141. [BANCO SANTANDER]. Dep\u00f4t bancaire: \u00a0ES82 0049 4774\u00a022 2716085141 [\u00e0 toute succursale de Banco Santander] Paiement par carte bancaire:\u00a0Entrez [&hellip;]","og_url":"https:\/\/triotraducciones.com\/fr\/modes-de-paiement\/","og_site_name":"Trio Traducciones","article_modified_time":"2023-06-27T21:55:04+00:00","og_image":[{"url":"https:\/\/www.paypalobjects.com\/es_ES\/i\/scr\/pixel.gif"}],"twitter_card":"summary_large_image","twitter_misc":{"Dur\u00e9e de lecture estim\u00e9e":"3 minutes"},"schema":{"@context":"https:\/\/schema.org","@graph":[{"@type":"WebPage","@id":"https:\/\/triotraducciones.com\/fr\/modes-de-paiement\/","url":"https:\/\/triotraducciones.com\/fr\/modes-de-paiement\/","name":"Modes de paiement - Trio Traducciones","isPartOf":{"@id":"https:\/\/triotraducciones.com\/#website"},"datePublished":"2023-05-13T03:48:38+00:00","dateModified":"2023-06-27T21:55:04+00:00","breadcrumb":{"@id":"https:\/\/triotraducciones.com\/fr\/modes-de-paiement\/#breadcrumb"},"inLanguage":"fr-FR","potentialAction":[{"@type":"ReadAction","target":["https:\/\/triotraducciones.com\/fr\/modes-de-paiement\/"]}]},{"@type":"BreadcrumbList","@id":"https:\/\/triotraducciones.com\/fr\/modes-de-paiement\/#breadcrumb","itemListElement":[{"@type":"ListItem","position":1,"name":"Portada","item":"https:\/\/triotraducciones.com\/fr\/"},{"@type":"ListItem","position":2,"name":"Modes de paiement"}]},{"@type":"WebSite","@id":"https:\/\/triotraducciones.com\/#website","url":"https:\/\/triotraducciones.com\/","name":"Trio Traducciones","description":"","potentialAction":[{"@type":"SearchAction","target":{"@type":"EntryPoint","urlTemplate":"https:\/\/triotraducciones.com\/?s={search_term_string}"},"query-input":"required name=search_term_string"}],"inLanguage":"fr-FR"}]}},"_links":{"self":[{"href":"https:\/\/triotraducciones.com\/fr\/wp-json\/wp\/v2\/pages\/1906","targetHints":{"allow":["GET"]}}],"collection":[{"href":"https:\/\/triotraducciones.com\/fr\/wp-json\/wp\/v2\/pages"}],"about":[{"href":"https:\/\/triotraducciones.com\/fr\/wp-json\/wp\/v2\/types\/page"}],"author":[{"embeddable":true,"href":"https:\/\/triotraducciones.com\/fr\/wp-json\/wp\/v2\/users\/1"}],"replies":[{"embeddable":true,"href":"https:\/\/triotraducciones.com\/fr\/wp-json\/wp\/v2\/comments?post=1906"}],"version-history":[{"count":6,"href":"https:\/\/triotraducciones.com\/fr\/wp-json\/wp\/v2\/pages\/1906\/revisions"}],"predecessor-version":[{"id":2020,"href":"https:\/\/triotraducciones.com\/fr\/wp-json\/wp\/v2\/pages\/1906\/revisions\/2020"}],"wp:attachment":[{"href":"https:\/\/triotraducciones.com\/fr\/wp-json\/wp\/v2\/media?parent=1906"}],"curies":[{"name":"wp","href":"https:\/\/api.w.org\/{rel}","templated":true}]}}