{"id":1914,"date":"2023-05-12T16:42:19","date_gmt":"2023-05-12T16:42:19","guid":{"rendered":"https:\/\/triotraducciones.com\/traducciones-juradas\/"},"modified":"2023-07-10T16:26:48","modified_gmt":"2023-07-10T16:26:48","slug":"traductions-assermentees","status":"publish","type":"page","link":"https:\/\/triotraducciones.com\/fr\/traductions-assermentees\/","title":{"rendered":"Traductions asserment\u00e9es"},"content":{"rendered":"<h1>Traductions aserment\u00e9es<\/h1>\n<p><a href=\"#cloud\"><img decoding=\"async\" src=\"\/wp-content\/uploads\/yootheme\/features-hero-scroll-down.svg\" alt=\"\"><\/a><\/p>\n<ul>\n<li>\n        <a href=\"\/fr\/devis\/\">Demandez votre devis<\/a>\n    <\/li>\n<li>\n        <a href=\"\/fr\/contactez-nous\/\">Contactez-nous<\/a>\n    <\/li>\n<\/ul>\n<h2>Traductions asserment\u00e9es \u00e0 toutes les langues<\/h2>\n<div>\n<p>Nous r\u00e9alisons des traductions asserment\u00e9es officielles \u00e0 toutes les langues, qui porteront la certification, la signature et le cachet d\u2019un traducteur asserment\u00e9 de la langue correspondante, pour servir aupr\u00e8s des autorit\u00e9s comp\u00e9tentes.<\/p>\n<p>Le traducteur asserment\u00e9 fait foi publique de la v\u00e9racit\u00e9 de la traduction du document.<\/p>\n<\/div>\n<p><img decoding=\"async\" src=\"\/wp-content\/uploads\/2023\/05\/oficial_2.jpg\" alt=\"\"><\/p>\n<h2>\n<p>DEMANDEZ VOTRE DEVIS SANS ENGAGEMENT<\/p>\n<\/h2>\n<div>\n<p>Chez Trio Traducciones, nous voulons vous offrir la meilleure proposition con\u00e7ue sp\u00e9cialement pour vous<\/p>\n<\/div>\n<p>\n    <a href=\"\/fr\/devis\/\">Ici<\/a>\n<\/p>\n<h2>Questions fr\u00e9quentes<\/h2>\n<ul>\n<li>\n<h3>Qu\u2019est-ce qu\u2019un traducteur asserment\u00e9 ?<\/h3>\n<div>\n<div class=\"et_pb_text et_pb_bg_layout_light et_pb_text_align_left\">\n<p><span>Les traducteurs asserment\u00e9s sont des traducteurs officiels nomm\u00e9s par le Minist\u00e8re Espagnol des Affaires \u00c9trang\u00e8res et de la Coop\u00e9ration. Apr\u00e8s avoir r\u00e9ussi \u00e0 l\u2019examen officiel, le Minist\u00e8re leur conc\u00e8de le dipl\u00f4me de traducteur-interpr\u00e8te asserment\u00e9 et inscrit leur signature et leur cachet.<\/span><\/p>\n<\/div>\n<\/div>\n<\/li>\n<li>\n<h3>\u00c0 quoi sert une traduction asserment\u00e9e?<\/h3>\n<div>\n<p><span>La traduction asserment\u00e9e est souvent une condition requise pour pr\u00e9senter un document officiel espagnol aupr\u00e8s d\u2019organismes \u00e9trangers, ou pour la l\u00e9galisation en Espagne de documents provenant de l\u2019\u00e9tranger.<\/span><\/p>\n<\/div>\n<\/li>\n<li>\n<h3>Comment sont remises les traductions asserment\u00e9es ?<\/h3>\n<div>\n<p>Les traductions asserment\u00e9es seront remises imprim\u00e9es en papier, et cachet\u00e9es et sign\u00e9es, dans notre bureau ou par courrier certifi\u00e9 ou coursier. Sera aussi remis le fichier informatique en format PDF par email.<\/p>\n<h3>Exemples de traductions asserment\u00e9es :<\/h3>\n<ul>\n<li>Traduction asserment\u00e9e d\u2019actes de constitution.<\/li>\n<li>Traduction asserment\u00e9e de statuts sociaux.<\/li>\n<li>Traduction asserment\u00e9e de procurations.<\/li>\n<li>Traduction asserment\u00e9e d\u2019actes notari\u00e9s.<\/li>\n<li>Traduction asserment\u00e9e de contrats.<\/li>\n<li>Traduction asserment\u00e9e de brevets.<\/li>\n<li>Traduction asserment\u00e9e de licitations.<\/li>\n<li>Traduction asserment\u00e9e de certifications acad\u00e9miques.<\/li>\n<li>Traduction asserment\u00e9e d\u2019actes de naissance.<\/li>\n<li>Traduction asserment\u00e9e de certificats de mariage.<\/li>\n<li>Traduction asserment\u00e9e de certificats du casier judiciaire.<\/li>\n<li>Traduction asserment\u00e9e de jugements.<\/li>\n<li>Traduction asserment\u00e9e d\u2019homologations.<\/li>\n<li>Traduction asserment\u00e9e de rapports m\u00e9dicaux.<\/li>\n<\/ul>\n<\/div>\n<\/li>\n<li>\n<h3>Comment l\u00e9galiser une traduction asserment\u00e9e?<\/h3>\n<div>\n<p>L\u2019organisme requ\u00e9rant la traduction asserment\u00e9e peut aussi exiger que celle-ci soit aussi l\u00e9galis\u00e9e.<br \/>Il y a deux proc\u00e9dures fondamentales pour l\u00e9galiser les traductions asserment\u00e9es. La premi\u00e8re, et la plus commune, est celle de pr\u00e9senter la traduction asserment\u00e9e (avec le document original d\u00e9j\u00e0 l\u00e9galis\u00e9 aupr\u00e8s de l\u2019administration correspondante) aupr\u00e8s du Minist\u00e8re Espagnol des Affaires \u00c9trang\u00e8res et de la Coop\u00e9ration, \u00e0 Madrid, o\u00f9 est l\u00e9galis\u00e9e la signature du traducteur asserment\u00e9 dans chacune des traductions. Pour ceci, vous devrez prendre rendez-vous au Minist\u00e8re Espagnol des Affaires \u00c9trang\u00e8res (<a title=\"www.maec.es\" href=\"http:\/\/www.maec.es\/\">www.maec.es<\/a>).<\/p>\n<p>Quelquefois il faut compl\u00e9ter cette d\u00e9marche avec l\u2019authentification de cette diligence aupr\u00e8s du Consulat du pays de destination.<\/p>\n<p>La deuxi\u00e8me proc\u00e9dure est la certification notari\u00e9e. Elle consiste en la l\u00e9galisation de la signature du traducteur asserment\u00e9 dans une \u00e9tude de Notaire et en la post\u00e9rieure l\u00e9gitimation de la signature du notaire dans l\u2019Ordre des Notaires correspondant, o\u00f9 sera ajout\u00e9e l\u2019Apostille de La Haye \u2014si la traduction est destin\u00e9e \u00e0 un pays signataire de la Convention de La Haye\u2014 ou autres type de diligence si la destination du document est un pays non signataire de la Convention.<\/p>\n<p>Si vous ne pouvez pas vous occuper de cette d\u00e9marche personnellement, il y a des entreprises de l\u00e9galisation de documents et des cabinets d\u2019affaires sp\u00e9cialis\u00e9s qui peuvent s\u2019en occuper aber une autorisation notari\u00e9e.<\/p>\n<\/div>\n<\/li>\n<\/ul>\n<p><img decoding=\"async\" src=\"\/wp-content\/uploads\/2023\/05\/oficial_3-1.jpg\" alt=\"\"><\/p>\n<p><!--more--><br \/>\n<!-- {\"type\":\"layout\",\"children\":[{\"name\":\"Hero\",\"type\":\"section\",\"props\":{\"animation\":\"fade\",\"animation_delay\":\"200\",\"header_transparent\":\"light\",\"header_transparent_noplaceholder\":true,\"height\":\"percent\",\"image\":\"wp-content\\\/uploads\\\/2023\\\/05\\\/offcial.jpg\",\"image_loading\":true,\"image_position\":\"bottom-center\",\"image_size\":\"cover\",\"media_overlay\":\"rgba(51, 60, 68, 0.7)\",\"overlap\":true,\"padding_remove_top\":false,\"style\":\"primary\",\"text_color\":\"light\",\"title_breakpoint\":\"xl\",\"title_position\":\"top-left\",\"title_rotation\":\"left\",\"vertical_align\":\"middle\",\"width\":\"default\"},\"children\":[{\"type\":\"row\",\"props\":{\"layout\":\"1-2,1-2\"},\"children\":[{\"type\":\"column\",\"props\":{\"image_position\":\"center-center\",\"position_sticky_breakpoint\":\"m\",\"width_medium\":\"1-2\"},\"children\":[{\"type\":\"headline\",\"props\":{\"content\":\"Traductions aserment\\u00e9es\",\"text_align_breakpoint\":\"m\",\"text_align_fallback\":\"center\",\"title_element\":\"h1\",\"title_style\":\"heading-medium\"}},{\"type\":\"image\",\"props\":{\"image\":\"wp-content\\\/uploads\\\/yootheme\\\/features-hero-scroll-down.svg\",\"image_loading\":false,\"image_svg_animate\":false,\"image_svg_color\":\"primary\",\"image_svg_inline\":true,\"link\":\"#cloud\",\"margin\":\"default\",\"visibility\":\"l\"}}]},{\"type\":\"column\",\"props\":{\"image_position\":\"center-center\",\"position_sticky_breakpoint\":\"m\",\"vertical_align\":\"middle\",\"width_medium\":\"1-2\"},\"children\":[{\"type\":\"button\",\"props\":{\"grid_column_gap\":\"small\",\"grid_row_gap\":\"small\",\"margin\":\"small\",\"margin_remove_bottom\":true,\"margin_remove_top\":false,\"text_align\":\"center\",\"text_align_breakpoint\":\"m\",\"text_align_fallback\":\"center\"},\"children\":[{\"type\":\"button_item\",\"props\":{\"button_style\":\"default\",\"content\":\"Demandez votre devis\",\"icon\":\"\",\"icon_align\":\"left\",\"link\":\"fr\\\/devis\\\/\",\"link_target\":\"blank\"}},{\"type\":\"button_item\",\"props\":{\"button_style\":\"primary\",\"content\":\"Contactez-nous\",\"icon\":\"\",\"icon_align\":\"left\",\"link\":\"fr\\\/contactez-nous\\\/\",\"link_target\":\"blank\"}}]}]}]}]},{\"name\":\"Feature-01\",\"type\":\"section\",\"props\":{\"animation\":\"slide-bottom\",\"animation_delay\":\"200\",\"id\":\"cloud\",\"image_position\":\"center-center\",\"padding\":\"large\",\"padding_remove_bottom\":false,\"style\":\"default\",\"title\":\"All Devices\",\"title_breakpoint\":\"xl\",\"title_position\":\"center-left\",\"title_rotation\":\"left\",\"vertical_align\":\"middle\",\"width\":\"default\"},\"children\":[{\"type\":\"row\",\"children\":[{\"type\":\"column\",\"props\":{\"image_position\":\"center-center\",\"position_sticky_breakpoint\":\"m\"},\"children\":[{\"type\":\"headline\",\"props\":{\"content\":\"Traductions asserment\\u00e9es \\u00e0 toutes les langues\",\"title_color\":\"primary\",\"title_element\":\"h2\",\"title_style\":\"h1\"}}]}]},{\"type\":\"row\",\"props\":{\"layout\":\"1-2,1-2\",\"margin\":\"medium\",\"vertical_align\":true},\"children\":[{\"type\":\"column\",\"props\":{\"image_position\":\"center-center\",\"position_sticky_breakpoint\":\"m\",\"vertical_align\":\"middle\",\"width_medium\":\"1-2\"},\"children\":[{\"type\":\"text\",\"props\":{\"block_align\":\"center\",\"column_breakpoint\":\"m\",\"content\":\"\n\n<p>Nous r\\u00e9alisons des traductions asserment\\u00e9es officielles \\u00e0 toutes les langues, qui porteront la certification, la signature et le cachet d\\u2019un traducteur asserment\\u00e9 de la langue correspondante, pour servir aupr\\u00e8s des autorit\\u00e9s comp\\u00e9tentes.<\\\/p>\\n\n\n<p>Le traducteur asserment\\u00e9 fait foi publique de la v\\u00e9racit\\u00e9 de la traduction du document.<\\\/p>\",\"margin\":\"medium\",\"maxwidth_breakpoint\":\"s\",\"text_align\":\"left\",\"text_align_breakpoint\":\"m\",\"text_align_fallback\":\"center\"}}]},{\"type\":\"column\",\"props\":{\"image_position\":\"center-center\",\"position_sticky_breakpoint\":\"m\",\"vertical_align\":\"middle\",\"width_medium\":\"1-2\"},\"children\":[{\"type\":\"image\",\"props\":{\"image\":\"wp-content\\\/uploads\\\/2023\\\/05\\\/oficial_2.jpg\",\"image_border\":\"pill\",\"image_loading\":true,\"image_svg_color\":\"emphasis\",\"image_width\":\"830\",\"margin\":\"default\"}}]}]}]},{\"name\":\"Call to Action\",\"type\":\"section\",\"props\":{\"animation\":\"slide-bottom-medium\",\"animation_delay\":\"200\",\"id\":\"support\",\"image\":\"wp-content\\\/uploads\\\/2023\\\/05\\\/cta-2.jpg\",\"image_position\":\"center-center\",\"image_size\":\"cover\",\"media_overlay\":\"rgba(118, 183, 5, 0.7)\",\"media_overlay_gradient\":\"#76b705 \",\"style\":\"primary\",\"title_breakpoint\":\"xl\",\"title_position\":\"top-left\",\"title_rotation\":\"left\",\"vertical_align\":\"middle\",\"width\":\"default\"},\"children\":[{\"type\":\"row\",\"props\":{\"column_gap\":\"large\",\"layout\":\"1-3,2-3\",\"row_gap\":\"large\",\"vertical_align\":true,\"width\":\"small\"},\"children\":[{\"type\":\"column\",\"props\":{\"image_position\":\"center-center\",\"position_sticky_breakpoint\":\"m\",\"vertical_align\":\"middle\",\"width_medium\":\"1-3\"}},{\"type\":\"column\",\"props\":{\"image_position\":\"center-center\",\"order_first\":\"m\",\"position_sticky_breakpoint\":\"m\",\"vertical_align\":\"middle\",\"width_medium\":\"2-3\"},\"children\":[{\"type\":\"headline\",\"props\":{\"content\":\"\n\n<p>DEMANDEZ VOTRE DEVIS SANS ENGAGEMENT<\\\/p>\",\"margin_remove_bottom\":true,\"text_align\":\"left\",\"text_align_breakpoint\":\"m\",\"text_align_fallback\":\"center\",\"title_element\":\"h2\",\"title_style\":\"h1\"}},{\"type\":\"text\",\"props\":{\"column_breakpoint\":\"m\",\"content\":\"\n\n<p>Chez Trio Traducciones, nous voulons vous offrir la meilleure proposition con\\u00e7ue sp\\u00e9cialement pour vous<\\\/p>\",\"margin\":\"small\",\"margin_remove_bottom\":true,\"margin_remove_top\":true,\"text_align\":\"left\",\"text_align_breakpoint\":\"m\",\"text_align_fallback\":\"center\"}},{\"type\":\"button\",\"props\":{\"grid_column_gap\":\"small\",\"grid_row_gap\":\"collapse\",\"margin\":\"small\",\"margin_remove_bottom\":true,\"margin_remove_top\":false,\"text_align\":\"left\",\"text_align_breakpoint\":\"m\",\"text_align_fallback\":\"center\"},\"children\":[{\"type\":\"button_item\",\"props\":{\"button_style\":\"default\",\"content\":\"Ici\",\"icon\":\"arrow-right\",\"icon_align\":\"right\",\"link\":\"fr\\\/devis\\\/\"}}]}]}]}]},{\"name\":\"Feature-02\",\"type\":\"section\",\"props\":{\"animation\":\"slide-bottom\",\"animation_delay\":\"200\",\"id\":\"collaboration\",\"image_effect\":\"parallax\",\"image_parallax_bgy\":\"0,-300\",\"image_parallax_easing\":\"1\",\"image_position\":\"center-center\",\"padding\":\"large\",\"padding_remove_top\":false,\"style\":\"default\",\"title\":\"Teamwork\",\"title_breakpoint\":\"xl\",\"title_position\":\"center-right\",\"title_rotation\":\"left\",\"vertical_align\":\"middle\",\"width\":\"default\"},\"children\":[{\"type\":\"row\",\"props\":{\"layout\":\"1-2,1-2\",\"vertical_align\":true},\"children\":[{\"type\":\"column\",\"props\":{\"image_position\":\"center-center\",\"position_sticky_breakpoint\":\"m\",\"vertical_align\":\"middle\",\"width_medium\":\"1-2\"},\"children\":[{\"type\":\"headline\",\"props\":{\"content\":\"Questions fr\\u00e9quentes\",\"margin\":\"medium\",\"margin_remove_top\":true,\"text_align\":\"left\",\"text_align_breakpoint\":\"m\",\"text_align_fallback\":\"center\",\"title_color\":\"primary\",\"title_element\":\"h2\"}},{\"type\":\"accordion\",\"props\":{\"collapsible\":true,\"content_column_breakpoint\":\"m\",\"content_margin\":\"large\",\"image_align\":\"top\",\"image_grid_breakpoint\":\"m\",\"image_grid_width\":\"1-2\",\"image_svg_color\":\"emphasis\",\"link_style\":\"default\",\"link_text\":\"Read more\",\"show_image\":true,\"show_link\":true},\"children\":[{\"type\":\"accordion_item\",\"props\":{\"content\":\"\n\n<div class=\\\"et_pb_text et_pb_bg_layout_light et_pb_text_align_left\\\">\\n\n\n<p><span>Les traducteurs asserment\\u00e9s sont des traducteurs officiels nomm\\u00e9s par le Minist\\u00e8re Espagnol des Affaires \\u00c9trang\\u00e8res et de la Coop\\u00e9ration. Apr\\u00e8s avoir r\\u00e9ussi \\u00e0 l\\u2019examen officiel, le Minist\\u00e8re leur conc\\u00e8de le dipl\\u00f4me de traducteur-interpr\\u00e8te asserment\\u00e9 et inscrit leur signature et leur cachet.<\\\/span><\\\/p>\\n<\\\/div>\",\"title\":\"Qu\\u2019est-ce qu\\u2019un traducteur asserment\\u00e9 ?\"}},{\"type\":\"accordion_item\",\"props\":{\"content\":\"\n\n<p><span>La traduction asserment\\u00e9e est souvent une condition requise pour pr\\u00e9senter un document officiel espagnol aupr\\u00e8s d\\u2019organismes \\u00e9trangers, ou pour la l\\u00e9galisation en Espagne de documents provenant de l\\u2019\\u00e9tranger.<\\\/span><\\\/p>\",\"title\":\"\\u00c0 quoi sert une traduction asserment\\u00e9e?\"}},{\"type\":\"accordion_item\",\"props\":{\"content\":\"\n\n<p>Les traductions asserment\\u00e9es seront remises imprim\\u00e9es en papier, et cachet\\u00e9es et sign\\u00e9es, dans notre bureau ou par courrier certifi\\u00e9 ou coursier. Sera aussi remis le fichier informatique en format PDF par email.<\\\/p>\\n\n\n<h3>Exemples de traductions asserment\\u00e9es :<\\\/h3>\\n\n\n<ul>\\n\n\n<li>Traduction asserment\\u00e9e d\\u2019actes de constitution.<\\\/li>\\n\n\n<li>Traduction asserment\\u00e9e de statuts sociaux.<\\\/li>\\n\n\n<li>Traduction asserment\\u00e9e de procurations.<\\\/li>\\n\n\n<li>Traduction asserment\\u00e9e d\\u2019actes notari\\u00e9s.<\\\/li>\\n\n\n<li>Traduction asserment\\u00e9e de contrats.<\\\/li>\\n\n\n<li>Traduction asserment\\u00e9e de brevets.<\\\/li>\\n\n\n<li>Traduction asserment\\u00e9e de licitations.<\\\/li>\\n\n\n<li>Traduction asserment\\u00e9e de certifications acad\\u00e9miques.<\\\/li>\\n\n\n<li>Traduction asserment\\u00e9e d\\u2019actes de naissance.<\\\/li>\\n\n\n<li>Traduction asserment\\u00e9e de certificats de mariage.<\\\/li>\\n\n\n<li>Traduction asserment\\u00e9e de certificats du casier judiciaire.<\\\/li>\\n\n\n<li>Traduction asserment\\u00e9e de jugements.<\\\/li>\\n\n\n<li>Traduction asserment\\u00e9e d\\u2019homologations.<\\\/li>\\n\n\n<li>Traduction asserment\\u00e9e de rapports m\\u00e9dicaux.<\\\/li>\\n<\\\/ul>\",\"title\":\"Comment sont remises les traductions asserment\\u00e9es ?\"}},{\"type\":\"accordion_item\",\"props\":{\"content\":\"\n\n<p>L\\u2019organisme requ\\u00e9rant la traduction asserment\\u00e9e peut aussi exiger que celle-ci soit aussi l\\u00e9galis\\u00e9e.<br \\\/>Il y a deux proc\\u00e9dures fondamentales pour l\\u00e9galiser les traductions asserment\\u00e9es. La premi\\u00e8re, et la plus commune, est celle de pr\\u00e9senter la traduction asserment\\u00e9e (avec le document original d\\u00e9j\\u00e0 l\\u00e9galis\\u00e9 aupr\\u00e8s de l\\u2019administration correspondante) aupr\\u00e8s du Minist\\u00e8re Espagnol des Affaires \\u00c9trang\\u00e8res et de la Coop\\u00e9ration, \\u00e0 Madrid, o\\u00f9 est l\\u00e9galis\\u00e9e la signature du traducteur asserment\\u00e9 dans chacune des traductions. Pour ceci, vous devrez prendre rendez-vous au Minist\\u00e8re Espagnol des Affaires \\u00c9trang\\u00e8res (<a title=\\\"www.maec.es\\\" href=\\\"http:\\\/\\\/www.maec.es\\\/\\\">www.maec.es<\\\/a>).<\\\/p>\\n\n\n<p>Quelquefois il faut compl\\u00e9ter cette d\\u00e9marche avec l\\u2019authentification de cette diligence aupr\\u00e8s du Consulat du pays de destination.<\\\/p>\\n\n\n<p>La deuxi\\u00e8me proc\\u00e9dure est la certification notari\\u00e9e. Elle consiste en la l\\u00e9galisation de la signature du traducteur asserment\\u00e9 dans une \\u00e9tude de Notaire et en la post\\u00e9rieure l\\u00e9gitimation de la signature du notaire dans l\\u2019Ordre des Notaires correspondant, o\\u00f9 sera ajout\\u00e9e l\\u2019Apostille de La Haye \\u2014si la traduction est destin\\u00e9e \\u00e0 un pays signataire de la Convention de La Haye\\u2014 ou autres type de diligence si la destination du document est un pays non signataire de la Convention.<\\\/p>\\n\n\n<p>Si vous ne pouvez pas vous occuper de cette d\\u00e9marche personnellement, il y a des entreprises de l\\u00e9galisation de documents et des cabinets d\\u2019affaires sp\\u00e9cialis\\u00e9s qui peuvent s\\u2019en occuper aber une autorisation notari\\u00e9e.<\\\/p>\",\"title\":\"Comment l\\u00e9galiser une traduction asserment\\u00e9e?\"}}]}]},{\"type\":\"column\",\"props\":{\"image_position\":\"center-center\",\"position_sticky_breakpoint\":\"m\",\"vertical_align\":\"middle\",\"width_medium\":\"1-2\"},\"children\":[{\"type\":\"image\",\"props\":{\"image\":\"wp-content\\\/uploads\\\/2023\\\/05\\\/oficial_3-1.jpg\",\"image_border\":\"pill\",\"image_svg_color\":\"emphasis\",\"margin\":\"default\"}}]}]}]}],\"version\":\"4.0.7\"} --><\/p>\n","protected":false},"excerpt":{"rendered":"<p>Traductions aserment\u00e9es Demandez votre devis Contactez-nous Traductions asserment\u00e9es \u00e0 toutes les langues Nous r\u00e9alisons des traductions asserment\u00e9es officielles \u00e0 toutes les langues, qui porteront la certification, la signature et le cachet d\u2019un traducteur asserment\u00e9 de la langue correspondante, pour servir aupr\u00e8s des autorit\u00e9s comp\u00e9tentes. Le traducteur asserment\u00e9 fait foi publique de la v\u00e9racit\u00e9 de la [&hellip;]<\/p>\n","protected":false},"author":1,"featured_media":0,"parent":0,"menu_order":3,"comment_status":"closed","ping_status":"closed","template":"","meta":{"footnotes":""},"class_list":["post-1914","page","type-page","status-publish","hentry"],"acf":[],"yoast_head":"<!-- This site is optimized with the Yoast SEO plugin v20.9 - https:\/\/yoast.com\/wordpress\/plugins\/seo\/ -->\n<title>Traductions asserment\u00e9es - Trio Traducciones<\/title>\n<meta name=\"robots\" content=\"index, follow, max-snippet:-1, max-image-preview:large, max-video-preview:-1\" \/>\n<link rel=\"canonical\" href=\"https:\/\/triotraducciones.com\/fr\/traductions-assermentees\/\" \/>\n<meta property=\"og:locale\" content=\"fr_FR\" \/>\n<meta property=\"og:type\" content=\"article\" \/>\n<meta property=\"og:title\" content=\"Traductions asserment\u00e9es - Trio Traducciones\" \/>\n<meta property=\"og:description\" content=\"Traductions aserment\u00e9es Demandez votre devis Contactez-nous Traductions asserment\u00e9es \u00e0 toutes les langues Nous r\u00e9alisons des traductions asserment\u00e9es officielles \u00e0 toutes les langues, qui porteront la certification, la signature et le cachet d\u2019un traducteur asserment\u00e9 de la langue correspondante, pour servir aupr\u00e8s des autorit\u00e9s comp\u00e9tentes. Le traducteur asserment\u00e9 fait foi publique de la v\u00e9racit\u00e9 de la [&hellip;]\" \/>\n<meta property=\"og:url\" content=\"https:\/\/triotraducciones.com\/fr\/traductions-assermentees\/\" \/>\n<meta property=\"og:site_name\" content=\"Trio Traducciones\" \/>\n<meta property=\"article:modified_time\" content=\"2023-07-10T16:26:48+00:00\" \/>\n<meta name=\"twitter:card\" content=\"summary_large_image\" \/>\n<meta name=\"twitter:label1\" content=\"Dur\u00e9e de lecture estim\u00e9e\" \/>\n\t<meta name=\"twitter:data1\" content=\"6 minutes\" \/>\n<script type=\"application\/ld+json\" class=\"yoast-schema-graph\">{\"@context\":\"https:\/\/schema.org\",\"@graph\":[{\"@type\":\"WebPage\",\"@id\":\"https:\/\/triotraducciones.com\/fr\/traductions-assermentees\/\",\"url\":\"https:\/\/triotraducciones.com\/fr\/traductions-assermentees\/\",\"name\":\"Traductions asserment\u00e9es - Trio Traducciones\",\"isPartOf\":{\"@id\":\"https:\/\/triotraducciones.com\/#website\"},\"datePublished\":\"2023-05-12T16:42:19+00:00\",\"dateModified\":\"2023-07-10T16:26:48+00:00\",\"breadcrumb\":{\"@id\":\"https:\/\/triotraducciones.com\/fr\/traductions-assermentees\/#breadcrumb\"},\"inLanguage\":\"fr-FR\",\"potentialAction\":[{\"@type\":\"ReadAction\",\"target\":[\"https:\/\/triotraducciones.com\/fr\/traductions-assermentees\/\"]}]},{\"@type\":\"BreadcrumbList\",\"@id\":\"https:\/\/triotraducciones.com\/fr\/traductions-assermentees\/#breadcrumb\",\"itemListElement\":[{\"@type\":\"ListItem\",\"position\":1,\"name\":\"Portada\",\"item\":\"https:\/\/triotraducciones.com\/fr\/\"},{\"@type\":\"ListItem\",\"position\":2,\"name\":\"Traductions asserment\u00e9es\"}]},{\"@type\":\"WebSite\",\"@id\":\"https:\/\/triotraducciones.com\/#website\",\"url\":\"https:\/\/triotraducciones.com\/\",\"name\":\"Trio Traducciones\",\"description\":\"\",\"potentialAction\":[{\"@type\":\"SearchAction\",\"target\":{\"@type\":\"EntryPoint\",\"urlTemplate\":\"https:\/\/triotraducciones.com\/?s={search_term_string}\"},\"query-input\":\"required name=search_term_string\"}],\"inLanguage\":\"fr-FR\"}]}<\/script>\n<!-- \/ Yoast SEO plugin. -->","yoast_head_json":{"title":"Traductions asserment\u00e9es - Trio Traducciones","robots":{"index":"index","follow":"follow","max-snippet":"max-snippet:-1","max-image-preview":"max-image-preview:large","max-video-preview":"max-video-preview:-1"},"canonical":"https:\/\/triotraducciones.com\/fr\/traductions-assermentees\/","og_locale":"fr_FR","og_type":"article","og_title":"Traductions asserment\u00e9es - Trio Traducciones","og_description":"Traductions aserment\u00e9es Demandez votre devis Contactez-nous Traductions asserment\u00e9es \u00e0 toutes les langues Nous r\u00e9alisons des traductions asserment\u00e9es officielles \u00e0 toutes les langues, qui porteront la certification, la signature et le cachet d\u2019un traducteur asserment\u00e9 de la langue correspondante, pour servir aupr\u00e8s des autorit\u00e9s comp\u00e9tentes. Le traducteur asserment\u00e9 fait foi publique de la v\u00e9racit\u00e9 de la [&hellip;]","og_url":"https:\/\/triotraducciones.com\/fr\/traductions-assermentees\/","og_site_name":"Trio Traducciones","article_modified_time":"2023-07-10T16:26:48+00:00","twitter_card":"summary_large_image","twitter_misc":{"Dur\u00e9e de lecture estim\u00e9e":"6 minutes"},"schema":{"@context":"https:\/\/schema.org","@graph":[{"@type":"WebPage","@id":"https:\/\/triotraducciones.com\/fr\/traductions-assermentees\/","url":"https:\/\/triotraducciones.com\/fr\/traductions-assermentees\/","name":"Traductions asserment\u00e9es - Trio Traducciones","isPartOf":{"@id":"https:\/\/triotraducciones.com\/#website"},"datePublished":"2023-05-12T16:42:19+00:00","dateModified":"2023-07-10T16:26:48+00:00","breadcrumb":{"@id":"https:\/\/triotraducciones.com\/fr\/traductions-assermentees\/#breadcrumb"},"inLanguage":"fr-FR","potentialAction":[{"@type":"ReadAction","target":["https:\/\/triotraducciones.com\/fr\/traductions-assermentees\/"]}]},{"@type":"BreadcrumbList","@id":"https:\/\/triotraducciones.com\/fr\/traductions-assermentees\/#breadcrumb","itemListElement":[{"@type":"ListItem","position":1,"name":"Portada","item":"https:\/\/triotraducciones.com\/fr\/"},{"@type":"ListItem","position":2,"name":"Traductions asserment\u00e9es"}]},{"@type":"WebSite","@id":"https:\/\/triotraducciones.com\/#website","url":"https:\/\/triotraducciones.com\/","name":"Trio Traducciones","description":"","potentialAction":[{"@type":"SearchAction","target":{"@type":"EntryPoint","urlTemplate":"https:\/\/triotraducciones.com\/?s={search_term_string}"},"query-input":"required name=search_term_string"}],"inLanguage":"fr-FR"}]}},"_links":{"self":[{"href":"https:\/\/triotraducciones.com\/fr\/wp-json\/wp\/v2\/pages\/1914","targetHints":{"allow":["GET"]}}],"collection":[{"href":"https:\/\/triotraducciones.com\/fr\/wp-json\/wp\/v2\/pages"}],"about":[{"href":"https:\/\/triotraducciones.com\/fr\/wp-json\/wp\/v2\/types\/page"}],"author":[{"embeddable":true,"href":"https:\/\/triotraducciones.com\/fr\/wp-json\/wp\/v2\/users\/1"}],"replies":[{"embeddable":true,"href":"https:\/\/triotraducciones.com\/fr\/wp-json\/wp\/v2\/comments?post=1914"}],"version-history":[{"count":4,"href":"https:\/\/triotraducciones.com\/fr\/wp-json\/wp\/v2\/pages\/1914\/revisions"}],"predecessor-version":[{"id":2167,"href":"https:\/\/triotraducciones.com\/fr\/wp-json\/wp\/v2\/pages\/1914\/revisions\/2167"}],"wp:attachment":[{"href":"https:\/\/triotraducciones.com\/fr\/wp-json\/wp\/v2\/media?parent=1914"}],"curies":[{"name":"wp","href":"https:\/\/api.w.org\/{rel}","templated":true}]}}