{"id":1922,"date":"2023-05-12T20:53:15","date_gmt":"2023-05-12T20:53:15","guid":{"rendered":"https:\/\/triotraducciones.com\/contacto\/"},"modified":"2023-06-28T23:34:15","modified_gmt":"2023-06-28T23:34:15","slug":"contactez-nous","status":"publish","type":"page","link":"https:\/\/triotraducciones.com\/fr\/contactez-nous\/","title":{"rendered":"Contactez-nous"},"content":{"rendered":"<h1>Contactez-nous<\/h1>\n<p><a href=\"#cloud\"><img decoding=\"async\" src=\"\/wp-content\/uploads\/yootheme\/features-hero-scroll-down.svg\" alt=\"\"><\/a><br \/>\n<img decoding=\"async\" src=\"\/wp-content\/uploads\/yootheme\/features-hero-bg-03.svg\" alt=\"\"><\/p>\n<h2>Contactez-nous<\/h2>\n<ul>\n<li>\n<div>\n<p><span>T\u00e9l\u00e9phones de contact : \u00a0<br \/><\/span><strong><a href=\"tel:+34633441170\" target=\"_blank\">633 44 11 70<\/a><\/strong><\/p>\n<\/div>\n<\/li>\n<li>\n<div>\n<p><span>Courriel:\u00a0<br \/><\/span><strong><a href=\"mailto:contacto@triotraducciones.com\">contacto@triotraducciones.com<\/a><\/strong><\/p>\n<\/div>\n<\/li>\n<\/ul>\n<ul>\n<li>\n<p><a href=\"https:\/\/www.facebook.com\/trio.traducciones\">Facebook<\/a><\/p>\n<\/li>\n<li>\n<p><a href=\"https:\/\/www.linkedin.com\/company\/trio-traducciones\">Linkedin<\/a><\/p>\n<\/li>\n<\/ul>\n<p><img decoding=\"async\" src=\"\/wp-content\/uploads\/2023\/05\/contacto-4.jpg\" alt=\"\"><\/p>\n<div>Si vous souhaitez nous poser des questions, obtenir des informations sur les tarifs ou en savoir plus sur tous nos services, remplissez le formulaire suivant et nous vous contacterons. Vous pouvez \u00e9galement nous contacter via nos coordonn\u00e9es.<\/div>\n<div>\n<div class=\"wpcf7 no-js\" id=\"wpcf7-f2035-o1\" lang=\"es-ES\" dir=\"ltr\">\n<div class=\"screen-reader-response\"><p role=\"status\" aria-live=\"polite\" aria-atomic=\"true\"><\/p> <ul><\/ul><\/div>\n<form action=\"\/fr\/wp-json\/wp\/v2\/pages\/1922#wpcf7-f2035-o1\" method=\"post\" class=\"wpcf7-form init\" aria-label=\"Formulario de contacto\" novalidate=\"novalidate\" data-status=\"init\">\n<div style=\"display: none;\">\n<input type=\"hidden\" name=\"_wpcf7\" value=\"2035\" \/>\n<input type=\"hidden\" name=\"_wpcf7_version\" value=\"5.7.7\" \/>\n<input type=\"hidden\" name=\"_wpcf7_locale\" value=\"es_ES\" \/>\n<input type=\"hidden\" name=\"_wpcf7_unit_tag\" value=\"wpcf7-f2035-o1\" \/>\n<input type=\"hidden\" name=\"_wpcf7_container_post\" value=\"0\" \/>\n<input type=\"hidden\" name=\"_wpcf7_posted_data_hash\" value=\"\" \/>\n<input type=\"hidden\" name=\"_wpcf7cf_hidden_group_fields\" value=\"[]\" \/>\n<input type=\"hidden\" name=\"_wpcf7cf_hidden_groups\" value=\"[]\" \/>\n<input type=\"hidden\" name=\"_wpcf7cf_visible_groups\" value=\"[]\" \/>\n<input type=\"hidden\" name=\"_wpcf7cf_repeaters\" value=\"[]\" \/>\n<input type=\"hidden\" name=\"_wpcf7cf_steps\" value=\"{}\" \/>\n<input type=\"hidden\" name=\"_wpcf7cf_options\" value=\"{&quot;form_id&quot;:2035,&quot;conditions&quot;:[],&quot;settings&quot;:{&quot;animation&quot;:&quot;yes&quot;,&quot;animation_intime&quot;:200,&quot;animation_outtime&quot;:200,&quot;conditions_ui&quot;:&quot;normal&quot;,&quot;notice_dismissed&quot;:false}}\" \/>\n<input type=\"hidden\" name=\"_wpcf7_recaptcha_response\" value=\"\" \/>\n<\/div>\n<div class=\"wpcf7-response-output\" aria-hidden=\"true\"><\/div>\n<p><span class=\"wpcf7-form-control-wrap\" data-name=\"your-name\"><input size=\"40\" class=\"wpcf7-form-control wpcf7-text wpcf7-validates-as-required\" aria-required=\"true\" aria-invalid=\"false\" placeholder=\"Votre nom (obligatoire)\" value=\"\" type=\"text\" name=\"your-name\" \/><\/span>\n<\/p>\n<p><span class=\"wpcf7-form-control-wrap\" data-name=\"your-email\"><input size=\"40\" class=\"wpcf7-form-control wpcf7-text wpcf7-email wpcf7-validates-as-required wpcf7-validates-as-email\" aria-required=\"true\" aria-invalid=\"false\" placeholder=\"Votre courriel (obligatoire)\" value=\"\" type=\"email\" name=\"your-email\" \/><\/span>\n<\/p>\n<p><span class=\"wpcf7-form-control-wrap\" data-name=\"tel-672\"><input size=\"9\" maxlength=\"9\" class=\"wpcf7-form-control wpcf7-text wpcf7-tel wpcf7-validates-as-required wpcf7-validates-as-tel\" aria-required=\"true\" aria-invalid=\"false\" placeholder=\"Votre t\u00e9l\u00e9phone (obligatoire)\" value=\"\" type=\"tel\" name=\"tel-672\" \/><\/span>\n<\/p>\n<p><span class=\"wpcf7-form-control-wrap\" data-name=\"your-subject\"><input size=\"40\" class=\"wpcf7-form-control wpcf7-text\" aria-invalid=\"false\" placeholder=\"Sujet\" value=\"\" type=\"text\" name=\"your-subject\" \/><\/span>\n<\/p>\n<p><span class=\"wpcf7-form-control-wrap\" data-name=\"your-message\"><textarea cols=\"40\" rows=\"10\" class=\"wpcf7-form-control wpcf7-textarea\" aria-invalid=\"false\" placeholder=\"Votre message\" name=\"your-message\"><\/textarea><\/span>\n<\/p>\n<div class=\"notice-text\">\n\t<p><span class=\"wpcf7-form-control-wrap\" data-name=\"acceptance-536\"><span class=\"wpcf7-form-control wpcf7-acceptance\"><span class=\"wpcf7-list-item\"><input type=\"checkbox\" name=\"acceptance-536\" value=\"1\" aria-invalid=\"false\" \/><\/span><\/span><\/span> J'ai lu et j'accepte le <a href=\"https:\/\/triotraducciones.com\/fr\/politique-de-confidentialite\/\" target=\"_blank\">Politique de confidentialit\u00e9 <\/a> et je consens express\u00e9ment \u00e0 ce que Trio Traducciones SL utilise les informations que j'ai fournissez dans ce formulaire pour \u00eatre en contact avec moi. Trio Traducciones SL traitera l'informations avec respect. Pour plus d'informations sur nos pratiques de confidentialit\u00e9, veuillez consulter nos liens. En cliquant ci-dessous, vous acceptez que nous puissions traiter vos informations conform\u00e9ment \u00e0 ces conditions.\n\t<\/p>\n<\/div>\n<p><input class=\"wpcf7-form-control has-spinner wpcf7-submit uk-button-primary el-content uk-button\" type=\"submit\" value=\"Envoyer\" \/>\n<\/p>\n<\/form>\n<\/div>\n<\/div>\n<p><!--more--><br \/>\n<!-- {\"name\":\"Company\",\"type\":\"layout\",\"children\":[{\"name\":\"Hero\",\"type\":\"section\",\"props\":{\"animation\":\"fade\",\"animation_delay\":\"200\",\"header_transparent\":\"light\",\"header_transparent_noplaceholder\":true,\"height\":\"percent\",\"image\":\"wp-content\\\/uploads\\\/2023\\\/05\\\/contacto_2.jpg\",\"image_loading\":true,\"image_position\":\"center-center\",\"image_size\":\"cover\",\"media_overlay\":\"rgba(51, 60, 68, 0.7)\",\"overlap\":true,\"padding_remove_top\":false,\"style\":\"primary\",\"text_color\":\"light\",\"title_breakpoint\":\"xl\",\"title_position\":\"top-left\",\"title_rotation\":\"left\",\"vertical_align\":\"middle\",\"width\":\"default\"},\"children\":[{\"type\":\"row\",\"props\":{\"layout\":\"expand,large\"},\"children\":[{\"type\":\"column\",\"props\":{\"image_position\":\"center-center\",\"position_sticky_breakpoint\":\"m\",\"width_small\":\"expand\"},\"children\":[{\"type\":\"headline\",\"props\":{\"content\":\"Contactez-nous\",\"text_align_breakpoint\":\"m\",\"text_align_fallback\":\"center\",\"title_element\":\"h1\",\"title_style\":\"heading-medium\"}},{\"type\":\"image\",\"props\":{\"image\":\"wp-content\\\/uploads\\\/yootheme\\\/features-hero-scroll-down.svg\",\"image_loading\":false,\"image_svg_animate\":false,\"image_svg_color\":\"primary\",\"image_svg_inline\":true,\"link\":\"#cloud\",\"margin\":\"default\"}}]},{\"type\":\"column\",\"props\":{\"image_position\":\"center-center\",\"position_sticky_breakpoint\":\"m\",\"width_small\":\"medium\"},\"children\":[{\"type\":\"image\",\"props\":{\"animation\":\"parallax\",\"image\":\"wp-content\\\/uploads\\\/yootheme\\\/features-hero-bg-03.svg\",\"image_loading\":true,\"image_svg_color\":\"success\",\"image_svg_inline\":true,\"margin\":\"default\",\"parallax_easing\":\"1\",\"parallax_y\":\"500,100\",\"visibility\":\"s\"}}]}]}]},{\"name\":\"Contact\",\"type\":\"section\",\"props\":{\"id\":\"contact\",\"image_position\":\"center-center\",\"padding\":\"large\",\"padding_remove_bottom\":true,\"style\":\"default\",\"title_breakpoint\":\"xl\",\"title_position\":\"top-left\",\"title_rotation\":\"left\",\"vertical_align\":\"middle\",\"width\":\"default\"},\"children\":[{\"type\":\"row\",\"props\":{\"margin_remove_bottom\":true},\"children\":[{\"type\":\"column\",\"props\":{\"image_position\":\"center-center\",\"position_sticky_breakpoint\":\"m\",\"width_medium\":\"1-1\"},\"children\":[{\"type\":\"headline\",\"props\":{\"content\":\"Contactez-nous\",\"title_color\":\"primary\",\"title_element\":\"h2\",\"title_style\":\"h1\"}}]}]},{\"type\":\"row\",\"props\":{\"column_gap\":\"large\",\"layout\":\"1-3,1-3,1-3\",\"margin\":\"medium\",\"margin_remove_top\":false,\"row_gap\":\"large\"},\"children\":[{\"type\":\"column\",\"props\":{\"image_position\":\"center-center\",\"position_sticky_breakpoint\":\"m\",\"width_medium\":\"1-3\"}},{\"type\":\"column\",\"props\":{\"image_position\":\"center-center\",\"position_sticky_breakpoint\":\"m\",\"width_medium\":\"1-3\"},\"children\":[{\"type\":\"list\",\"props\":{\"column_breakpoint\":\"m\",\"image_align\":\"left\",\"image_svg_color\":\"emphasis\",\"image_vertical_align\":true,\"list_element\":\"ul\",\"list_horizontal_separator\":\", \",\"list_type\":\"vertical\",\"show_image\":true,\"show_link\":true},\"children\":[{\"type\":\"list_item\",\"props\":{\"content\":\"\n\n<p><span>T\\u00e9l\\u00e9phones de contact : \\u00a0<br \\\/><\\\/span><strong><a href=\\\"tel:+34633441170\\\" target=\\\"_blank\\\">633 44 11 70<\\\/a><\\\/strong><\\\/p>\",\"link_target\":true}},{\"type\":\"list_item\",\"props\":{\"content\":\"\n\n<p><span>Courriel:\\u00a0<br \\\/><\\\/span><strong><a href=\\\"mailto:contacto@triotraducciones.com\\\">contacto@triotraducciones.com<\\\/a><\\\/strong><\\\/p>\",\"link_target\":true}}]}]},{\"type\":\"column\",\"props\":{\"image_position\":\"center-center\",\"position_sticky_breakpoint\":\"m\",\"width_medium\":\"1-3\"},\"children\":[{\"type\":\"list\",\"props\":{\"column_breakpoint\":\"m\",\"image_align\":\"left\",\"image_svg_color\":\"emphasis\",\"image_vertical_align\":true,\"list_element\":\"ul\",\"list_horizontal_separator\":\", \",\"list_type\":\"vertical\",\"show_image\":true,\"show_link\":true},\"children\":[{\"type\":\"list_item\",\"props\":{\"content\":\"Facebook\",\"link\":\"https:\\\/\\\/www.facebook.com\\\/trio.traducciones\",\"link_target\":true}},{\"type\":\"list_item\",\"props\":{\"content\":\"Linkedin\",\"link\":\"https:\\\/\\\/www.linkedin.com\\\/company\\\/trio-traducciones\",\"link_target\":true}}]}]}]}]},{\"name\":\"Contact\",\"type\":\"section\",\"props\":{\"id\":\"contact\",\"image_position\":\"center-center\",\"padding\":\"small\",\"padding_remove_bottom\":false,\"padding_remove_top\":false,\"style\":\"default\",\"title_breakpoint\":\"xl\",\"title_position\":\"top-left\",\"title_rotation\":\"left\",\"vertical_align\":\"middle\",\"width\":\"default\"},\"children\":[{\"type\":\"row\",\"children\":[{\"type\":\"column\",\"props\":{\"image_position\":\"center-center\",\"position_sticky_breakpoint\":\"m\"}}]}]},{\"name\":\"Contact\",\"type\":\"section\",\"props\":{\"id\":\"contact\",\"image_position\":\"center-center\",\"padding\":\"large\",\"padding_remove_bottom\":false,\"padding_remove_top\":true,\"style\":\"default\",\"title_breakpoint\":\"xl\",\"title_position\":\"top-left\",\"title_rotation\":\"left\",\"vertical_align\":\"middle\",\"width\":\"default\"},\"children\":[{\"type\":\"row\",\"props\":{\"column_gap\":\"large\",\"layout\":\"1-2,1-2\",\"margin\":\"default\",\"margin_remove_top\":false,\"row_gap\":\"large\"},\"children\":[{\"type\":\"column\",\"props\":{\"image_position\":\"center-center\",\"position_sticky_breakpoint\":\"m\",\"width_medium\":\"1-2\"},\"children\":[{\"type\":\"image\",\"props\":{\"container_padding_remove\":false,\"image\":\"wp-content\\\/uploads\\\/2023\\\/05\\\/contacto-4.jpg\",\"image_border\":\"rounded\",\"image_box_decoration\":\"primary\",\"image_svg_color\":\"emphasis\",\"margin\":\"large\",\"margin_remove_bottom\":true,\"text_align\":\"left\"}}]},{\"type\":\"column\",\"props\":{\"image_position\":\"center-center\",\"position_sticky_breakpoint\":\"m\",\"width_medium\":\"1-2\"},\"children\":[{\"type\":\"text\",\"props\":{\"column_breakpoint\":\"m\",\"content\":\"Si vous souhaitez nous poser des questions, obtenir des informations sur les tarifs ou en savoir plus sur tous nos services, remplissez le formulaire suivant et nous vous contacterons. Vous pouvez \\u00e9galement nous contacter via nos coordonn\\u00e9es.\",\"margin\":\"default\",\"text_style\":\"small\"}},{\"type\":\"text\",\"props\":{\"column_breakpoint\":\"m\",\"content\":\"[contact-form-7 id=\\\"2035\\\" title=\\\"FR Formulario de contacto\\\"]\",\"margin\":\"default\",\"text_style\":\"small\"}}]}]}]}],\"version\":\"4.0.7\"} --><\/p>\n","protected":false},"excerpt":{"rendered":"<p>Contactez-nous Contactez-nous T\u00e9l\u00e9phones de contact : \u00a0633 44 11 70 Courriel:\u00a0contacto@triotraducciones.com Facebook Linkedin Si vous souhaitez nous poser des questions, obtenir des informations sur les tarifs ou en savoir plus sur tous nos services, remplissez le formulaire suivant et nous vous contacterons. Vous pouvez \u00e9galement nous contacter via nos coordonn\u00e9es.<\/p>\n","protected":false},"author":1,"featured_media":0,"parent":0,"menu_order":4,"comment_status":"open","ping_status":"closed","template":"","meta":{"footnotes":""},"class_list":["post-1922","page","type-page","status-publish","hentry"],"acf":[],"yoast_head":"<!-- This site is optimized with the Yoast SEO plugin v20.9 - https:\/\/yoast.com\/wordpress\/plugins\/seo\/ -->\n<title>Contactez-nous - Trio Traducciones<\/title>\n<meta name=\"robots\" content=\"index, follow, max-snippet:-1, max-image-preview:large, max-video-preview:-1\" \/>\n<link rel=\"canonical\" href=\"https:\/\/triotraducciones.com\/fr\/contactez-nous\/\" \/>\n<meta property=\"og:locale\" content=\"fr_FR\" \/>\n<meta property=\"og:type\" content=\"article\" \/>\n<meta property=\"og:title\" content=\"Contactez-nous - Trio Traducciones\" \/>\n<meta property=\"og:description\" content=\"Contactez-nous Contactez-nous T\u00e9l\u00e9phones de contact : \u00a0633 44 11 70 Courriel:\u00a0contacto@triotraducciones.com Facebook Linkedin Si vous souhaitez nous poser des questions, obtenir des informations sur les tarifs ou en savoir plus sur tous nos services, remplissez le formulaire suivant et nous vous contacterons. Vous pouvez \u00e9galement nous contacter via nos coordonn\u00e9es.\" \/>\n<meta property=\"og:url\" content=\"https:\/\/triotraducciones.com\/fr\/contactez-nous\/\" \/>\n<meta property=\"og:site_name\" content=\"Trio Traducciones\" \/>\n<meta property=\"article:modified_time\" content=\"2023-06-28T23:34:15+00:00\" \/>\n<meta name=\"twitter:card\" content=\"summary_large_image\" \/>\n<meta name=\"twitter:label1\" content=\"Dur\u00e9e de lecture estim\u00e9e\" \/>\n\t<meta name=\"twitter:data1\" content=\"2 minutes\" \/>\n<script type=\"application\/ld+json\" class=\"yoast-schema-graph\">{\"@context\":\"https:\/\/schema.org\",\"@graph\":[{\"@type\":\"WebPage\",\"@id\":\"https:\/\/triotraducciones.com\/fr\/contactez-nous\/\",\"url\":\"https:\/\/triotraducciones.com\/fr\/contactez-nous\/\",\"name\":\"Contactez-nous - Trio Traducciones\",\"isPartOf\":{\"@id\":\"https:\/\/triotraducciones.com\/#website\"},\"datePublished\":\"2023-05-12T20:53:15+00:00\",\"dateModified\":\"2023-06-28T23:34:15+00:00\",\"breadcrumb\":{\"@id\":\"https:\/\/triotraducciones.com\/fr\/contactez-nous\/#breadcrumb\"},\"inLanguage\":\"fr-FR\",\"potentialAction\":[{\"@type\":\"ReadAction\",\"target\":[\"https:\/\/triotraducciones.com\/fr\/contactez-nous\/\"]}]},{\"@type\":\"BreadcrumbList\",\"@id\":\"https:\/\/triotraducciones.com\/fr\/contactez-nous\/#breadcrumb\",\"itemListElement\":[{\"@type\":\"ListItem\",\"position\":1,\"name\":\"Portada\",\"item\":\"https:\/\/triotraducciones.com\/fr\/\"},{\"@type\":\"ListItem\",\"position\":2,\"name\":\"Contactez-nous\"}]},{\"@type\":\"WebSite\",\"@id\":\"https:\/\/triotraducciones.com\/#website\",\"url\":\"https:\/\/triotraducciones.com\/\",\"name\":\"Trio Traducciones\",\"description\":\"\",\"potentialAction\":[{\"@type\":\"SearchAction\",\"target\":{\"@type\":\"EntryPoint\",\"urlTemplate\":\"https:\/\/triotraducciones.com\/?s={search_term_string}\"},\"query-input\":\"required name=search_term_string\"}],\"inLanguage\":\"fr-FR\"}]}<\/script>\n<!-- \/ Yoast SEO plugin. -->","yoast_head_json":{"title":"Contactez-nous - Trio Traducciones","robots":{"index":"index","follow":"follow","max-snippet":"max-snippet:-1","max-image-preview":"max-image-preview:large","max-video-preview":"max-video-preview:-1"},"canonical":"https:\/\/triotraducciones.com\/fr\/contactez-nous\/","og_locale":"fr_FR","og_type":"article","og_title":"Contactez-nous - Trio Traducciones","og_description":"Contactez-nous Contactez-nous T\u00e9l\u00e9phones de contact : \u00a0633 44 11 70 Courriel:\u00a0contacto@triotraducciones.com Facebook Linkedin Si vous souhaitez nous poser des questions, obtenir des informations sur les tarifs ou en savoir plus sur tous nos services, remplissez le formulaire suivant et nous vous contacterons. Vous pouvez \u00e9galement nous contacter via nos coordonn\u00e9es.","og_url":"https:\/\/triotraducciones.com\/fr\/contactez-nous\/","og_site_name":"Trio Traducciones","article_modified_time":"2023-06-28T23:34:15+00:00","twitter_card":"summary_large_image","twitter_misc":{"Dur\u00e9e de lecture estim\u00e9e":"2 minutes"},"schema":{"@context":"https:\/\/schema.org","@graph":[{"@type":"WebPage","@id":"https:\/\/triotraducciones.com\/fr\/contactez-nous\/","url":"https:\/\/triotraducciones.com\/fr\/contactez-nous\/","name":"Contactez-nous - Trio Traducciones","isPartOf":{"@id":"https:\/\/triotraducciones.com\/#website"},"datePublished":"2023-05-12T20:53:15+00:00","dateModified":"2023-06-28T23:34:15+00:00","breadcrumb":{"@id":"https:\/\/triotraducciones.com\/fr\/contactez-nous\/#breadcrumb"},"inLanguage":"fr-FR","potentialAction":[{"@type":"ReadAction","target":["https:\/\/triotraducciones.com\/fr\/contactez-nous\/"]}]},{"@type":"BreadcrumbList","@id":"https:\/\/triotraducciones.com\/fr\/contactez-nous\/#breadcrumb","itemListElement":[{"@type":"ListItem","position":1,"name":"Portada","item":"https:\/\/triotraducciones.com\/fr\/"},{"@type":"ListItem","position":2,"name":"Contactez-nous"}]},{"@type":"WebSite","@id":"https:\/\/triotraducciones.com\/#website","url":"https:\/\/triotraducciones.com\/","name":"Trio Traducciones","description":"","potentialAction":[{"@type":"SearchAction","target":{"@type":"EntryPoint","urlTemplate":"https:\/\/triotraducciones.com\/?s={search_term_string}"},"query-input":"required name=search_term_string"}],"inLanguage":"fr-FR"}]}},"_links":{"self":[{"href":"https:\/\/triotraducciones.com\/fr\/wp-json\/wp\/v2\/pages\/1922","targetHints":{"allow":["GET"]}}],"collection":[{"href":"https:\/\/triotraducciones.com\/fr\/wp-json\/wp\/v2\/pages"}],"about":[{"href":"https:\/\/triotraducciones.com\/fr\/wp-json\/wp\/v2\/types\/page"}],"author":[{"embeddable":true,"href":"https:\/\/triotraducciones.com\/fr\/wp-json\/wp\/v2\/users\/1"}],"replies":[{"embeddable":true,"href":"https:\/\/triotraducciones.com\/fr\/wp-json\/wp\/v2\/comments?post=1922"}],"version-history":[{"count":3,"href":"https:\/\/triotraducciones.com\/fr\/wp-json\/wp\/v2\/pages\/1922\/revisions"}],"predecessor-version":[{"id":2046,"href":"https:\/\/triotraducciones.com\/fr\/wp-json\/wp\/v2\/pages\/1922\/revisions\/2046"}],"wp:attachment":[{"href":"https:\/\/triotraducciones.com\/fr\/wp-json\/wp\/v2\/media?parent=1922"}],"curies":[{"name":"wp","href":"https:\/\/api.w.org\/{rel}","templated":true}]}}