{"id":1924,"date":"2023-05-13T02:54:24","date_gmt":"2023-05-13T02:54:24","guid":{"rendered":"https:\/\/triotraducciones.com\/interpretacion\/"},"modified":"2023-07-10T16:47:13","modified_gmt":"2023-07-10T16:47:13","slug":"interpretation","status":"publish","type":"page","link":"https:\/\/triotraducciones.com\/fr\/interpretation\/","title":{"rendered":"Interpr\u00e9tation"},"content":{"rendered":"<h1>\n<p>Les meilleures interpr\u00e8tes<\/p>\n<\/h1>\n<p><img decoding=\"async\" src=\"\/wp-content\/uploads\/yootheme\/features-hero-scroll-down.svg\" alt=\"\"><\/p>\n<ul>\n<li>\n        <a href=\"\/fr\/devis\/\">Demandez votre devis<\/a>\n    <\/li>\n<li>\n        <a href=\"\/fr\/contactez-nous\/\">Contactez-nous<\/a>\n    <\/li>\n<\/ul>\n<h2>Interpr\u00e9tation<\/h2>\n<ul>\n<li>\n<p>        <img decoding=\"async\" src=\"\/wp-content\/uploads\/yootheme\/home-pricing-check.svg\" alt=\"\"><\/p>\n<h2>Avez-vous besoin d\u2019un interpr\u00e8te?<\/h2>\n<div>Congr\u00e8s, \u00e9v\u00e9nements corporatifs, communications, conf\u00e9rences, r\u00e9unions, n\u00e9gociations, visites guid\u00e9es, etc. Nous offrons des services de traduction avec des interpr\u00e8tes professionnels de toutes les langues pour votre \u00e9v\u00e9nement.<\/div>\n<\/li>\n<li>\n<p>        <img decoding=\"async\" src=\"\/wp-content\/uploads\/yootheme\/home-pricing-check.svg\" alt=\"\"><\/p>\n<h2>Interpr\u00e8tes professionnels et experts<\/h2>\n<div>Nous collaborons avec les meilleurs interpr\u00e8tes de conf\u00e9rences, les plus professionnels, hautement qualifi\u00e9s et avec une vaste exp\u00e9rience prouv\u00e9e. Tous nos interpr\u00e8tes se consacrent \u00e0 l\u2019interpr\u00e9tation depuis longtemps, et cette exp\u00e9rience est ce qui les fait capables de s\u2019adapter aux besoins du client \u00e0 chaque occasion et de traduire de fa\u00e7on fluide pour que l\u2019interpr\u00e9tation soit \u00e0 succ\u00e8s.<\/div>\n<\/li>\n<li>\n<p>        <img decoding=\"async\" src=\"\/wp-content\/uploads\/yootheme\/home-pricing-check.svg\" alt=\"\"><\/p>\n<h2>S\u00e9lection des interpr\u00e8tes parfaits pour l\u2019occasion<\/h2>\n<div>On s\u00e9lectionne les interpr\u00e8tes en fonction du sujet \u00e0 traiter, de fa\u00e7on que soient envoy\u00e9s ceux qui soient sp\u00e9cialis\u00e9s et familiaris\u00e9s avec la terminologie sp\u00e9cifique (m\u00eame si de toute fa\u00e7on ils se pr\u00e9parent toujours le sujet \u00e0 l\u2019avance). Interpr\u00e8tes sp\u00e9cialis\u00e9s aux sujets de m\u00e9decine, pharmacie, biologie, informatique, n\u00e9goces, information financi\u00e8re, marketing, etc.<\/div>\n<\/li>\n<li>\n<p>        <img decoding=\"async\" src=\"\/wp-content\/uploads\/yootheme\/home-pricing-check.svg\" alt=\"\"><\/p>\n<h2>Mat\u00e9riel technique<\/h2>\n<div>Si l\u2019interpr\u00e9tation le requiert, nous offrons la location des \u00e9quipes audiovisuelles n\u00e9cessaires (cabines, r\u00e9cepteurs, microphones, \u00e9crans, etc.), et nous envoyons le personnel technique qui s\u2019occupera de l\u2019installation de l\u2019\u00e9quipe et de la supervision pour que tout fonctionne correctement pendant l\u2019\u00e9v\u00e8nement.<\/div>\n<\/li>\n<\/ul>\n<ul>\n<li>\n<p>        <img decoding=\"async\" src=\"\/wp-content\/uploads\/2023\/05\/enlace-1.jpg\" alt=\"\"><\/p>\n<h3>INTERPR\u00c9TATION DE LIAISON<\/h3>\n<div>L\u2019interpr\u00e8te agit d\u2019 \u00ab interm\u00e9diaire \u00bb entre deux personnes ou groupes, en traduisant. Ce type d\u2019interpr\u00e9tation cadre dans des groupes tr\u00e8s r\u00e9duits (r\u00e9unions, visites d\u2019entreprise, visites touristiques, n\u00e9gociations, foires, etc.).<\/div>\n<\/li>\n<li>\n<p>        <img decoding=\"async\" src=\"\/wp-content\/uploads\/2023\/05\/simultanea-1.jpg\" alt=\"\"><\/p>\n<h3>INTERPR\u00c9TATION SIMULTAN\u00c9E<\/h3>\n<div>L\u2019interpr\u00e9tation simultan\u00e9e est la plus appropri\u00e9e pour des grands \u00e9v\u00e9nements, conf\u00e9rences avec assistants de diff\u00e9rentes nationalit\u00e9s. L\u2019interpr\u00e8te, dans une cabine insonoris\u00e9e, \u00e9coute les interventions des orateurs et les traduit en temps r\u00e9el \u00e0 une autre langue pour les interlocuteurs qui \u00e9coutent \u00e0 travers des r\u00e9cepteurs. S\u2019il y a plusieurs langues, doivent \u00eatre install\u00e9es plusieurs cabines. Nous pouvons nous occuper du mat\u00e9riel technique (cabines, microphones, r\u00e9cepteurs, etc.).<\/div>\n<\/li>\n<li>\n<p>        <img decoding=\"async\" src=\"\/wp-content\/uploads\/2023\/05\/consecutivo-1.jpg\" alt=\"\"><\/p>\n<h3>INTERPR\u00c9TATION CONS\u00c9CUTIVE<\/h3>\n<div>Dans l\u2019interpr\u00e9tation cons\u00e9cutive, lorsque l\u2019orateur parle, l\u00b4interpr\u00e8te prend des notes de son intervention et les traduit apr\u00e8s. Ce type d\u2019interpr\u00e9tation est pratique pour des groupes relativement r\u00e9duits, ou des r\u00e9unions br\u00e8ves, discours, conf\u00e9rences courtes, de presse, etc.<\/div>\n<\/li>\n<li>\n<p>        <img decoding=\"async\" src=\"\/wp-content\/uploads\/2023\/05\/telefonica-1.jpg\" alt=\"\"><\/p>\n<h3>INTERPR\u00c9TATION T\u00c9L\u00c9PHONIQUE<\/h3>\n<div>Est r\u00e9alis\u00e9e par t\u00e9l\u00e9phone, via un appel \u00e0 3 voies.<\/div>\n<\/li>\n<\/ul>\n<p><!--more--><br \/>\n<!-- {\"name\":\"Company\",\"type\":\"layout\",\"children\":[{\"name\":\"Hero\",\"type\":\"section\",\"props\":{\"animation\":\"fade\",\"animation_delay\":\"200\",\"header_transparent\":\"light\",\"header_transparent_noplaceholder\":true,\"height\":\"percent\",\"image\":\"wp-content\\\/uploads\\\/2023\\\/05\\\/trio.jpg\",\"image_loading\":true,\"image_position\":\"center-center\",\"image_size\":\"cover\",\"media_overlay\":\"rgba(51, 60, 68, 0.7)\",\"overlap\":true,\"padding_remove_top\":false,\"style\":\"primary\",\"text_color\":\"light\",\"title_breakpoint\":\"xl\",\"title_position\":\"top-left\",\"title_rotation\":\"left\",\"vertical_align\":\"middle\",\"width\":\"default\"},\"children\":[{\"type\":\"row\",\"props\":{\"layout\":\"1-2,1-2\"},\"children\":[{\"type\":\"column\",\"props\":{\"image_position\":\"center-center\",\"position_sticky_breakpoint\":\"m\",\"width_medium\":\"1-2\"},\"children\":[{\"type\":\"headline\",\"props\":{\"content\":\"\n\n<p>Les meilleures interpr\\u00e8tes<\\\/p>\",\"text_align_breakpoint\":\"m\",\"text_align_fallback\":\"center\",\"title_element\":\"h1\",\"title_style\":\"heading-medium\"}},{\"type\":\"image\",\"props\":{\"image\":\"wp-content\\\/uploads\\\/yootheme\\\/features-hero-scroll-down.svg\",\"image_loading\":false,\"image_svg_animate\":false,\"image_svg_color\":\"primary\",\"image_svg_inline\":true,\"margin\":\"default\",\"visibility\":\"l\"}}]},{\"type\":\"column\",\"props\":{\"image_position\":\"center-center\",\"position_sticky_breakpoint\":\"m\",\"vertical_align\":\"middle\",\"width_medium\":\"1-2\"},\"children\":[{\"type\":\"button\",\"props\":{\"grid_column_gap\":\"small\",\"grid_row_gap\":\"small\",\"margin\":\"small\",\"margin_remove_bottom\":true,\"margin_remove_top\":false,\"text_align\":\"center\",\"text_align_breakpoint\":\"m\",\"text_align_fallback\":\"center\"},\"children\":[{\"type\":\"button_item\",\"props\":{\"button_style\":\"default\",\"content\":\"Demandez votre devis\",\"icon\":\"\",\"icon_align\":\"left\",\"link\":\"fr\\\/devis\\\/\",\"link_target\":\"blank\"}},{\"type\":\"button_item\",\"props\":{\"button_style\":\"primary\",\"content\":\"Contactez-nous\",\"icon\":\"\",\"icon_align\":\"left\",\"link\":\"fr\\\/contactez-nous\\\/\",\"link_target\":\"blank\"}}]}]}]}]},{\"name\":\"Call to Action\",\"type\":\"section\",\"props\":{\"animation_delay\":\"200\",\"image_effect\":\"parallax\",\"image_parallax_bgy\":\"50,-200\",\"image_parallax_easing\":\"1\",\"image_position\":\"top-center\",\"padding\":\"large\",\"padding_remove_bottom\":false,\"padding_remove_top\":false,\"style\":\"default\",\"title_breakpoint\":\"xl\",\"title_position\":\"top-left\",\"title_rotation\":\"left\",\"vertical_align\":\"middle\",\"width\":\"default\"},\"children\":[{\"type\":\"row\",\"children\":[{\"type\":\"column\",\"props\":{\"image_position\":\"center-center\",\"position_sticky_breakpoint\":\"m\"},\"children\":[{\"type\":\"headline\",\"props\":{\"content\":\"Interpr\\u00e9tation\",\"title_color\":\"primary\",\"title_element\":\"h2\",\"title_style\":\"h1\"}}]}]},{\"type\":\"row\",\"props\":{\"margin\":\"medium\"},\"children\":[{\"type\":\"column\",\"props\":{\"image_position\":\"center-center\",\"position_sticky_breakpoint\":\"m\",\"width_medium\":\"1-1\"},\"children\":[{\"type\":\"grid\",\"props\":{\"content_column_breakpoint\":\"m\",\"filter_align\":\"left\",\"filter_all\":true,\"filter_grid_breakpoint\":\"m\",\"filter_grid_width\":\"auto\",\"filter_position\":\"top\",\"filter_style\":\"tab\",\"grid_column_gap\":\"large\",\"grid_default\":\"1\",\"grid_medium\":\"2\",\"grid_row_gap\":\"large\",\"icon_width\":80,\"image_align\":\"left\",\"image_grid_breakpoint\":\"m\",\"image_grid_column_gap\":\"medium\",\"image_grid_row_gap\":\"medium\",\"image_grid_width\":\"auto\",\"image_height\":\"42\",\"image_svg_color\":\"primary\",\"image_svg_inline\":true,\"image_width\":\"42\",\"item_animation\":true,\"item_maxwidth\":\"xlarge\",\"link_style\":\"default\",\"link_text\":\"Read more\",\"margin\":\"default\",\"meta_align\":\"below-title\",\"meta_element\":\"div\",\"meta_style\":\"text-meta\",\"show_content\":true,\"show_image\":true,\"show_link\":true,\"show_meta\":true,\"show_title\":true,\"title_align\":\"top\",\"title_color\":\"primary\",\"title_element\":\"h2\",\"title_grid_breakpoint\":\"m\",\"title_grid_width\":\"1-2\",\"title_hover_style\":\"reset\"},\"children\":[{\"type\":\"grid_item\",\"props\":{\"content\":\"Congr\\u00e8s, \\u00e9v\\u00e9nements corporatifs, communications, conf\\u00e9rences, r\\u00e9unions, n\\u00e9gociations, visites guid\\u00e9es, etc. Nous offrons des services de traduction avec des interpr\\u00e8tes professionnels de toutes les langues pour votre \\u00e9v\\u00e9nement.\",\"image\":\"wp-content\\\/uploads\\\/yootheme\\\/home-pricing-check.svg\",\"title\":\"Avez-vous besoin d\\u2019un interpr\\u00e8te?\"}},{\"type\":\"grid_item\",\"props\":{\"content\":\"Nous collaborons avec les meilleurs interpr\\u00e8tes de conf\\u00e9rences, les plus professionnels, hautement qualifi\\u00e9s et avec une vaste exp\\u00e9rience prouv\\u00e9e. Tous nos interpr\\u00e8tes se consacrent \\u00e0 l\\u2019interpr\\u00e9tation depuis longtemps, et cette exp\\u00e9rience est ce qui les fait capables de s\\u2019adapter aux besoins du client \\u00e0 chaque occasion et de traduire de fa\\u00e7on fluide pour que l\\u2019interpr\\u00e9tation soit \\u00e0 succ\\u00e8s.\",\"image\":\"wp-content\\\/uploads\\\/yootheme\\\/home-pricing-check.svg\",\"title\":\"Interpr\\u00e8tes professionnels et experts\"}},{\"type\":\"grid_item\",\"props\":{\"content\":\"On s\\u00e9lectionne les interpr\\u00e8tes en fonction du sujet \\u00e0 traiter, de fa\\u00e7on que soient envoy\\u00e9s ceux qui soient sp\\u00e9cialis\\u00e9s et familiaris\\u00e9s avec la terminologie sp\\u00e9cifique (m\\u00eame si de toute fa\\u00e7on ils se pr\\u00e9parent toujours le sujet \\u00e0 l\\u2019avance). Interpr\\u00e8tes sp\\u00e9cialis\\u00e9s aux sujets de m\\u00e9decine, pharmacie, biologie, informatique, n\\u00e9goces, information financi\\u00e8re, marketing, etc.\",\"image\":\"wp-content\\\/uploads\\\/yootheme\\\/home-pricing-check.svg\",\"title\":\"S\\u00e9lection des interpr\\u00e8tes parfaits pour l\\u2019occasion\"}},{\"type\":\"grid_item\",\"props\":{\"content\":\"Si l\\u2019interpr\\u00e9tation le requiert, nous offrons la location des \\u00e9quipes audiovisuelles n\\u00e9cessaires (cabines, r\\u00e9cepteurs, microphones, \\u00e9crans, etc.), et nous envoyons le personnel technique qui s\\u2019occupera de l\\u2019installation de l\\u2019\\u00e9quipe et de la supervision pour que tout fonctionne correctement pendant l\\u2019\\u00e9v\\u00e8nement.\",\"image\":\"wp-content\\\/uploads\\\/yootheme\\\/home-pricing-check.svg\",\"title\":\"Mat\\u00e9riel technique\"}}]}]}]}]},{\"name\":\"Call to Action\",\"type\":\"section\",\"props\":{\"animation_delay\":\"200\",\"image_effect\":\"parallax\",\"image_parallax_bgy\":\"50,-200\",\"image_parallax_easing\":\"1\",\"image_position\":\"top-center\",\"padding_remove_bottom\":false,\"padding_remove_top\":false,\"style\":\"default\",\"title_breakpoint\":\"xl\",\"title_position\":\"top-left\",\"title_rotation\":\"left\",\"vertical_align\":\"middle\",\"width\":\"default\"},\"children\":[{\"type\":\"row\",\"props\":{\"margin\":\"xlarge\"},\"children\":[{\"type\":\"column\",\"props\":{\"image_position\":\"center-center\",\"position_sticky_breakpoint\":\"m\",\"width_medium\":\"1-1\"},\"children\":[{\"type\":\"grid\",\"props\":{\"content_column_breakpoint\":\"m\",\"filter_align\":\"left\",\"filter_all\":true,\"filter_grid_breakpoint\":\"m\",\"filter_grid_width\":\"auto\",\"filter_position\":\"top\",\"filter_style\":\"tab\",\"grid_column_align\":false,\"grid_column_gap\":\"large\",\"grid_default\":\"1\",\"grid_divider\":false,\"grid_medium\":\"2\",\"grid_small\":\"2\",\"icon_width\":80,\"image_align\":\"top\",\"image_grid_breakpoint\":\"m\",\"image_grid_width\":\"1-2\",\"image_link\":false,\"image_svg_color\":\"emphasis\",\"item_animation\":true,\"link_style\":\"default\",\"link_text\":\"\",\"margin\":\"default\",\"meta_align\":\"below-title\",\"meta_element\":\"div\",\"meta_margin\":\"small\",\"meta_style\":\"text-meta\",\"panel_image_no_padding\":true,\"panel_link\":true,\"panel_padding\":\"default\",\"panel_style\":\"card-default\",\"show_content\":true,\"show_image\":true,\"show_link\":true,\"show_meta\":true,\"show_title\":true,\"title_align\":\"top\",\"title_color\":\"primary\",\"title_element\":\"h3\",\"title_grid_breakpoint\":\"m\",\"title_grid_width\":\"1-2\",\"title_hover_style\":\"reset\",\"title_style\":\"h4\"},\"children\":[{\"type\":\"grid_item\",\"props\":{\"content\":\"L\\u2019interpr\\u00e8te agit d\\u2019 \\u00ab interm\\u00e9diaire \\u00bb entre deux personnes ou groupes, en traduisant. Ce type d\\u2019interpr\\u00e9tation cadre dans des groupes tr\\u00e8s r\\u00e9duits (r\\u00e9unions, visites d\\u2019entreprise, visites touristiques, n\\u00e9gociations, foires, etc.).\",\"image\":\"wp-content\\\/uploads\\\/2023\\\/05\\\/enlace-1.jpg\",\"meta\":\"\",\"title\":\"INTERPR\\u00c9TATION DE LIAISON\"}},{\"type\":\"grid_item\",\"props\":{\"content\":\"L\\u2019interpr\\u00e9tation simultan\\u00e9e est la plus appropri\\u00e9e pour des grands \\u00e9v\\u00e9nements, conf\\u00e9rences avec assistants de diff\\u00e9rentes nationalit\\u00e9s. L\\u2019interpr\\u00e8te, dans une cabine insonoris\\u00e9e, \\u00e9coute les interventions des orateurs et les traduit en temps r\\u00e9el \\u00e0 une autre langue pour les interlocuteurs qui \\u00e9coutent \\u00e0 travers des r\\u00e9cepteurs. S\\u2019il y a plusieurs langues, doivent \\u00eatre install\\u00e9es plusieurs cabines. Nous pouvons nous occuper du mat\\u00e9riel technique (cabines, microphones, r\\u00e9cepteurs, etc.).\",\"image\":\"wp-content\\\/uploads\\\/2023\\\/05\\\/simultanea-1.jpg\",\"title\":\"INTERPR\\u00c9TATION SIMULTAN\\u00c9E\"}},{\"type\":\"grid_item\",\"props\":{\"content\":\"Dans l\\u2019interpr\\u00e9tation cons\\u00e9cutive, lorsque l\\u2019orateur parle, l\\u00b4interpr\\u00e8te prend des notes de son intervention et les traduit apr\\u00e8s. Ce type d\\u2019interpr\\u00e9tation est pratique pour des groupes relativement r\\u00e9duits, ou des r\\u00e9unions br\\u00e8ves, discours, conf\\u00e9rences courtes, de presse, etc.\",\"image\":\"wp-content\\\/uploads\\\/2023\\\/05\\\/consecutivo-1.jpg\",\"title\":\"INTERPR\\u00c9TATION CONS\\u00c9CUTIVE\"}},{\"type\":\"grid_item\",\"props\":{\"content\":\"Est r\\u00e9alis\\u00e9e par t\\u00e9l\\u00e9phone, via un appel \\u00e0 3 voies.\",\"image\":\"wp-content\\\/uploads\\\/2023\\\/05\\\/telefonica-1.jpg\",\"title\":\"INTERPR\\u00c9TATION T\\u00c9L\\u00c9PHONIQUE\"}}]}]}]}]}],\"version\":\"4.0.7\"} --><\/p>\n","protected":false},"excerpt":{"rendered":"<p>Les meilleures interpr\u00e8tes Demandez votre devis Contactez-nous Interpr\u00e9tation Avez-vous besoin d\u2019un interpr\u00e8te? Congr\u00e8s, \u00e9v\u00e9nements corporatifs, communications, conf\u00e9rences, r\u00e9unions, n\u00e9gociations, visites guid\u00e9es, etc. Nous offrons des services de traduction avec des interpr\u00e8tes professionnels de toutes les langues pour votre \u00e9v\u00e9nement. Interpr\u00e8tes professionnels et experts Nous collaborons avec les meilleurs interpr\u00e8tes de conf\u00e9rences, les plus professionnels, hautement [&hellip;]<\/p>\n","protected":false},"author":1,"featured_media":0,"parent":0,"menu_order":4,"comment_status":"open","ping_status":"closed","template":"","meta":{"footnotes":""},"class_list":["post-1924","page","type-page","status-publish","hentry"],"acf":[],"yoast_head":"<!-- This site is optimized with the Yoast SEO plugin v20.9 - https:\/\/yoast.com\/wordpress\/plugins\/seo\/ -->\n<title>Interpr\u00e9tation - Trio Traducciones<\/title>\n<meta name=\"robots\" content=\"index, follow, max-snippet:-1, max-image-preview:large, max-video-preview:-1\" \/>\n<link rel=\"canonical\" href=\"https:\/\/triotraducciones.com\/fr\/interpretation\/\" \/>\n<meta property=\"og:locale\" content=\"fr_FR\" \/>\n<meta property=\"og:type\" content=\"article\" \/>\n<meta property=\"og:title\" content=\"Interpr\u00e9tation - Trio Traducciones\" \/>\n<meta property=\"og:description\" content=\"Les meilleures interpr\u00e8tes Demandez votre devis Contactez-nous Interpr\u00e9tation Avez-vous besoin d\u2019un interpr\u00e8te? Congr\u00e8s, \u00e9v\u00e9nements corporatifs, communications, conf\u00e9rences, r\u00e9unions, n\u00e9gociations, visites guid\u00e9es, etc. Nous offrons des services de traduction avec des interpr\u00e8tes professionnels de toutes les langues pour votre \u00e9v\u00e9nement. Interpr\u00e8tes professionnels et experts Nous collaborons avec les meilleurs interpr\u00e8tes de conf\u00e9rences, les plus professionnels, hautement [&hellip;]\" \/>\n<meta property=\"og:url\" content=\"https:\/\/triotraducciones.com\/fr\/interpretation\/\" \/>\n<meta property=\"og:site_name\" content=\"Trio Traducciones\" \/>\n<meta property=\"article:modified_time\" content=\"2023-07-10T16:47:13+00:00\" \/>\n<meta name=\"twitter:card\" content=\"summary_large_image\" \/>\n<meta name=\"twitter:label1\" content=\"Dur\u00e9e de lecture estim\u00e9e\" \/>\n\t<meta name=\"twitter:data1\" content=\"6 minutes\" \/>\n<script type=\"application\/ld+json\" class=\"yoast-schema-graph\">{\"@context\":\"https:\/\/schema.org\",\"@graph\":[{\"@type\":\"WebPage\",\"@id\":\"https:\/\/triotraducciones.com\/fr\/interpretation\/\",\"url\":\"https:\/\/triotraducciones.com\/fr\/interpretation\/\",\"name\":\"Interpr\u00e9tation - Trio Traducciones\",\"isPartOf\":{\"@id\":\"https:\/\/triotraducciones.com\/#website\"},\"datePublished\":\"2023-05-13T02:54:24+00:00\",\"dateModified\":\"2023-07-10T16:47:13+00:00\",\"breadcrumb\":{\"@id\":\"https:\/\/triotraducciones.com\/fr\/interpretation\/#breadcrumb\"},\"inLanguage\":\"fr-FR\",\"potentialAction\":[{\"@type\":\"ReadAction\",\"target\":[\"https:\/\/triotraducciones.com\/fr\/interpretation\/\"]}]},{\"@type\":\"BreadcrumbList\",\"@id\":\"https:\/\/triotraducciones.com\/fr\/interpretation\/#breadcrumb\",\"itemListElement\":[{\"@type\":\"ListItem\",\"position\":1,\"name\":\"Portada\",\"item\":\"https:\/\/triotraducciones.com\/fr\/\"},{\"@type\":\"ListItem\",\"position\":2,\"name\":\"Interpr\u00e9tation\"}]},{\"@type\":\"WebSite\",\"@id\":\"https:\/\/triotraducciones.com\/#website\",\"url\":\"https:\/\/triotraducciones.com\/\",\"name\":\"Trio Traducciones\",\"description\":\"\",\"potentialAction\":[{\"@type\":\"SearchAction\",\"target\":{\"@type\":\"EntryPoint\",\"urlTemplate\":\"https:\/\/triotraducciones.com\/?s={search_term_string}\"},\"query-input\":\"required name=search_term_string\"}],\"inLanguage\":\"fr-FR\"}]}<\/script>\n<!-- \/ Yoast SEO plugin. -->","yoast_head_json":{"title":"Interpr\u00e9tation - Trio Traducciones","robots":{"index":"index","follow":"follow","max-snippet":"max-snippet:-1","max-image-preview":"max-image-preview:large","max-video-preview":"max-video-preview:-1"},"canonical":"https:\/\/triotraducciones.com\/fr\/interpretation\/","og_locale":"fr_FR","og_type":"article","og_title":"Interpr\u00e9tation - Trio Traducciones","og_description":"Les meilleures interpr\u00e8tes Demandez votre devis Contactez-nous Interpr\u00e9tation Avez-vous besoin d\u2019un interpr\u00e8te? Congr\u00e8s, \u00e9v\u00e9nements corporatifs, communications, conf\u00e9rences, r\u00e9unions, n\u00e9gociations, visites guid\u00e9es, etc. Nous offrons des services de traduction avec des interpr\u00e8tes professionnels de toutes les langues pour votre \u00e9v\u00e9nement. Interpr\u00e8tes professionnels et experts Nous collaborons avec les meilleurs interpr\u00e8tes de conf\u00e9rences, les plus professionnels, hautement [&hellip;]","og_url":"https:\/\/triotraducciones.com\/fr\/interpretation\/","og_site_name":"Trio Traducciones","article_modified_time":"2023-07-10T16:47:13+00:00","twitter_card":"summary_large_image","twitter_misc":{"Dur\u00e9e de lecture estim\u00e9e":"6 minutes"},"schema":{"@context":"https:\/\/schema.org","@graph":[{"@type":"WebPage","@id":"https:\/\/triotraducciones.com\/fr\/interpretation\/","url":"https:\/\/triotraducciones.com\/fr\/interpretation\/","name":"Interpr\u00e9tation - Trio Traducciones","isPartOf":{"@id":"https:\/\/triotraducciones.com\/#website"},"datePublished":"2023-05-13T02:54:24+00:00","dateModified":"2023-07-10T16:47:13+00:00","breadcrumb":{"@id":"https:\/\/triotraducciones.com\/fr\/interpretation\/#breadcrumb"},"inLanguage":"fr-FR","potentialAction":[{"@type":"ReadAction","target":["https:\/\/triotraducciones.com\/fr\/interpretation\/"]}]},{"@type":"BreadcrumbList","@id":"https:\/\/triotraducciones.com\/fr\/interpretation\/#breadcrumb","itemListElement":[{"@type":"ListItem","position":1,"name":"Portada","item":"https:\/\/triotraducciones.com\/fr\/"},{"@type":"ListItem","position":2,"name":"Interpr\u00e9tation"}]},{"@type":"WebSite","@id":"https:\/\/triotraducciones.com\/#website","url":"https:\/\/triotraducciones.com\/","name":"Trio Traducciones","description":"","potentialAction":[{"@type":"SearchAction","target":{"@type":"EntryPoint","urlTemplate":"https:\/\/triotraducciones.com\/?s={search_term_string}"},"query-input":"required name=search_term_string"}],"inLanguage":"fr-FR"}]}},"_links":{"self":[{"href":"https:\/\/triotraducciones.com\/fr\/wp-json\/wp\/v2\/pages\/1924","targetHints":{"allow":["GET"]}}],"collection":[{"href":"https:\/\/triotraducciones.com\/fr\/wp-json\/wp\/v2\/pages"}],"about":[{"href":"https:\/\/triotraducciones.com\/fr\/wp-json\/wp\/v2\/types\/page"}],"author":[{"embeddable":true,"href":"https:\/\/triotraducciones.com\/fr\/wp-json\/wp\/v2\/users\/1"}],"replies":[{"embeddable":true,"href":"https:\/\/triotraducciones.com\/fr\/wp-json\/wp\/v2\/comments?post=1924"}],"version-history":[{"count":6,"href":"https:\/\/triotraducciones.com\/fr\/wp-json\/wp\/v2\/pages\/1924\/revisions"}],"predecessor-version":[{"id":2170,"href":"https:\/\/triotraducciones.com\/fr\/wp-json\/wp\/v2\/pages\/1924\/revisions\/2170"}],"wp:attachment":[{"href":"https:\/\/triotraducciones.com\/fr\/wp-json\/wp\/v2\/media?parent=1924"}],"curies":[{"name":"wp","href":"https:\/\/api.w.org\/{rel}","templated":true}]}}